{"id":4433,"date":"2025-02-23T13:56:35","date_gmt":"2025-02-23T11:56:35","guid":{"rendered":"https:\/\/steriale.com\/product\/contentor-para-residuos-solidos-steriale-60-litros\/"},"modified":"2025-02-24T22:04:51","modified_gmt":"2025-02-24T20:04:51","slug":"contentor-para-residuos-solidos-steriale-60-litros","status":"publish","type":"product","link":"https:\/\/steriale.com\/pt-br\/produtos\/contentor-para-residuos-solidos-steriale-60-litros\/","title":{"rendered":"Contentor para res\u00edduos s\u00f3lidos Steriale 60 litros"},"content":{"rendered":"\t\t<div data-elementor-type=\"product-post\" data-elementor-id=\"4433\" class=\"elementor elementor-4433 elementor-3381\" data-elementor-post-type=\"product\">\n\t\t\t\t<main class=\"elementor-element elementor-element-8796e50 e-flex e-con-boxed e-con e-parent\" data-id=\"8796e50\" data-element_type=\"container\">\n\t\t\t\t\t<div class=\"e-con-inner\">\n\t\t<div class=\"elementor-element elementor-element-af8983d e-con-full e-flex e-con e-child\" data-id=\"af8983d\" data-element_type=\"container\">\n\t\t<div class=\"elementor-element elementor-element-c7b113d e-con-full e-flex e-con e-child\" data-id=\"c7b113d\" data-element_type=\"container\">\n\t\t\t\t<div class=\"elementor-element elementor-element-597b986 elementor-widget elementor-widget-heading\" data-id=\"597b986\" data-element_type=\"widget\" data-widget_type=\"heading.default\">\n\t\t\t\t<div class=\"elementor-widget-container\">\n\t\t\t\t\t<h2 class=\"elementor-heading-title elementor-size-default\">Apresenta\u00e7\u00e3o<\/h2>\t\t\t\t<\/div>\n\t\t\t\t<\/div>\n\t\t\t\t<div class=\"elementor-element elementor-element-172e991 elementor-widget elementor-widget-text-editor\" data-id=\"172e991\" data-element_type=\"widget\" data-widget_type=\"text-editor.default\">\n\t\t\t\t<div class=\"elementor-widget-container\">\n\t\t\t\t\t\t\t\t\t<div class=\"oe_structure\" data-oe-xpath=\"\/t[1]\/t[4]\/div[1]\/section[1]\/div[2]\/div[2]\/div[1]\" data-oe-model=\"product.template\" data-oe-id=\"37\" data-oe-field=\"description_ecommerce\" data-oe-type=\"html\" data-oe-expression=\"product.description_ecommerce\"><p>O contentor Steriale para res\u00edduos biol\u00f3gicos infecciosos incorpora um sistema patenteado de abertura de tampa projetado para garantir um manuseio mais seguro dos res\u00edduos.<\/p><p>Ele est\u00e1 dispon\u00edvel em uma vers\u00e3o de 60 litros e em v\u00e1rias cores, adaptando-se assim a diferentes regulamenta\u00e7\u00f5es.<\/p><p>Ele tamb\u00e9m oferece op\u00e7\u00f5es adicionais, como diferentes tamanhos de rodas e um pedal.<\/p><\/div>\t\t\t\t\t\t\t\t<\/div>\n\t\t\t\t<\/div>\n\t\t\t\t<\/div>\n\t\t<div class=\"elementor-element elementor-element-f86b036 e-con-full e-flex e-con e-child\" data-id=\"f86b036\" data-element_type=\"container\">\n\t\t\t\t<div class=\"elementor-element elementor-element-34940db elementor-widget elementor-widget-heading\" data-id=\"34940db\" data-element_type=\"widget\" data-widget_type=\"heading.default\">\n\t\t\t\t<div class=\"elementor-widget-container\">\n\t\t\t\t\t<h2 class=\"elementor-heading-title elementor-size-default\">Uso pretendido<\/h2>\t\t\t\t<\/div>\n\t\t\t\t<\/div>\n\t\t\t\t<div class=\"elementor-element elementor-element-d9b1062 elementor-widget elementor-widget-text-editor\" data-id=\"d9b1062\" data-element_type=\"widget\" data-widget_type=\"text-editor.default\">\n\t\t\t\t<div class=\"elementor-widget-container\">\n\t\t\t\t\t\t\t\t\t<p class=\"o_default_snippet_text\">Esse contentor reutiliz\u00e1vel foi projetado para o transporte e o armazenamento seguros de res\u00edduos hospitalares perigosos ou qualquer outro tipo de res\u00edduo de alto risco que <strong>n\u00e3o seja material cortante, perfurante ou contundente.<\/strong><\/p><p>Deve ser usado em conjunto com outros produtos e componentes do Sistema Steriale.<\/p>\t\t\t\t\t\t\t\t<\/div>\n\t\t\t\t<\/div>\n\t\t\t\t<\/div>\n\t\t\t\t<\/div>\n\t\t<div class=\"elementor-element elementor-element-4556dd5 e-con-full e-flex e-con e-child\" data-id=\"4556dd5\" data-element_type=\"container\">\n\t\t<div class=\"elementor-element elementor-element-ac63066 e-con-full e-flex e-con e-child\" data-id=\"ac63066\" data-element_type=\"container\">\n\t\t\t\t<div class=\"elementor-element elementor-element-c36adc5 elementor-widget elementor-widget-heading\" data-id=\"c36adc5\" data-element_type=\"widget\" data-widget_type=\"heading.default\">\n\t\t\t\t<div class=\"elementor-widget-container\">\n\t\t\t\t\t<h3 class=\"elementor-heading-title elementor-size-default\">Recursos<\/h3>\t\t\t\t<\/div>\n\t\t\t\t<\/div>\n\t\t\t\t<div class=\"elementor-element elementor-element-0f4036c elementor-widget elementor-widget-text-editor\" data-id=\"0f4036c\" data-element_type=\"widget\" data-widget_type=\"text-editor.default\">\n\t\t\t\t<div class=\"elementor-widget-container\">\n\t\t\t\t\t\t\t\t\t<ul><li>Cada pe\u00e7a foi fabricada com materiais de alta resist\u00eancia.<\/li><li>Tampa com sistema de fechamento herm\u00e9tico patenteado pela Steriale. Uma vez fechada, ela n\u00e3o pode ser aberta at\u00e9 que o recipiente seja esterilizado. <\/li><li>O c\u00f3digo QR \u00e9 adicionado \u00e0 tampa para rastreabilidade do recipiente.<\/li><li>Ele tem duas al\u00e7as na tampa para facilitar o transporte e o manuseio.<\/li><li>Todas as pe\u00e7as podem ser empilhadas, o que facilita o armazenamento e o transporte.<\/li><li>Facilmente lav\u00e1vel.<\/li><li>Ele tem rodas na parte traseira para facilitar o transporte.<\/li><\/ul>\t\t\t\t\t\t\t\t<\/div>\n\t\t\t\t<\/div>\n\t\t\t\t<\/div>\n\t\t<div class=\"elementor-element elementor-element-fcd6426 e-con-full e-flex e-con e-child\" data-id=\"fcd6426\" data-element_type=\"container\">\n\t\t\t\t<div class=\"elementor-element elementor-element-f491e2c elementor-widget elementor-widget-image\" data-id=\"f491e2c\" data-element_type=\"widget\" data-widget_type=\"image.default\">\n\t\t\t\t<div class=\"elementor-widget-container\">\n\t\t\t\t\t\t\t\t\t\t\t\t\t\t\t<img fetchpriority=\"high\" decoding=\"async\" width=\"600\" height=\"400\" src=\"https:\/\/steriale.com\/wp-content\/uploads\/2025\/02\/Steriale-Step-1.webp\" class=\"attachment-large size-large wp-image-3243\" alt=\"\" srcset=\"https:\/\/steriale.com\/wp-content\/uploads\/2025\/02\/Steriale-Step-1.webp 600w, https:\/\/steriale.com\/wp-content\/uploads\/2025\/02\/Steriale-Step-1-300x200.webp 300w\" sizes=\"(max-width: 600px) 100vw, 600px\" \/>\t\t\t\t\t\t\t\t\t\t\t\t\t\t\t<\/div>\n\t\t\t\t<\/div>\n\t\t\t\t<\/div>\n\t\t\t\t<\/div>\n\t\t<div class=\"elementor-element elementor-element-cdeda86 e-con-full e-flex e-con e-child\" data-id=\"cdeda86\" data-element_type=\"container\">\n\t\t<div class=\"elementor-element elementor-element-49db530 e-con-full e-flex e-con e-child\" data-id=\"49db530\" data-element_type=\"container\">\n\t\t\t\t<div class=\"elementor-element elementor-element-fce1246 elementor-widget elementor-widget-heading\" data-id=\"fce1246\" data-element_type=\"widget\" data-widget_type=\"heading.default\">\n\t\t\t\t<div class=\"elementor-widget-container\">\n\t\t\t\t\t<h2 class=\"elementor-heading-title elementor-size-default\">Rastreabilidade<\/h2>\t\t\t\t<\/div>\n\t\t\t\t<\/div>\n\t\t\t\t<div class=\"elementor-element elementor-element-0266ecf elementor-widget elementor-widget-text-editor\" data-id=\"0266ecf\" data-element_type=\"widget\" data-widget_type=\"text-editor.default\">\n\t\t\t\t<div class=\"elementor-widget-container\">\n\t\t\t\t\t\t\t\t\t<section class=\"s_media_list pt32 pb32 o_colored_level o_cc o_cc1\" data-vcss=\"001\" data-snippet=\"s_media_list\" data-name=\"Lista de medios\"><div class=\"container\"><div class=\"row s_nb_column_fixed s_col_no_bgcolor\"><div class=\"col-lg-12 s_media_list_item pt16 pb16\" data-name=\"Media item\"><div class=\"row s_col_no_resize s_col_no_bgcolor g-0 align-items-center o_colored_level o_cc o_cc1\"><div class=\"col-lg-8 s_media_list_body\"><p class=\"o_default_snippet_text\">Cont\u00e9m o c\u00f3digo QR para rastreabilidade do cont\u00eainer, integrado diretamente ao software Steriale.<\/p><\/div><\/div><\/div><\/div><\/div><\/section><section class=\"s_three_columns pt32 o_colored_level o_cc o_cc1 pb0\" data-vcss=\"001\" data-snippet=\"s_three_columns\" data-name=\"Columnas\"><div class=\"container\"><div class=\"row d-flex align-items-stretch\"><div class=\"s_col_no_bgcolor pt16 pb16 col-lg-12\"> <\/div><\/div><\/div><\/section>\t\t\t\t\t\t\t\t<\/div>\n\t\t\t\t<\/div>\n\t\t\t\t<\/div>\n\t\t<div class=\"elementor-element elementor-element-e7733a3 e-con-full e-flex e-con e-child\" data-id=\"e7733a3\" data-element_type=\"container\">\n\t\t\t\t<div class=\"elementor-element elementor-element-5e66e57 elementor-widget elementor-widget-heading\" data-id=\"5e66e57\" data-element_type=\"widget\" data-widget_type=\"heading.default\">\n\t\t\t\t<div class=\"elementor-widget-container\">\n\t\t\t\t\t<h2 class=\"elementor-heading-title elementor-size-default\">Cores dispon\u00edveis<\/h2>\t\t\t\t<\/div>\n\t\t\t\t<\/div>\n\t\t\t\t<div class=\"elementor-element elementor-element-7b49258 elementor-widget elementor-widget-text-editor\" data-id=\"7b49258\" data-element_type=\"widget\" data-widget_type=\"text-editor.default\">\n\t\t\t\t<div class=\"elementor-widget-container\">\n\t\t\t\t\t\t\t\t\t<section class=\"s_media_list pt32 pb32 o_colored_level o_cc o_cc1\" data-vcss=\"001\" data-snippet=\"s_media_list\" data-name=\"Lista de medios\"><div class=\"container\"><div class=\"row s_nb_column_fixed s_col_no_bgcolor\"><div class=\"col-lg-12 s_media_list_item pt16 pb16\" data-name=\"Media item\"><div class=\"row s_col_no_resize s_col_no_bgcolor g-0 align-items-center o_colored_level o_cc o_cc1\"><div class=\"col-lg-8 s_media_list_body\"><ul class=\"card-text o_default_snippet_text\"><li>Vermelho<\/li><li>Amarelo<\/li><li>Branco<\/li><li>Preto<\/li><li>Verde<\/li><\/ul><\/div><\/div><\/div><\/div><\/div><\/section>\t\t\t\t\t\t\t\t<\/div>\n\t\t\t\t<\/div>\n\t\t\t\t<\/div>\n\t\t\t\t<\/div>\n\t\t<div class=\"elementor-element elementor-element-823ecf4 e-con-full e-flex e-con e-child\" data-id=\"823ecf4\" data-element_type=\"container\">\n\t\t<div class=\"elementor-element elementor-element-aa53e0a e-con-full e-flex e-con e-child\" data-id=\"aa53e0a\" data-element_type=\"container\">\n\t\t\t\t<div class=\"elementor-element elementor-element-b52a113 elementor-widget elementor-widget-heading\" data-id=\"b52a113\" data-element_type=\"widget\" data-widget_type=\"heading.default\">\n\t\t\t\t<div class=\"elementor-widget-container\">\n\t\t\t\t\t<h2 class=\"elementor-heading-title elementor-size-default\">M\u00e9todo de esteriliza\u00e7\u00e3o<\/h2>\t\t\t\t<\/div>\n\t\t\t\t<\/div>\n\t\t\t\t<div class=\"elementor-element elementor-element-b8b2a34 elementor-widget elementor-widget-text-editor\" data-id=\"b8b2a34\" data-element_type=\"widget\" data-widget_type=\"text-editor.default\">\n\t\t\t\t<div class=\"elementor-widget-container\">\n\t\t\t\t\t\t\t\t\t<div class=\"col-lg-4 s_col_no_bgcolor pt16 pb16\"><div class=\"card text-bg-white h-100\"><div class=\"card-body\"><ul class=\"card-text o_default_snippet_text\"><li>Autoclave Classe B<\/li><\/ul><\/div><\/div><\/div><div class=\"col-lg-4 s_col_no_bgcolor pt16 pb16\"> <\/div>\t\t\t\t\t\t\t\t<\/div>\n\t\t\t\t<\/div>\n\t\t\t\t<\/div>\n\t\t<div class=\"elementor-element elementor-element-591372a e-con-full e-flex e-con e-child\" data-id=\"591372a\" data-element_type=\"container\">\n\t\t\t\t<div class=\"elementor-element elementor-element-e7db1c0 elementor-widget elementor-widget-heading\" data-id=\"e7db1c0\" data-element_type=\"widget\" data-widget_type=\"heading.default\">\n\t\t\t\t<div class=\"elementor-widget-container\">\n\t\t\t\t\t<h2 class=\"elementor-heading-title elementor-size-default\">Personaliza\u00e7\u00e3o<\/h2>\t\t\t\t<\/div>\n\t\t\t\t<\/div>\n\t\t\t\t<div class=\"elementor-element elementor-element-0ad4576 elementor-widget elementor-widget-text-editor\" data-id=\"0ad4576\" data-element_type=\"widget\" data-widget_type=\"text-editor.default\">\n\t\t\t\t<div class=\"elementor-widget-container\">\n\t\t\t\t\t\t\t\t\t<ul class=\"card-text o_default_snippet_text\"><li>\u00c9 poss\u00edvel personalizar a etiqueta para atender \u00e0 legisla\u00e7\u00e3o local.<\/li><li>Ele oferece a possibilidade de adicionar um pedal para abertura da tampa sem o uso das m\u00e3os.<\/li><\/ul>\t\t\t\t\t\t\t\t<\/div>\n\t\t\t\t<\/div>\n\t\t\t\t<\/div>\n\t\t\t\t<\/div>\n\t\t<div class=\"elementor-element elementor-element-121f2c5 e-con-full e-flex e-con e-child\" data-id=\"121f2c5\" data-element_type=\"container\">\n\t\t<div class=\"elementor-element elementor-element-7632b2c e-con-full e-flex e-con e-child\" data-id=\"7632b2c\" data-element_type=\"container\">\n\t\t<div class=\"elementor-element elementor-element-1c5e76f e-con-full e-flex e-con e-child\" data-id=\"1c5e76f\" data-element_type=\"container\">\n\t\t\t\t<div class=\"elementor-element elementor-element-e8e58f0 elementor-widget elementor-widget-heading\" data-id=\"e8e58f0\" data-element_type=\"widget\" data-widget_type=\"heading.default\">\n\t\t\t\t<div class=\"elementor-widget-container\">\n\t\t\t\t\t<h2 class=\"elementor-heading-title elementor-size-default\">Transporte<\/h2>\t\t\t\t<\/div>\n\t\t\t\t<\/div>\n\t\t\t\t<div class=\"elementor-element elementor-element-bc57f29 elementor-widget elementor-widget-text-editor\" data-id=\"bc57f29\" data-element_type=\"widget\" data-widget_type=\"text-editor.default\">\n\t\t\t\t<div class=\"elementor-widget-container\">\n\t\t\t\t\t\t\t\t\t<p>Pode ser transportado com o carrinho de esteriliza\u00e7\u00e3o e transfer\u00eancia da Steriale.<\/p>\t\t\t\t\t\t\t\t<\/div>\n\t\t\t\t<\/div>\n\t\t\t\t<\/div>\n\t\t<div class=\"elementor-element elementor-element-57ed9e0 e-con-full e-flex e-con e-child\" data-id=\"57ed9e0\" data-element_type=\"container\">\n\t\t\t\t<div class=\"elementor-element elementor-element-25c1c59 elementor-widget elementor-widget-image\" data-id=\"25c1c59\" data-element_type=\"widget\" data-widget_type=\"image.default\">\n\t\t\t\t<div class=\"elementor-widget-container\">\n\t\t\t\t\t\t\t\t\t\t\t\t<figure class=\"wp-caption\">\n\t\t\t\t\t\t\t\t\t\t<img decoding=\"async\" width=\"994\" height=\"744\" src=\"https:\/\/steriale.com\/wp-content\/uploads\/2025\/02\/ES_FT_0007_R02_Contenedor-Solidos-60-Litros.webp\" class=\"attachment-full size-full wp-image-3510\" alt=\"\" srcset=\"https:\/\/steriale.com\/wp-content\/uploads\/2025\/02\/ES_FT_0007_R02_Contenedor-Solidos-60-Litros.webp 994w, https:\/\/steriale.com\/wp-content\/uploads\/2025\/02\/ES_FT_0007_R02_Contenedor-Solidos-60-Litros-300x225.webp 300w, https:\/\/steriale.com\/wp-content\/uploads\/2025\/02\/ES_FT_0007_R02_Contenedor-Solidos-60-Litros-768x575.webp 768w, https:\/\/steriale.com\/wp-content\/uploads\/2025\/02\/ES_FT_0007_R02_Contenedor-Solidos-60-Litros-600x449.webp 600w\" sizes=\"(max-width: 994px) 100vw, 994px\" \/>\t\t\t\t\t\t\t\t\t\t\t<figcaption class=\"widget-image-caption wp-caption-text\">Carrinho de Transporte Steriale<\/figcaption>\n\t\t\t\t\t\t\t\t\t\t<\/figure>\n\t\t\t\t\t\t\t\t\t<\/div>\n\t\t\t\t<\/div>\n\t\t\t\t<\/div>\n\t\t\t\t<\/div>\n\t\t\t\t<\/div>\n\t\t<div class=\"elementor-element elementor-element-611e3d3 e-con-full e-flex e-con e-child\" data-id=\"611e3d3\" data-element_type=\"container\">\n\t\t<div class=\"elementor-element elementor-element-2495d8b e-con-full e-flex e-con e-child\" data-id=\"2495d8b\" data-element_type=\"container\">\n\t\t<div class=\"elementor-element elementor-element-217840c e-con-full e-flex e-con e-child\" data-id=\"217840c\" data-element_type=\"container\">\n\t\t\t\t<div class=\"elementor-element elementor-element-52650ca elementor-widget elementor-widget-heading\" data-id=\"52650ca\" data-element_type=\"widget\" data-widget_type=\"heading.default\">\n\t\t\t\t<div class=\"elementor-widget-container\">\n\t\t\t\t\t<h2 class=\"elementor-heading-title elementor-size-default\">Tecnologia patenteada de abertura da tampa<\/h2>\t\t\t\t<\/div>\n\t\t\t\t<\/div>\n\t\t\t\t<div class=\"elementor-element elementor-element-0e3a7af elementor-widget elementor-widget-text-editor\" data-id=\"0e3a7af\" data-element_type=\"widget\" data-widget_type=\"text-editor.default\">\n\t\t\t\t<div class=\"elementor-widget-container\">\n\t\t\t\t\t\t\t\t\t<p>Nossa <strong data-start=\"8\" data-end=\"53\">tecnologia patenteada de abertura de tampa<\/strong>, em combina\u00e7\u00e3o com a <strong data-start=\"77\" data-end=\"103\">bolsa bicolor Steriale<\/strong>, oferece um n\u00edvel superior de seguran\u00e7a no gerenciamento de res\u00edduos infecciosos. Gra\u00e7as ao seu <strong data-start=\"195\" data-end=\"231\">sistema de fita termorretr\u00e1til<\/strong>, a tampa do cont\u00eainer s\u00f3 abre ap\u00f3s a esteriliza\u00e7\u00e3o, garantindo que n\u00e3o haja exposi\u00e7\u00e3o a res\u00edduos n\u00e3o tratados. Al\u00e9m disso, o fechamento da bolsa ocorre automaticamente, eliminando a necessidade de contato direto com o operador desde a instala\u00e7\u00e3o inicial no cont\u00eainer. Esse design minimiza o risco de infec\u00e7\u00e3o e garante um manuseio mais seguro, eficiente e livre de contamina\u00e7\u00e3o.   <\/p>\t\t\t\t\t\t\t\t<\/div>\n\t\t\t\t<\/div>\n\t\t\t\t<\/div>\n\t\t<div class=\"elementor-element elementor-element-7063105 e-con-full e-flex e-con e-child\" data-id=\"7063105\" data-element_type=\"container\">\n\t\t\t\t<div class=\"elementor-element elementor-element-bc405d7 elementor-widget elementor-widget-video\" data-id=\"bc405d7\" data-element_type=\"widget\" data-settings=\"{&quot;video_type&quot;:&quot;hosted&quot;,&quot;autoplay&quot;:&quot;yes&quot;,&quot;mute&quot;:&quot;yes&quot;,&quot;loop&quot;:&quot;yes&quot;}\" data-widget_type=\"video.default\">\n\t\t\t\t<div class=\"elementor-widget-container\">\n\t\t\t\t\t\t\t<div class=\"e-hosted-video elementor-wrapper elementor-open-inline\">\n\t\t\t\t\t<video class=\"elementor-video\" src=\"https:\/\/steriale.com\/wp-content\/uploads\/2025\/02\/mini-video-steriale-bag.mp4\" autoplay=\"\" loop=\"\" muted=\"muted\" controlsList=\"nodownload\"><\/video>\n\t\t\t\t<\/div>\n\t\t\t\t\t\t<\/div>\n\t\t\t\t<\/div>\n\t\t\t\t<\/div>\n\t\t\t\t<\/div>\n\t\t\t\t<\/div>\n\t\t<div class=\"elementor-element elementor-element-5bd2ee5 e-con-full e-flex e-con e-child\" data-id=\"5bd2ee5\" data-element_type=\"container\">\n\t\t<div class=\"elementor-element elementor-element-f7512d1 e-con-full e-flex e-con e-child\" data-id=\"f7512d1\" data-element_type=\"container\">\n\t\t<div class=\"elementor-element elementor-element-c5edcad e-con-full e-flex e-con e-child\" data-id=\"c5edcad\" data-element_type=\"container\">\n\t\t\t\t<div class=\"elementor-element elementor-element-3507ca0 elementor-widget elementor-widget-heading\" data-id=\"3507ca0\" data-element_type=\"widget\" data-widget_type=\"heading.default\">\n\t\t\t\t<div class=\"elementor-widget-container\">\n\t\t\t\t\t<h2 class=\"elementor-heading-title elementor-size-default\">Dimens\u00f5es<\/h2>\t\t\t\t<\/div>\n\t\t\t\t<\/div>\n\t\t\t\t<div class=\"elementor-element elementor-element-1fd083d elementor-widget elementor-widget-image\" data-id=\"1fd083d\" data-element_type=\"widget\" data-widget_type=\"image.default\">\n\t\t\t\t<div class=\"elementor-widget-container\">\n\t\t\t\t\t\t\t\t\t\t\t\t<figure class=\"wp-caption\">\n\t\t\t\t\t\t\t\t\t\t<img decoding=\"async\" width=\"594\" height=\"684\" src=\"https:\/\/steriale.com\/wp-content\/uploads\/2025\/02\/ES_FT_0007_R02_Contenedor-Solidos-60-Litros-1.webp\" class=\"attachment-large size-large wp-image-3507\" alt=\"\" srcset=\"https:\/\/steriale.com\/wp-content\/uploads\/2025\/02\/ES_FT_0007_R02_Contenedor-Solidos-60-Litros-1.webp 594w, https:\/\/steriale.com\/wp-content\/uploads\/2025\/02\/ES_FT_0007_R02_Contenedor-Solidos-60-Litros-1-261x300.webp 261w\" sizes=\"(max-width: 594px) 100vw, 594px\" \/>\t\t\t\t\t\t\t\t\t\t\t<figcaption class=\"widget-image-caption wp-caption-text\"><\/figcaption>\n\t\t\t\t\t\t\t\t\t\t<\/figure>\n\t\t\t\t\t\t\t\t\t<\/div>\n\t\t\t\t<\/div>\n\t\t\t\t<\/div>\n\t\t\t\t<\/div>\n\t\t\t\t<\/div>\n\t\t<div class=\"elementor-element elementor-element-0f64ec4 e-con-full ft-table e-flex e-con e-child\" data-id=\"0f64ec4\" data-element_type=\"container\">\n\t\t\t\t<div class=\"elementor-element elementor-element-6bb942f elementor-widget elementor-widget-heading\" data-id=\"6bb942f\" data-element_type=\"widget\" data-widget_type=\"heading.default\">\n\t\t\t\t<div class=\"elementor-widget-container\">\n\t\t\t\t\t<h2 class=\"elementor-heading-title elementor-size-default\">Informa\u00e7\u00f5es t\u00e9cnicas<\/h2>\t\t\t\t<\/div>\n\t\t\t\t<\/div>\n\t\t\t\t<div class=\"elementor-element elementor-element-e2df130 elementor-widget elementor-widget-text-editor\" data-id=\"e2df130\" data-element_type=\"widget\" data-widget_type=\"text-editor.default\">\n\t\t\t\t<div class=\"elementor-widget-container\">\n\t\t\t\t\t\t\t\t\t<table>\n<tbody>\n<tr>\n<td><strong>Material do Contentor<\/strong><\/td>\n<td>Poliamida com fibra de vidro<\/td>\n<\/tr>\n<\/tbody>\n<\/table>\t\t\t\t\t\t\t\t<\/div>\n\t\t\t\t<\/div>\n\t\t\t\t<\/div>\n\t\t\t\t\t<\/div>\n\t\t\t\t<\/main>\n\t\t\t\t<\/div>\n\t\t","protected":false},"excerpt":{"rendered":"<p>Contentor Materiale com sistema patenteado de abertura da tampa. Os recursos adicionais incluem rodas de diferentes tamanhos e pedal. <\/p>\n","protected":false},"featured_media":3816,"template":"","meta":{"_acf_changed":false},"product_brand":[150],"product_cat":[177,180],"product_tag":[],"class_list":{"0":"post-4433","1":"product","2":"type-product","3":"status-publish","4":"has-post-thumbnail","6":"product_brand-steriale","7":"product_cat-contentores","8":"product_cat-contentores-para-residuos-solidos","10":"first","11":"instock","12":"shipping-taxable","13":"product-type-simple"},"acf":[],"aioseo_notices":[],"_links":{"self":[{"href":"https:\/\/steriale.com\/pt-br\/wp-json\/wp\/v2\/product\/4433","targetHints":{"allow":["GET"]}}],"collection":[{"href":"https:\/\/steriale.com\/pt-br\/wp-json\/wp\/v2\/product"}],"about":[{"href":"https:\/\/steriale.com\/pt-br\/wp-json\/wp\/v2\/types\/product"}],"version-history":[{"count":2,"href":"https:\/\/steriale.com\/pt-br\/wp-json\/wp\/v2\/product\/4433\/revisions"}],"predecessor-version":[{"id":4443,"href":"https:\/\/steriale.com\/pt-br\/wp-json\/wp\/v2\/product\/4433\/revisions\/4443"}],"wp:featuredmedia":[{"embeddable":true,"href":"https:\/\/steriale.com\/pt-br\/wp-json\/wp\/v2\/media\/3816"}],"wp:attachment":[{"href":"https:\/\/steriale.com\/pt-br\/wp-json\/wp\/v2\/media?parent=4433"}],"wp:term":[{"taxonomy":"product_brand","embeddable":true,"href":"https:\/\/steriale.com\/pt-br\/wp-json\/wp\/v2\/product_brand?post=4433"},{"taxonomy":"product_cat","embeddable":true,"href":"https:\/\/steriale.com\/pt-br\/wp-json\/wp\/v2\/product_cat?post=4433"},{"taxonomy":"product_tag","embeddable":true,"href":"https:\/\/steriale.com\/pt-br\/wp-json\/wp\/v2\/product_tag?post=4433"}],"curies":[{"name":"wp","href":"https:\/\/api.w.org\/{rel}","templated":true}]}}