{"id":4422,"date":"2025-02-23T13:56:35","date_gmt":"2025-02-23T11:56:35","guid":{"rendered":"https:\/\/steriale.com\/product\/contentor-materiale-para-residuos-de-objetos-cortantes\/"},"modified":"2025-02-24T21:59:27","modified_gmt":"2025-02-24T19:59:27","slug":"contentor-materiale-para-residuos-de-objetos-cortantes","status":"publish","type":"product","link":"https:\/\/steriale.com\/pt-br\/produtos\/contentor-materiale-para-residuos-de-objetos-cortantes\/","title":{"rendered":"Contentor Materiale para res\u00edduos de objetos cortantes"},"content":{"rendered":"\t\t<div data-elementor-type=\"product-post\" data-elementor-id=\"4422\" class=\"elementor elementor-4422 elementor-3384\" data-elementor-post-type=\"product\">\n\t\t\t\t<main class=\"elementor-element elementor-element-3df3b27 e-flex e-con-boxed e-con e-parent\" data-id=\"3df3b27\" data-element_type=\"container\">\n\t\t\t\t\t<div class=\"e-con-inner\">\n\t\t<div class=\"elementor-element elementor-element-0d6b9dc e-con-full e-flex e-con e-child\" data-id=\"0d6b9dc\" data-element_type=\"container\">\n\t\t<div class=\"elementor-element elementor-element-be777d1 e-con-full e-flex e-con e-child\" data-id=\"be777d1\" data-element_type=\"container\">\n\t\t\t\t<div class=\"elementor-element elementor-element-e3823ea elementor-widget elementor-widget-heading\" data-id=\"e3823ea\" data-element_type=\"widget\" data-widget_type=\"heading.default\">\n\t\t\t\t<div class=\"elementor-widget-container\">\n\t\t\t\t\t<h2 class=\"elementor-heading-title elementor-size-default\">Apresenta\u00e7\u00e3o<\/h2>\t\t\t\t<\/div>\n\t\t\t\t<\/div>\n\t\t\t\t<div class=\"elementor-element elementor-element-4762383 elementor-widget elementor-widget-text-editor\" data-id=\"4762383\" data-element_type=\"widget\" data-widget_type=\"text-editor.default\">\n\t\t\t\t<div class=\"elementor-widget-container\">\n\t\t\t\t\t\t\t\t\t<div class=\"oe_structure\" data-oe-xpath=\"\/t[1]\/t[4]\/div[1]\/section[1]\/div[2]\/div[2]\/div[1]\" data-oe-model=\"product.template\" data-oe-id=\"37\" data-oe-field=\"description_ecommerce\" data-oe-type=\"html\" data-oe-expression=\"product.description_ecommerce\"><p>Oteriale Reusable Contentor para res\u00edduos biol\u00f3gicos infecciosos cortantes incorpora um sistema patenteado de abertura de tampa projetado para garantir um manuseio mais seguro dos res\u00edduos. Ele est\u00e1 dispon\u00edvel nas vers\u00f5es de 1,5, 3, 4,5 e 7,5 litros e em duas cores para atender a v\u00e1rias legisla\u00e7\u00f5es. <\/p><\/div>\t\t\t\t\t\t\t\t<\/div>\n\t\t\t\t<\/div>\n\t\t\t\t<\/div>\n\t\t<div class=\"elementor-element elementor-element-a990bc1 e-con-full e-flex e-con e-child\" data-id=\"a990bc1\" data-element_type=\"container\">\n\t\t\t\t<div class=\"elementor-element elementor-element-d925066 elementor-widget elementor-widget-heading\" data-id=\"d925066\" data-element_type=\"widget\" data-widget_type=\"heading.default\">\n\t\t\t\t<div class=\"elementor-widget-container\">\n\t\t\t\t\t<h2 class=\"elementor-heading-title elementor-size-default\">Uso pretendido<\/h2>\t\t\t\t<\/div>\n\t\t\t\t<\/div>\n\t\t\t\t<div class=\"elementor-element elementor-element-dc5c795 elementor-widget elementor-widget-text-editor\" data-id=\"dc5c795\" data-element_type=\"widget\" data-widget_type=\"text-editor.default\">\n\t\t\t\t<div class=\"elementor-widget-container\">\n\t\t\t\t\t\t\t\t\t<section class=\"s_text_image pt32 pb32 o_colored_level\" data-snippet=\"s_image_text\" data-name=\"Imagen - Texto\"><div class=\"container\"><div class=\"row align-items-center\"><div class=\"pt16 pb16 o_colored_level col-lg-12\"><p>Esse cont\u00eainer reutiliz\u00e1vel foi projetado para o transporte e o armazenamento seguros de res\u00edduos hospitalares perigosos ou qualquer outro tipo de res\u00edduo de alto risco, incluindo materiais cortantes, perfurantes ou contundentes.<\/p><p>O operador deve montar o recipiente colocando corretamente a tampa no consum\u00edvel de papel\u00e3o e no corpo r\u00edgido para uso. Ap\u00f3s o enchimento, somente a tampa deve ser esterilizada com o consum\u00edvel de papel\u00e3o acoplado. <\/p><\/div><\/div><\/div><\/section>\t\t\t\t\t\t\t\t<\/div>\n\t\t\t\t<\/div>\n\t\t\t\t<\/div>\n\t\t\t\t<\/div>\n\t\t<div class=\"elementor-element elementor-element-dd0153b e-con-full e-flex e-con e-child\" data-id=\"dd0153b\" data-element_type=\"container\">\n\t\t<div class=\"elementor-element elementor-element-ba69897 e-con-full e-flex e-con e-child\" data-id=\"ba69897\" data-element_type=\"container\">\n\t\t\t\t<div class=\"elementor-element elementor-element-5512426 elementor-widget elementor-widget-heading\" data-id=\"5512426\" data-element_type=\"widget\" data-widget_type=\"heading.default\">\n\t\t\t\t<div class=\"elementor-widget-container\">\n\t\t\t\t\t<h3 class=\"elementor-heading-title elementor-size-default\">Recursos<\/h3>\t\t\t\t<\/div>\n\t\t\t\t<\/div>\n\t\t\t\t<div class=\"elementor-element elementor-element-cbe2924 elementor-widget elementor-widget-text-editor\" data-id=\"cbe2924\" data-element_type=\"widget\" data-widget_type=\"text-editor.default\">\n\t\t\t\t<div class=\"elementor-widget-container\">\n\t\t\t\t\t\t\t\t\t<ul><li>Cada pe\u00e7a foi fabricada com materiais de alta resist\u00eancia.<\/li><li>Corpo reutiliz\u00e1vel e resistente a perfura\u00e7\u00f5es, com consum\u00edvel ecol\u00f3gico resistente a perfura\u00e7\u00f5es e tampa inteligente r\u00edgida para reutiliza\u00e7\u00e3o.<\/li><li>Seu corpo de pl\u00e1stico \u00e9 opaco, \u00e0 prova d&#8217;\u00e1gua e resistente \u00e0 umidade e tamb\u00e9m inclui um indicador de enchimento m\u00e1ximo.<\/li><li>A incinera\u00e7\u00e3o de consum\u00edveis de papel\u00e3o n\u00e3o gera emiss\u00f5es t\u00f3xicas.<\/li><li>A tampa com entrada transparente facilita a visualiza\u00e7\u00e3o do conte\u00fado dentro do recipiente.<\/li><li>Seu mecanismo de travamento inteligente impede que a tampa seja aberta at\u00e9 que a esteriliza\u00e7\u00e3o seja conclu\u00edda.<\/li><li>O c\u00f3digo QR \u00e9 adicionado \u00e0 tampa para rastreabilidade do recipiente.<\/li><li>Fita indicadora de esteriliza\u00e7\u00e3o inclu\u00edda.<\/li><li>Todas as pe\u00e7as podem ser empilhadas, o que facilita o armazenamento e o transporte.<\/li><\/ul>\t\t\t\t\t\t\t\t<\/div>\n\t\t\t\t<\/div>\n\t\t\t\t<\/div>\n\t\t<div class=\"elementor-element elementor-element-0203113 e-con-full e-flex e-con e-child\" data-id=\"0203113\" data-element_type=\"container\">\n\t\t\t\t<div class=\"elementor-element elementor-element-5835c52 elementor-widget elementor-widget-image\" data-id=\"5835c52\" data-element_type=\"widget\" data-widget_type=\"image.default\">\n\t\t\t\t<div class=\"elementor-widget-container\">\n\t\t\t\t\t\t\t\t\t\t\t\t<figure class=\"wp-caption\">\n\t\t\t\t\t\t\t\t\t\t<img fetchpriority=\"high\" decoding=\"async\" width=\"960\" height=\"1280\" src=\"https:\/\/steriale.com\/wp-content\/uploads\/2025\/02\/contenedor-punzocortante-e1740397398342.jpeg\" class=\"attachment-full size-full wp-image-4228\" alt=\"\" \/>\t\t\t\t\t\t\t\t\t\t\t<figcaption class=\"widget-image-caption wp-caption-text\">Contentor Steriale Punzocortante de 3,0 litros, Hospital Privado, Monterrey, M\u00e9xico<\/figcaption>\n\t\t\t\t\t\t\t\t\t\t<\/figure>\n\t\t\t\t\t\t\t\t\t<\/div>\n\t\t\t\t<\/div>\n\t\t\t\t<\/div>\n\t\t\t\t<\/div>\n\t\t<div class=\"elementor-element elementor-element-1a8be88 e-con-full e-flex e-con e-child\" data-id=\"1a8be88\" data-element_type=\"container\">\n\t\t<div class=\"elementor-element elementor-element-436bbc0 e-con-full e-flex e-con e-child\" data-id=\"436bbc0\" data-element_type=\"container\">\n\t\t\t\t<div class=\"elementor-element elementor-element-597e360 elementor-widget elementor-widget-image\" data-id=\"597e360\" data-element_type=\"widget\" data-widget_type=\"image.default\">\n\t\t\t\t<div class=\"elementor-widget-container\">\n\t\t\t\t\t\t\t\t\t\t\t\t\t\t\t<img decoding=\"async\" width=\"690\" height=\"690\" src=\"https:\/\/steriale.com\/wp-content\/uploads\/2025\/02\/consumible-punzocortante-steriale-zoom-QR-Code.webp\" class=\"attachment-large size-large wp-image-3480\" alt=\"\" srcset=\"https:\/\/steriale.com\/wp-content\/uploads\/2025\/02\/consumible-punzocortante-steriale-zoom-QR-Code.webp 690w, https:\/\/steriale.com\/wp-content\/uploads\/2025\/02\/consumible-punzocortante-steriale-zoom-QR-Code-300x300.webp 300w, https:\/\/steriale.com\/wp-content\/uploads\/2025\/02\/consumible-punzocortante-steriale-zoom-QR-Code-150x150.webp 150w, https:\/\/steriale.com\/wp-content\/uploads\/2025\/02\/consumible-punzocortante-steriale-zoom-QR-Code-600x600.webp 600w, https:\/\/steriale.com\/wp-content\/uploads\/2025\/02\/consumible-punzocortante-steriale-zoom-QR-Code-100x100.webp 100w\" sizes=\"(max-width: 690px) 100vw, 690px\" \/>\t\t\t\t\t\t\t\t\t\t\t\t\t\t\t<\/div>\n\t\t\t\t<\/div>\n\t\t\t\t<div class=\"elementor-element elementor-element-799738c elementor-widget elementor-widget-heading\" data-id=\"799738c\" data-element_type=\"widget\" data-widget_type=\"heading.default\">\n\t\t\t\t<div class=\"elementor-widget-container\">\n\t\t\t\t\t<h2 class=\"elementor-heading-title elementor-size-default\">Rastreabilidade e fita indicadora<\/h2>\t\t\t\t<\/div>\n\t\t\t\t<\/div>\n\t\t\t\t<div class=\"elementor-element elementor-element-bd9d633 elementor-widget elementor-widget-text-editor\" data-id=\"bd9d633\" data-element_type=\"widget\" data-widget_type=\"text-editor.default\">\n\t\t\t\t<div class=\"elementor-widget-container\">\n\t\t\t\t\t\t\t\t\t<section class=\"s_media_list pt32 pb32 o_colored_level o_cc o_cc1\" data-vcss=\"001\" data-snippet=\"s_media_list\" data-name=\"Lista de medios\"><div class=\"container\"><div class=\"row s_nb_column_fixed s_col_no_bgcolor\"><div class=\"col-lg-12 s_media_list_item pt16 pb16\" data-name=\"Media item\"><div class=\"row s_col_no_resize s_col_no_bgcolor g-0 align-items-center o_colored_level o_cc o_cc1\"><div class=\"col-lg-8 s_media_list_body\"><p class=\"o_default_snippet_text\">Cont\u00e9m o c\u00f3digo QR para rastreabilidade do cont\u00eainer, integrado diretamente ao software Steriale.<\/p><\/div><\/div><\/div><\/div><\/div><\/section><section class=\"s_three_columns pt32 o_colored_level o_cc o_cc1 pb0\" data-vcss=\"001\" data-snippet=\"s_three_columns\" data-name=\"Columnas\"><div class=\"container\"><div class=\"row d-flex align-items-stretch\"><div class=\"s_col_no_bgcolor pt16 pb16 col-lg-12\"> <\/div><\/div><\/div><\/section>\t\t\t\t\t\t\t\t<\/div>\n\t\t\t\t<\/div>\n\t\t\t\t<\/div>\n\t\t<div class=\"elementor-element elementor-element-c933e21 e-con-full e-flex e-con e-child\" data-id=\"c933e21\" data-element_type=\"container\">\n\t\t\t\t<div class=\"elementor-element elementor-element-6b61703 elementor-widget elementor-widget-heading\" data-id=\"6b61703\" data-element_type=\"widget\" data-widget_type=\"heading.default\">\n\t\t\t\t<div class=\"elementor-widget-container\">\n\t\t\t\t\t<h2 class=\"elementor-heading-title elementor-size-default\">Cores dispon\u00edveis<\/h2>\t\t\t\t<\/div>\n\t\t\t\t<\/div>\n\t\t\t\t<div class=\"elementor-element elementor-element-bbc7383 elementor-widget elementor-widget-text-editor\" data-id=\"bbc7383\" data-element_type=\"widget\" data-widget_type=\"text-editor.default\">\n\t\t\t\t<div class=\"elementor-widget-container\">\n\t\t\t\t\t\t\t\t\t<section class=\"s_media_list pt32 pb32 o_colored_level o_cc o_cc1\" data-vcss=\"001\" data-snippet=\"s_media_list\" data-name=\"Lista de medios\"><div class=\"container\"><div class=\"row s_nb_column_fixed s_col_no_bgcolor\"><div class=\"col-lg-12 s_media_list_item pt16 pb16\" data-name=\"Media item\"><div class=\"row s_col_no_resize s_col_no_bgcolor g-0 align-items-center o_colored_level o_cc o_cc1\"><div class=\"col-lg-8 s_media_list_body\"><ul class=\"card-text o_default_snippet_text\"><li>Vermelho<\/li><li>Amarelo<\/li><\/ul><\/div><\/div><\/div><\/div><\/div><\/section>\t\t\t\t\t\t\t\t<\/div>\n\t\t\t\t<\/div>\n\t\t\t\t<\/div>\n\t\t\t\t<\/div>\n\t\t<div class=\"elementor-element elementor-element-6e396b7 e-con-full e-flex e-con e-child\" data-id=\"6e396b7\" data-element_type=\"container\">\n\t\t<div class=\"elementor-element elementor-element-f3194e4 e-con-full e-flex e-con e-child\" data-id=\"f3194e4\" data-element_type=\"container\">\n\t\t\t\t<div class=\"elementor-element elementor-element-4210d9b elementor-widget elementor-widget-heading\" data-id=\"4210d9b\" data-element_type=\"widget\" data-widget_type=\"heading.default\">\n\t\t\t\t<div class=\"elementor-widget-container\">\n\t\t\t\t\t<h2 class=\"elementor-heading-title elementor-size-default\">M\u00e9todo de esteriliza\u00e7\u00e3o<\/h2>\t\t\t\t<\/div>\n\t\t\t\t<\/div>\n\t\t\t\t<div class=\"elementor-element elementor-element-821dc86 elementor-widget elementor-widget-text-editor\" data-id=\"821dc86\" data-element_type=\"widget\" data-widget_type=\"text-editor.default\">\n\t\t\t\t<div class=\"elementor-widget-container\">\n\t\t\t\t\t\t\t\t\t<div class=\"col-lg-4 s_col_no_bgcolor pt16 pb16\"><div class=\"card text-bg-white h-100\"><div class=\"card-body\"><ul class=\"card-text o_default_snippet_text\"><li>Autoclave Classe B<\/li><\/ul><\/div><\/div><\/div><div class=\"col-lg-4 s_col_no_bgcolor pt16 pb16\"> <\/div>\t\t\t\t\t\t\t\t<\/div>\n\t\t\t\t<\/div>\n\t\t\t\t<\/div>\n\t\t<div class=\"elementor-element elementor-element-e64b024 e-con-full e-flex e-con e-child\" data-id=\"e64b024\" data-element_type=\"container\">\n\t\t\t\t<div class=\"elementor-element elementor-element-0c72a2d elementor-widget elementor-widget-heading\" data-id=\"0c72a2d\" data-element_type=\"widget\" data-widget_type=\"heading.default\">\n\t\t\t\t<div class=\"elementor-widget-container\">\n\t\t\t\t\t<h2 class=\"elementor-heading-title elementor-size-default\">Personaliza\u00e7\u00e3o<\/h2>\t\t\t\t<\/div>\n\t\t\t\t<\/div>\n\t\t\t\t<div class=\"elementor-element elementor-element-cd9f484 elementor-widget elementor-widget-text-editor\" data-id=\"cd9f484\" data-element_type=\"widget\" data-widget_type=\"text-editor.default\">\n\t\t\t\t<div class=\"elementor-widget-container\">\n\t\t\t\t\t\t\t\t\t<p class=\"card-text o_default_snippet_text\">\u00c9 poss\u00edvel personalizar a etiqueta para atender \u00e0 legisla\u00e7\u00e3o local.<\/p>\t\t\t\t\t\t\t\t<\/div>\n\t\t\t\t<\/div>\n\t\t\t\t<\/div>\n\t\t\t\t<\/div>\n\t\t<div class=\"elementor-element elementor-element-45ba5ca e-con-full e-flex e-con e-child\" data-id=\"45ba5ca\" data-element_type=\"container\">\n\t\t<div class=\"elementor-element elementor-element-aaac00a e-con-full e-flex e-con e-child\" data-id=\"aaac00a\" data-element_type=\"container\">\n\t\t<div class=\"elementor-element elementor-element-75d0a93 e-con-full e-flex e-con e-child\" data-id=\"75d0a93\" data-element_type=\"container\">\n\t\t\t\t<div class=\"elementor-element elementor-element-eaafc46 elementor-widget elementor-widget-heading\" data-id=\"eaafc46\" data-element_type=\"widget\" data-widget_type=\"heading.default\">\n\t\t\t\t<div class=\"elementor-widget-container\">\n\t\t\t\t\t<h2 class=\"elementor-heading-title elementor-size-default\">Tecnologia patenteada<\/h2>\t\t\t\t<\/div>\n\t\t\t\t<\/div>\n\t\t\t\t<div class=\"elementor-element elementor-element-b2f46c5 elementor-widget elementor-widget-text-editor\" data-id=\"b2f46c5\" data-element_type=\"widget\" data-widget_type=\"text-editor.default\">\n\t\t\t\t<div class=\"elementor-widget-container\">\n\t\t\t\t\t\t\t\t\t<p>Nosso <strong data-start=\"8\" data-end=\"53\">cont\u00eainer reutiliz\u00e1vel<\/strong> para materiais perfurocortantes, patenteado pela Steriale, combina <strong data-start=\"87\" data-end=\"129\">seguran\u00e7a, sustentabilidade e efici\u00eancia<\/strong> no gerenciamento de res\u00edduos perfurocortantes. Sua estrutura externa \u00e9 feita de pl\u00e1stico dur\u00e1vel e reutiliz\u00e1vel, enquanto no interior os res\u00edduos s\u00e3o depositados em um <strong data-start=\"309\" data-end=\"342\">coletor de papel\u00e3o recicl\u00e1vel<\/strong> com um <strong data-start=\"350\" data-end=\"382\">sistema de fechamento permanente<\/strong>. Esse design inovador garante que o papel\u00e3o n\u00e3o possa ser removido ou adulterado antes da esteriliza\u00e7\u00e3o, reduzindo o risco de exposi\u00e7\u00e3o. Depois de esterilizado, o cont\u00eainer interno permanece selado com seguran\u00e7a. Al\u00e9m disso, de acordo com as normas locais, oferecemos uma <strong data-start=\"657\" data-end=\"680\">m\u00e1quina de tritura\u00e7\u00e3o<\/strong> para processar o material esterilizado, proporcionando uma solu\u00e7\u00e3o ainda mais eficiente e ecologicamente correta.    <\/p>\t\t\t\t\t\t\t\t<\/div>\n\t\t\t\t<\/div>\n\t\t\t\t<\/div>\n\t\t<div class=\"elementor-element elementor-element-d18fc91 e-con-full e-flex e-con e-child\" data-id=\"d18fc91\" data-element_type=\"container\">\n\t\t\t\t<div class=\"elementor-element elementor-element-77517b4 elementor-widget elementor-widget-video\" data-id=\"77517b4\" data-element_type=\"widget\" data-settings=\"{&quot;video_type&quot;:&quot;hosted&quot;,&quot;autoplay&quot;:&quot;yes&quot;,&quot;play_on_mobile&quot;:&quot;yes&quot;,&quot;mute&quot;:&quot;yes&quot;,&quot;loop&quot;:&quot;yes&quot;}\" data-widget_type=\"video.default\">\n\t\t\t\t<div class=\"elementor-widget-container\">\n\t\t\t\t\t\t\t<div class=\"e-hosted-video elementor-wrapper elementor-open-inline\">\n\t\t\t\t\t<video class=\"elementor-video\" src=\"https:\/\/steriale.com\/wp-content\/uploads\/2025\/02\/mini-video-steriale-sharps.mp4\" autoplay=\"\" loop=\"\" muted=\"muted\" playsinline=\"\" controlsList=\"nodownload\"><\/video>\n\t\t\t\t<\/div>\n\t\t\t\t\t\t<\/div>\n\t\t\t\t<\/div>\n\t\t\t\t<\/div>\n\t\t\t\t<\/div>\n\t\t\t\t<\/div>\n\t\t<div class=\"elementor-element elementor-element-9820905 e-con-full e-flex e-con e-child\" data-id=\"9820905\" data-element_type=\"container\">\n\t\t<div class=\"elementor-element elementor-element-9ce5ccc e-con-full e-flex e-con e-child\" data-id=\"9ce5ccc\" data-element_type=\"container\">\n\t\t<div class=\"elementor-element elementor-element-d77571a e-con-full e-flex e-con e-child\" data-id=\"d77571a\" data-element_type=\"container\">\n\t\t\t\t<div class=\"elementor-element elementor-element-9e05c3a elementor-widget elementor-widget-heading\" data-id=\"9e05c3a\" data-element_type=\"widget\" data-widget_type=\"heading.default\">\n\t\t\t\t<div class=\"elementor-widget-container\">\n\t\t\t\t\t<h2 class=\"elementor-heading-title elementor-size-default\">Dimens\u00f5es<\/h2>\t\t\t\t<\/div>\n\t\t\t\t<\/div>\n\t\t\t\t<div class=\"elementor-element elementor-element-6b29fe4 elementor-widget elementor-widget-image\" data-id=\"6b29fe4\" data-element_type=\"widget\" data-widget_type=\"image.default\">\n\t\t\t\t<div class=\"elementor-widget-container\">\n\t\t\t\t\t\t\t\t\t\t\t\t<figure class=\"wp-caption\">\n\t\t\t\t\t\t\t\t\t\t<img decoding=\"async\" width=\"671\" height=\"395\" src=\"https:\/\/steriale.com\/wp-content\/uploads\/2025\/02\/ES_FT_0001_R04_Contenedores-Punzocortantes.png\" class=\"attachment-large size-large wp-image-3495\" alt=\"\" srcset=\"https:\/\/steriale.com\/wp-content\/uploads\/2025\/02\/ES_FT_0001_R04_Contenedores-Punzocortantes.png 671w, https:\/\/steriale.com\/wp-content\/uploads\/2025\/02\/ES_FT_0001_R04_Contenedores-Punzocortantes-300x177.png 300w, https:\/\/steriale.com\/wp-content\/uploads\/2025\/02\/ES_FT_0001_R04_Contenedores-Punzocortantes-600x353.png 600w\" sizes=\"(max-width: 671px) 100vw, 671px\" \/>\t\t\t\t\t\t\t\t\t\t\t<figcaption class=\"widget-image-caption wp-caption-text\"><\/figcaption>\n\t\t\t\t\t\t\t\t\t\t<\/figure>\n\t\t\t\t\t\t\t\t\t<\/div>\n\t\t\t\t<\/div>\n\t\t\t\t<\/div>\n\t\t\t\t<\/div>\n\t\t\t\t<\/div>\n\t\t<div class=\"elementor-element elementor-element-3853139 e-con-full ft-table e-flex e-con e-child\" data-id=\"3853139\" data-element_type=\"container\">\n\t\t\t\t<\/div>\n\t\t\t\t\t<\/div>\n\t\t\t\t<\/main>\n\t\t\t\t<\/div>\n\t\t","protected":false},"excerpt":{"rendered":"<p>Contentor Materiale reutiliz\u00e1vel para res\u00edduos biol\u00f3gicos infecciosos cortantes. Dispon\u00edvel em 1,5, 3, 4,5 e 7,5 litros e em duas cores. <\/p>\n","protected":false},"featured_media":3725,"template":"","meta":{"_acf_changed":false},"product_brand":[150],"product_cat":[177,178],"product_tag":[],"class_list":{"0":"post-4422","1":"product","2":"type-product","3":"status-publish","4":"has-post-thumbnail","6":"product_brand-steriale","7":"product_cat-contentores","8":"product_cat-contentores-para-perfurocortantes","10":"first","11":"instock","12":"shipping-taxable","13":"product-type-variable","14":"has-default-attributes"},"acf":[],"aioseo_notices":[],"_links":{"self":[{"href":"https:\/\/steriale.com\/pt-br\/wp-json\/wp\/v2\/product\/4422","targetHints":{"allow":["GET"]}}],"collection":[{"href":"https:\/\/steriale.com\/pt-br\/wp-json\/wp\/v2\/product"}],"about":[{"href":"https:\/\/steriale.com\/pt-br\/wp-json\/wp\/v2\/types\/product"}],"version-history":[{"count":1,"href":"https:\/\/steriale.com\/pt-br\/wp-json\/wp\/v2\/product\/4422\/revisions"}],"predecessor-version":[{"id":4432,"href":"https:\/\/steriale.com\/pt-br\/wp-json\/wp\/v2\/product\/4422\/revisions\/4432"}],"wp:featuredmedia":[{"embeddable":true,"href":"https:\/\/steriale.com\/pt-br\/wp-json\/wp\/v2\/media\/3725"}],"wp:attachment":[{"href":"https:\/\/steriale.com\/pt-br\/wp-json\/wp\/v2\/media?parent=4422"}],"wp:term":[{"taxonomy":"product_brand","embeddable":true,"href":"https:\/\/steriale.com\/pt-br\/wp-json\/wp\/v2\/product_brand?post=4422"},{"taxonomy":"product_cat","embeddable":true,"href":"https:\/\/steriale.com\/pt-br\/wp-json\/wp\/v2\/product_cat?post=4422"},{"taxonomy":"product_tag","embeddable":true,"href":"https:\/\/steriale.com\/pt-br\/wp-json\/wp\/v2\/product_tag?post=4422"}],"curies":[{"name":"wp","href":"https:\/\/api.w.org\/{rel}","templated":true}]}}