{"id":4414,"date":"2025-02-23T13:56:35","date_gmt":"2025-02-23T11:56:35","guid":{"rendered":"https:\/\/steriale.com\/product\/contentor-compactador-steriale-90-litros\/"},"modified":"2025-02-24T21:59:26","modified_gmt":"2025-02-24T19:59:26","slug":"contentor-compactador-steriale-90-litros","status":"publish","type":"product","link":"https:\/\/steriale.com\/pt-br\/produtos\/contentor-compactador-steriale-90-litros\/","title":{"rendered":"Contentor Compactador Steriale 90 litros"},"content":{"rendered":"\t\t<div data-elementor-type=\"product-post\" data-elementor-id=\"4414\" class=\"elementor elementor-4414 elementor-3382\" data-elementor-post-type=\"product\">\n\t\t\t\t<main class=\"elementor-element elementor-element-5a59c40 e-flex e-con-boxed e-con e-parent\" data-id=\"5a59c40\" data-element_type=\"container\">\n\t\t\t\t\t<div class=\"e-con-inner\">\n\t\t<div class=\"elementor-element elementor-element-6dc4443 e-con-full e-flex e-con e-child\" data-id=\"6dc4443\" data-element_type=\"container\">\n\t\t<div class=\"elementor-element elementor-element-f165218 e-con-full e-flex e-con e-child\" data-id=\"f165218\" data-element_type=\"container\">\n\t\t\t\t<div class=\"elementor-element elementor-element-e8af2ee elementor-widget elementor-widget-heading\" data-id=\"e8af2ee\" data-element_type=\"widget\" data-widget_type=\"heading.default\">\n\t\t\t\t<div class=\"elementor-widget-container\">\n\t\t\t\t\t<h2 class=\"elementor-heading-title elementor-size-default\">Apresenta\u00e7\u00e3o<\/h2>\t\t\t\t<\/div>\n\t\t\t\t<\/div>\n\t\t\t\t<div class=\"elementor-element elementor-element-dc6b378 elementor-widget elementor-widget-text-editor\" data-id=\"dc6b378\" data-element_type=\"widget\" data-widget_type=\"text-editor.default\">\n\t\t\t\t<div class=\"elementor-widget-container\">\n\t\t\t\t\t\t\t\t\t<div class=\"oe_structure\" data-oe-xpath=\"\/t[1]\/t[4]\/div[1]\/section[1]\/div[2]\/div[2]\/div[1]\" data-oe-model=\"product.template\" data-oe-id=\"37\" data-oe-field=\"description_ecommerce\" data-oe-type=\"html\" data-oe-expression=\"product.description_ecommerce\"><p>O Compactador Telesc\u00f3pico Contentor para Res\u00edduos Biol\u00f3gicos Infecciosos do Sistema Steriale \u00e9 uma solu\u00e7\u00e3o inovadora projetada para otimizar o manuseio de res\u00edduos hospitalares perigosos por meio da compacta\u00e7\u00e3o, economizando espa\u00e7o e volume e aumentando a efici\u00eancia.<\/p><p>Esse cont\u00eainer tem capacidade para 90 litros e \u00e9 feito de poliamida com fibra de vidro e alum\u00ednio, garantindo alta resist\u00eancia e durabilidade.<\/p><\/div>\t\t\t\t\t\t\t\t<\/div>\n\t\t\t\t<\/div>\n\t\t\t\t<\/div>\n\t\t<div class=\"elementor-element elementor-element-9bcbd95 e-con-full e-flex e-con e-child\" data-id=\"9bcbd95\" data-element_type=\"container\">\n\t\t\t\t<div class=\"elementor-element elementor-element-167d50a elementor-widget elementor-widget-heading\" data-id=\"167d50a\" data-element_type=\"widget\" data-widget_type=\"heading.default\">\n\t\t\t\t<div class=\"elementor-widget-container\">\n\t\t\t\t\t<h2 class=\"elementor-heading-title elementor-size-default\">Uso pretendido<\/h2>\t\t\t\t<\/div>\n\t\t\t\t<\/div>\n\t\t\t\t<div class=\"elementor-element elementor-element-89be2a0 elementor-widget elementor-widget-text-editor\" data-id=\"89be2a0\" data-element_type=\"widget\" data-widget_type=\"text-editor.default\">\n\t\t\t\t<div class=\"elementor-widget-container\">\n\t\t\t\t\t\t\t\t\t<p class=\"o_default_snippet_text\">Esse cont\u00eainer reutiliz\u00e1vel foi projetado especificamente para o transporte, o armazenamento e a compacta\u00e7\u00e3o seguros de res\u00edduos biol\u00f3gicos infecciosos. \u00c9 ideal para hospitais e instala\u00e7\u00f5es de sa\u00fade que precisam gerenciar res\u00edduos de diferentes densidades, incluindo sacos de res\u00edduos infecciosos hospitalares. <\/p><p class=\"o_default_snippet_text\">Para seu uso correto, o recipiente deve ser usado com a m\u00e1quina de compacta\u00e7\u00e3o Steriale. Depois de compactado, o recipiente \u00e9 levado diretamente para a autoclave da Steriale para a esteriliza\u00e7\u00e3o adequada. <\/p>\t\t\t\t\t\t\t\t<\/div>\n\t\t\t\t<\/div>\n\t\t\t\t<\/div>\n\t\t\t\t<\/div>\n\t\t<div class=\"elementor-element elementor-element-d50b929 e-con-full e-flex e-con e-child\" data-id=\"d50b929\" data-element_type=\"container\">\n\t\t<div class=\"elementor-element elementor-element-268a9af e-con-full e-flex e-con e-child\" data-id=\"268a9af\" data-element_type=\"container\">\n\t\t\t\t<div class=\"elementor-element elementor-element-6bc4633 elementor-widget elementor-widget-heading\" data-id=\"6bc4633\" data-element_type=\"widget\" data-widget_type=\"heading.default\">\n\t\t\t\t<div class=\"elementor-widget-container\">\n\t\t\t\t\t<h3 class=\"elementor-heading-title elementor-size-default\">Recursos<\/h3>\t\t\t\t<\/div>\n\t\t\t\t<\/div>\n\t\t\t\t<div class=\"elementor-element elementor-element-a0a413d elementor-widget elementor-widget-text-editor\" data-id=\"a0a413d\" data-element_type=\"widget\" data-widget_type=\"text-editor.default\">\n\t\t\t\t<div class=\"elementor-widget-container\">\n\t\t\t\t\t\t\t\t\t<ul><li>Fabricado em poliamida com fibra de vidro e alum\u00ednio para maior durabilidade e resist\u00eancia.<\/li><li>Ele \u00e9 usado em conjunto com o motor compactador da Steriale, permitindo economia de volume e manuseio de res\u00edduos de diferentes densidades.<\/li><li>Tampa com sistema de fechamento herm\u00e9tico patenteado pela Steriale. Uma vez fechada, ela n\u00e3o pode ser aberta at\u00e9 que o recipiente seja esterilizado. <\/li><li>Comprime at\u00e9 1\/3 de seu volume original.<\/li><li>Permite a compacta\u00e7\u00e3o de sacos de res\u00edduos infecciosos ou res\u00edduos depositados diretamente em seu interior de baixa densidade e alto volume.<\/li><li>Inclui c\u00f3digo QR para rastreabilidade do cont\u00eainer.<\/li><li>Projetado para ser facilmente lavado.<\/li><li>Todos os cont\u00eaineres telesc\u00f3picos permanecem compactados quando n\u00e3o est\u00e3o em uso, o que facilita o armazenamento.<\/li><\/ul>\t\t\t\t\t\t\t\t<\/div>\n\t\t\t\t<\/div>\n\t\t\t\t<\/div>\n\t\t<div class=\"elementor-element elementor-element-3d8355e e-con-full e-flex e-con e-child\" data-id=\"3d8355e\" data-element_type=\"container\">\n\t\t\t\t<div class=\"elementor-element elementor-element-d671449 elementor-widget elementor-widget-image\" data-id=\"d671449\" data-element_type=\"widget\" data-widget_type=\"image.default\">\n\t\t\t\t<div class=\"elementor-widget-container\">\n\t\t\t\t\t\t\t\t\t\t\t\t<figure class=\"wp-caption\">\n\t\t\t\t\t\t\t\t\t\t<img fetchpriority=\"high\" decoding=\"async\" width=\"1067\" height=\"851\" src=\"https:\/\/steriale.com\/wp-content\/uploads\/2025\/02\/ES_FT_0010_R00_Contenedor-Compactador-Telescopico-90-Litros.webp\" class=\"attachment-full size-full wp-image-3525\" alt=\"\" srcset=\"https:\/\/steriale.com\/wp-content\/uploads\/2025\/02\/ES_FT_0010_R00_Contenedor-Compactador-Telescopico-90-Litros.webp 1067w, https:\/\/steriale.com\/wp-content\/uploads\/2025\/02\/ES_FT_0010_R00_Contenedor-Compactador-Telescopico-90-Litros-300x239.webp 300w, https:\/\/steriale.com\/wp-content\/uploads\/2025\/02\/ES_FT_0010_R00_Contenedor-Compactador-Telescopico-90-Litros-1024x817.webp 1024w, https:\/\/steriale.com\/wp-content\/uploads\/2025\/02\/ES_FT_0010_R00_Contenedor-Compactador-Telescopico-90-Litros-768x613.webp 768w, https:\/\/steriale.com\/wp-content\/uploads\/2025\/02\/ES_FT_0010_R00_Contenedor-Compactador-Telescopico-90-Litros-600x479.webp 600w\" sizes=\"(max-width: 1067px) 100vw, 1067px\" \/>\t\t\t\t\t\t\t\t\t\t\t<figcaption class=\"widget-image-caption wp-caption-text\">Comprime at\u00e9 1\/3 de seu volume original<\/figcaption>\n\t\t\t\t\t\t\t\t\t\t<\/figure>\n\t\t\t\t\t\t\t\t\t<\/div>\n\t\t\t\t<\/div>\n\t\t\t\t<\/div>\n\t\t\t\t<\/div>\n\t\t<div class=\"elementor-element elementor-element-50882d7 e-con-full e-flex e-con e-child\" data-id=\"50882d7\" data-element_type=\"container\">\n\t\t<div class=\"elementor-element elementor-element-f6bc88e e-con-full e-flex e-con e-child\" data-id=\"f6bc88e\" data-element_type=\"container\">\n\t\t\t\t<div class=\"elementor-element elementor-element-7890383 elementor-widget elementor-widget-heading\" data-id=\"7890383\" data-element_type=\"widget\" data-widget_type=\"heading.default\">\n\t\t\t\t<div class=\"elementor-widget-container\">\n\t\t\t\t\t<h2 class=\"elementor-heading-title elementor-size-default\">Rastreabilidade<\/h2>\t\t\t\t<\/div>\n\t\t\t\t<\/div>\n\t\t\t\t<div class=\"elementor-element elementor-element-438bf95 elementor-widget elementor-widget-text-editor\" data-id=\"438bf95\" data-element_type=\"widget\" data-widget_type=\"text-editor.default\">\n\t\t\t\t<div class=\"elementor-widget-container\">\n\t\t\t\t\t\t\t\t\t<section class=\"s_media_list pt32 pb32 o_colored_level o_cc o_cc1\" data-vcss=\"001\" data-snippet=\"s_media_list\" data-name=\"Lista de medios\"><div class=\"container\"><div class=\"row s_nb_column_fixed s_col_no_bgcolor\"><div class=\"col-lg-12 s_media_list_item pt16 pb16\" data-name=\"Media item\"><div class=\"row s_col_no_resize s_col_no_bgcolor g-0 align-items-center o_colored_level o_cc o_cc1\"><div class=\"col-lg-8 s_media_list_body\"><p class=\"o_default_snippet_text\">Cont\u00e9m o c\u00f3digo QR para rastreabilidade do cont\u00eainer, integrado diretamente ao software Steriale.<\/p><\/div><\/div><\/div><\/div><\/div><\/section><section class=\"s_three_columns pt32 o_colored_level o_cc o_cc1 pb0\" data-vcss=\"001\" data-snippet=\"s_three_columns\" data-name=\"Columnas\"><div class=\"container\"><div class=\"row d-flex align-items-stretch\"><div class=\"s_col_no_bgcolor pt16 pb16 col-lg-12\"> <\/div><\/div><\/div><\/section>\t\t\t\t\t\t\t\t<\/div>\n\t\t\t\t<\/div>\n\t\t\t\t<\/div>\n\t\t<div class=\"elementor-element elementor-element-75d3689 e-con-full e-flex e-con e-child\" data-id=\"75d3689\" data-element_type=\"container\">\n\t\t\t\t<div class=\"elementor-element elementor-element-0d45f87 elementor-widget elementor-widget-heading\" data-id=\"0d45f87\" data-element_type=\"widget\" data-widget_type=\"heading.default\">\n\t\t\t\t<div class=\"elementor-widget-container\">\n\t\t\t\t\t<h2 class=\"elementor-heading-title elementor-size-default\">Cores dispon\u00edveis<\/h2>\t\t\t\t<\/div>\n\t\t\t\t<\/div>\n\t\t\t\t<div class=\"elementor-element elementor-element-a9ae3da elementor-widget elementor-widget-text-editor\" data-id=\"a9ae3da\" data-element_type=\"widget\" data-widget_type=\"text-editor.default\">\n\t\t\t\t<div class=\"elementor-widget-container\">\n\t\t\t\t\t\t\t\t\t<section class=\"s_media_list pt32 pb32 o_colored_level o_cc o_cc1\" data-vcss=\"001\" data-snippet=\"s_media_list\" data-name=\"Lista de medios\"><div class=\"container\"><div class=\"row s_nb_column_fixed s_col_no_bgcolor\"><div class=\"col-lg-12 s_media_list_item pt16 pb16\" data-name=\"Media item\"><div class=\"row s_col_no_resize s_col_no_bgcolor g-0 align-items-center o_colored_level o_cc o_cc1\"><div class=\"col-lg-8 s_media_list_body\"><ul class=\"card-text o_default_snippet_text\"><li>Vermelho<\/li><li>Amarelo<\/li><li>Preto<\/li><li>Branco<\/li><li>Verde<\/li><\/ul><\/div><\/div><\/div><\/div><\/div><\/section>\t\t\t\t\t\t\t\t<\/div>\n\t\t\t\t<\/div>\n\t\t\t\t<\/div>\n\t\t\t\t<\/div>\n\t\t<div class=\"elementor-element elementor-element-01c6d14 e-con-full e-flex e-con e-child\" data-id=\"01c6d14\" data-element_type=\"container\">\n\t\t<div class=\"elementor-element elementor-element-b236c23 e-con-full e-flex e-con e-child\" data-id=\"b236c23\" data-element_type=\"container\">\n\t\t\t\t<div class=\"elementor-element elementor-element-98ca845 elementor-widget elementor-widget-heading\" data-id=\"98ca845\" data-element_type=\"widget\" data-widget_type=\"heading.default\">\n\t\t\t\t<div class=\"elementor-widget-container\">\n\t\t\t\t\t<h2 class=\"elementor-heading-title elementor-size-default\">M\u00e9todo de esteriliza\u00e7\u00e3o<\/h2>\t\t\t\t<\/div>\n\t\t\t\t<\/div>\n\t\t\t\t<div class=\"elementor-element elementor-element-a2f8791 elementor-widget elementor-widget-text-editor\" data-id=\"a2f8791\" data-element_type=\"widget\" data-widget_type=\"text-editor.default\">\n\t\t\t\t<div class=\"elementor-widget-container\">\n\t\t\t\t\t\t\t\t\t<div class=\"col-lg-4 s_col_no_bgcolor pt16 pb16\"><div class=\"card text-bg-white h-100\"><div class=\"card-body\"><ul class=\"card-text o_default_snippet_text\"><li>Autoclave Classe B<\/li><\/ul><\/div><\/div><\/div><div class=\"col-lg-4 s_col_no_bgcolor pt16 pb16\"> <\/div>\t\t\t\t\t\t\t\t<\/div>\n\t\t\t\t<\/div>\n\t\t\t\t<\/div>\n\t\t<div class=\"elementor-element elementor-element-0de6966 e-con-full e-flex e-con e-child\" data-id=\"0de6966\" data-element_type=\"container\">\n\t\t\t\t<div class=\"elementor-element elementor-element-d9ea8ae elementor-widget elementor-widget-heading\" data-id=\"d9ea8ae\" data-element_type=\"widget\" data-widget_type=\"heading.default\">\n\t\t\t\t<div class=\"elementor-widget-container\">\n\t\t\t\t\t<h2 class=\"elementor-heading-title elementor-size-default\">Personaliza\u00e7\u00e3o<\/h2>\t\t\t\t<\/div>\n\t\t\t\t<\/div>\n\t\t\t\t<div class=\"elementor-element elementor-element-60c70f6 elementor-widget elementor-widget-text-editor\" data-id=\"60c70f6\" data-element_type=\"widget\" data-widget_type=\"text-editor.default\">\n\t\t\t\t<div class=\"elementor-widget-container\">\n\t\t\t\t\t\t\t\t\t<p class=\"card-text o_default_snippet_text\">\u00c9 poss\u00edvel personalizar a etiqueta para atender \u00e0 legisla\u00e7\u00e3o local.<\/p>\t\t\t\t\t\t\t\t<\/div>\n\t\t\t\t<\/div>\n\t\t\t\t<\/div>\n\t\t\t\t<\/div>\n\t\t<div class=\"elementor-element elementor-element-71040bc e-con-full e-flex e-con e-child\" data-id=\"71040bc\" data-element_type=\"container\">\n\t\t<div class=\"elementor-element elementor-element-88e3fe6 e-con-full e-flex e-con e-child\" data-id=\"88e3fe6\" data-element_type=\"container\">\n\t\t<div class=\"elementor-element elementor-element-8f9cfae e-con-full e-flex e-con e-child\" data-id=\"8f9cfae\" data-element_type=\"container\">\n\t\t\t\t<div class=\"elementor-element elementor-element-4dc8889 elementor-widget elementor-widget-heading\" data-id=\"4dc8889\" data-element_type=\"widget\" data-widget_type=\"heading.default\">\n\t\t\t\t<div class=\"elementor-widget-container\">\n\t\t\t\t\t<h2 class=\"elementor-heading-title elementor-size-default\">Dimens\u00f5es<\/h2>\t\t\t\t<\/div>\n\t\t\t\t<\/div>\n\t\t\t\t<div class=\"elementor-element elementor-element-fb8f6e7 elementor-widget elementor-widget-image\" data-id=\"fb8f6e7\" data-element_type=\"widget\" data-widget_type=\"image.default\">\n\t\t\t\t<div class=\"elementor-widget-container\">\n\t\t\t\t\t\t\t\t\t\t\t\t<figure class=\"wp-caption\">\n\t\t\t\t\t\t\t\t\t\t<img decoding=\"async\" width=\"679\" height=\"721\" src=\"https:\/\/steriale.com\/wp-content\/uploads\/2025\/02\/ES_FT_0010_R00_Contenedor-Compactador-Telescopico-90-Litros-1.webp\" class=\"attachment-large size-large wp-image-3522\" alt=\"\" srcset=\"https:\/\/steriale.com\/wp-content\/uploads\/2025\/02\/ES_FT_0010_R00_Contenedor-Compactador-Telescopico-90-Litros-1.webp 679w, https:\/\/steriale.com\/wp-content\/uploads\/2025\/02\/ES_FT_0010_R00_Contenedor-Compactador-Telescopico-90-Litros-1-283x300.webp 283w, https:\/\/steriale.com\/wp-content\/uploads\/2025\/02\/ES_FT_0010_R00_Contenedor-Compactador-Telescopico-90-Litros-1-600x637.webp 600w\" sizes=\"(max-width: 679px) 100vw, 679px\" \/>\t\t\t\t\t\t\t\t\t\t\t<figcaption class=\"widget-image-caption wp-caption-text\">A = Compactado<br>B = Aberto<\/figcaption>\n\t\t\t\t\t\t\t\t\t\t<\/figure>\n\t\t\t\t\t\t\t\t\t<\/div>\n\t\t\t\t<\/div>\n\t\t\t\t<\/div>\n\t\t\t\t<\/div>\n\t\t\t\t<\/div>\n\t\t<div class=\"elementor-element elementor-element-8d3fdc7 e-con-full ft-table e-flex e-con e-child\" data-id=\"8d3fdc7\" data-element_type=\"container\">\n\t\t\t\t<div class=\"elementor-element elementor-element-987771d elementor-widget elementor-widget-heading\" data-id=\"987771d\" data-element_type=\"widget\" data-widget_type=\"heading.default\">\n\t\t\t\t<div class=\"elementor-widget-container\">\n\t\t\t\t\t<h2 class=\"elementor-heading-title elementor-size-default\">Informa\u00e7\u00f5es t\u00e9cnicas<\/h2>\t\t\t\t<\/div>\n\t\t\t\t<\/div>\n\t\t\t\t<div class=\"elementor-element elementor-element-2d4cda7 elementor-widget elementor-widget-text-editor\" data-id=\"2d4cda7\" data-element_type=\"widget\" data-widget_type=\"text-editor.default\">\n\t\t\t\t<div class=\"elementor-widget-container\">\n\t\t\t\t\t\t\t\t\t<table>\n<tbody>\n<tr>\n<td><strong>Material do Contentor<\/strong><\/td>\n<td>Poliamida com fibra de vidro e alum\u00ednio<\/td>\n<\/tr>\n<\/tbody>\n<\/table>\t\t\t\t\t\t\t\t<\/div>\n\t\t\t\t<\/div>\n\t\t\t\t<\/div>\n\t\t\t\t\t<\/div>\n\t\t\t\t<\/main>\n\t\t\t\t<\/div>\n\t\t","protected":false},"excerpt":{"rendered":"<p>Contentor Compactador telesc\u00f3pico para o sistema Steriale, economiza espa\u00e7o, melhorando a efici\u00eancia operacional. Usado com autoclave de 45 litros e m\u00e1quina de compacta\u00e7\u00e3o. <\/p>\n","protected":false},"featured_media":3820,"template":"","meta":{"_acf_changed":false},"product_brand":[150],"product_cat":[177,179],"product_tag":[],"class_list":{"0":"post-4414","1":"product","2":"type-product","3":"status-publish","4":"has-post-thumbnail","6":"product_brand-steriale","7":"product_cat-contentores","8":"product_cat-contentores-compactadores","10":"first","11":"instock","12":"shipping-taxable","13":"product-type-simple"},"acf":[],"aioseo_notices":[],"_links":{"self":[{"href":"https:\/\/steriale.com\/pt-br\/wp-json\/wp\/v2\/product\/4414","targetHints":{"allow":["GET"]}}],"collection":[{"href":"https:\/\/steriale.com\/pt-br\/wp-json\/wp\/v2\/product"}],"about":[{"href":"https:\/\/steriale.com\/pt-br\/wp-json\/wp\/v2\/types\/product"}],"version-history":[{"count":1,"href":"https:\/\/steriale.com\/pt-br\/wp-json\/wp\/v2\/product\/4414\/revisions"}],"predecessor-version":[{"id":4419,"href":"https:\/\/steriale.com\/pt-br\/wp-json\/wp\/v2\/product\/4414\/revisions\/4419"}],"wp:featuredmedia":[{"embeddable":true,"href":"https:\/\/steriale.com\/pt-br\/wp-json\/wp\/v2\/media\/3820"}],"wp:attachment":[{"href":"https:\/\/steriale.com\/pt-br\/wp-json\/wp\/v2\/media?parent=4414"}],"wp:term":[{"taxonomy":"product_brand","embeddable":true,"href":"https:\/\/steriale.com\/pt-br\/wp-json\/wp\/v2\/product_brand?post=4414"},{"taxonomy":"product_cat","embeddable":true,"href":"https:\/\/steriale.com\/pt-br\/wp-json\/wp\/v2\/product_cat?post=4414"},{"taxonomy":"product_tag","embeddable":true,"href":"https:\/\/steriale.com\/pt-br\/wp-json\/wp\/v2\/product_tag?post=4414"}],"curies":[{"name":"wp","href":"https:\/\/api.w.org\/{rel}","templated":true}]}}