{"id":4405,"date":"2025-02-23T13:56:35","date_gmt":"2025-02-23T11:56:35","guid":{"rendered":"https:\/\/steriale.com\/product\/consumiveis-de-papelao-para-afiadores\/"},"modified":"2025-02-24T21:59:27","modified_gmt":"2025-02-24T19:59:27","slug":"consumiveis-de-papelao-para-afiadores","status":"publish","type":"product","link":"https:\/\/steriale.com\/pt-br\/produtos\/consumiveis-de-papelao-para-afiadores\/","title":{"rendered":"Consum\u00edveis de papel\u00e3o para afiadores"},"content":{"rendered":"\t\t<div data-elementor-type=\"product-post\" data-elementor-id=\"4405\" class=\"elementor elementor-4405 elementor-3385\" data-elementor-post-type=\"product\">\n\t\t\t\t<main class=\"elementor-element elementor-element-327ff4a e-flex e-con-boxed e-con e-parent\" data-id=\"327ff4a\" data-element_type=\"container\">\n\t\t\t\t\t<div class=\"e-con-inner\">\n\t\t<div class=\"elementor-element elementor-element-a742480 e-con-full e-flex e-con e-child\" data-id=\"a742480\" data-element_type=\"container\">\n\t\t<div class=\"elementor-element elementor-element-4e84f7b e-con-full e-flex e-con e-child\" data-id=\"4e84f7b\" data-element_type=\"container\">\n\t\t\t\t<div class=\"elementor-element elementor-element-58b99d6 elementor-widget elementor-widget-heading\" data-id=\"58b99d6\" data-element_type=\"widget\" data-widget_type=\"heading.default\">\n\t\t\t\t<div class=\"elementor-widget-container\">\n\t\t\t\t\t<h2 class=\"elementor-heading-title elementor-size-default\">Apresenta\u00e7\u00e3o<\/h2>\t\t\t\t<\/div>\n\t\t\t\t<\/div>\n\t\t\t\t<div class=\"elementor-element elementor-element-4ba7b2b elementor-widget elementor-widget-text-editor\" data-id=\"4ba7b2b\" data-element_type=\"widget\" data-widget_type=\"text-editor.default\">\n\t\t\t\t<div class=\"elementor-widget-container\">\n\t\t\t\t\t\t\t\t\t<div class=\"oe_structure\" data-oe-xpath=\"\/t[1]\/t[4]\/div[1]\/section[1]\/div[2]\/div[2]\/div[1]\" data-oe-model=\"product.template\" data-oe-id=\"37\" data-oe-field=\"description_ecommerce\" data-oe-type=\"html\" data-oe-expression=\"product.description_ecommerce\"><p>O consum\u00edvel de papel\u00e3o recicl\u00e1vel Steriale foi projetado especificamente para uso com o cont\u00eainer Steriale para res\u00edduos biol\u00f3gicos infecciosos cortantes. Ele est\u00e1 dispon\u00edvel nas vers\u00f5es de 1,5, 3, 4,5 e 7,5 litros, permitindo uma adapta\u00e7\u00e3o flex\u00edvel para atender aos requisitos de volume de res\u00edduos. <\/p><p>Cada caixa de consum\u00edveis \u00e9 f\u00e1cil de montar e armazenar com efici\u00eancia gra\u00e7as ao seu design dobr\u00e1vel e compacto.<\/p><\/div>\t\t\t\t\t\t\t\t<\/div>\n\t\t\t\t<\/div>\n\t\t\t\t<\/div>\n\t\t<div class=\"elementor-element elementor-element-3b27c45 e-con-full e-flex e-con e-child\" data-id=\"3b27c45\" data-element_type=\"container\">\n\t\t\t\t<div class=\"elementor-element elementor-element-6b79ee3 elementor-widget elementor-widget-heading\" data-id=\"6b79ee3\" data-element_type=\"widget\" data-widget_type=\"heading.default\">\n\t\t\t\t<div class=\"elementor-widget-container\">\n\t\t\t\t\t<h2 class=\"elementor-heading-title elementor-size-default\">Uso pretendido<\/h2>\t\t\t\t<\/div>\n\t\t\t\t<\/div>\n\t\t\t\t<div class=\"elementor-element elementor-element-92f8e98 elementor-widget elementor-widget-text-editor\" data-id=\"92f8e98\" data-element_type=\"widget\" data-widget_type=\"text-editor.default\">\n\t\t\t\t<div class=\"elementor-widget-container\">\n\t\t\t\t\t\t\t\t\t<section class=\"s_text_image pt32 pb32 o_colored_level\" data-snippet=\"s_image_text\" data-name=\"Imagen - Texto\"><div class=\"container\"><div class=\"row align-items-center\"><div class=\"pt16 pb16 o_colored_level col-lg-12\"><p class=\"o_default_snippet_text\">O consum\u00edvel de papel\u00e3o Steriale foi projetado para o armazenamento e o transporte seguros de res\u00edduos hospitalares perigosos, incluindo materiais cortantes, perfurantes ou contundentes. Seu uso em conjunto com o cont\u00eainer Steriale garante o manuseio seguro e minimiza o risco de acidentes ocupacionais para os operadores. <\/p><p class=\"o_default_snippet_text\">Depois de cheio, o consum\u00edvel de papel\u00e3o, juntamente com a tampa, deve ser esterilizado. Ap\u00f3s a esteriliza\u00e7\u00e3o, o sistema de fechamento patenteado garante que ele n\u00e3o possa ser reaberto. <\/p><\/div><\/div><\/div><\/section>\t\t\t\t\t\t\t\t<\/div>\n\t\t\t\t<\/div>\n\t\t\t\t<\/div>\n\t\t\t\t<\/div>\n\t\t<div class=\"elementor-element elementor-element-bf8f388 e-con-full e-flex e-con e-child\" data-id=\"bf8f388\" data-element_type=\"container\">\n\t\t<div class=\"elementor-element elementor-element-c7ed6fd e-con-full e-flex e-con e-child\" data-id=\"c7ed6fd\" data-element_type=\"container\">\n\t\t\t\t<div class=\"elementor-element elementor-element-dc447b4 elementor-widget elementor-widget-heading\" data-id=\"dc447b4\" data-element_type=\"widget\" data-widget_type=\"heading.default\">\n\t\t\t\t<div class=\"elementor-widget-container\">\n\t\t\t\t\t<h3 class=\"elementor-heading-title elementor-size-default\">Recursos<\/h3>\t\t\t\t<\/div>\n\t\t\t\t<\/div>\n\t\t\t\t<div class=\"elementor-element elementor-element-e02231f elementor-widget elementor-widget-text-editor\" data-id=\"e02231f\" data-element_type=\"widget\" data-widget_type=\"text-editor.default\">\n\t\t\t\t<div class=\"elementor-widget-container\">\n\t\t\t\t\t\t\t\t\t<ul><li>Fabricado em papel\u00e3o recicl\u00e1vel, contribuindo para a sustentabilidade ambiental.<\/li><li>O sistema de fechamento patenteado da Steriale garante que o material de consumo permane\u00e7a fechado ap\u00f3s a remo\u00e7\u00e3o do recipiente e at\u00e9 o processamento na autoclave.<\/li><li>Cada consum\u00edvel inclui uma fita indicadora de esteriliza\u00e7\u00e3o que permite a verifica\u00e7\u00e3o visual do processo.<\/li><li>Ele incorpora um c\u00f3digo QR que se integra ao software Steriale para total rastreabilidade dos res\u00edduos.<\/li><li>A tampa girat\u00f3ria do consum\u00edvel de papel\u00e3o \u00e9 travada ap\u00f3s a esteriliza\u00e7\u00e3o, evitando qualquer reabertura acidental.<\/li><li>O design inteligente do consum\u00edvel cartonado, em combina\u00e7\u00e3o com o recipiente Steriale, protege o operador do risco de contamina\u00e7\u00e3o e de acidentes ocupacionais.<\/li><li>O consum\u00edvel cartonado \u00e9 fornecido em uma \u00fanica pe\u00e7a dobrada, que pode ser facilmente aberta e montada enganchando as &#8220;orelhas&#8221; da embalagem cartonada, otimizando o espa\u00e7o de armazenamento.<\/li><li>Os consum\u00edveis de papel\u00e3o podem ser triturados e descartados de acordo com a legisla\u00e7\u00e3o nacional, sem gerar emiss\u00f5es t\u00f3xicas durante a incinera\u00e7\u00e3o.<\/li><\/ul>\t\t\t\t\t\t\t\t<\/div>\n\t\t\t\t<\/div>\n\t\t\t\t<\/div>\n\t\t<div class=\"elementor-element elementor-element-ba13470 e-con-full e-flex e-con e-child\" data-id=\"ba13470\" data-element_type=\"container\">\n\t\t\t\t<div class=\"elementor-element elementor-element-ee0d7b6 elementor-widget elementor-widget-image\" data-id=\"ee0d7b6\" data-element_type=\"widget\" data-widget_type=\"image.default\">\n\t\t\t\t<div class=\"elementor-widget-container\">\n\t\t\t\t\t\t\t\t\t\t\t\t<figure class=\"wp-caption\">\n\t\t\t\t\t\t\t\t\t\t<img fetchpriority=\"high\" decoding=\"async\" width=\"1920\" height=\"1215\" src=\"https:\/\/steriale.com\/wp-content\/uploads\/2025\/02\/consumible-y-tapa-punzocortante-steriale-principal.png\" class=\"attachment-full size-full wp-image-3483\" alt=\"\" srcset=\"https:\/\/steriale.com\/wp-content\/uploads\/2025\/02\/consumible-y-tapa-punzocortante-steriale-principal.png 1920w, https:\/\/steriale.com\/wp-content\/uploads\/2025\/02\/consumible-y-tapa-punzocortante-steriale-principal-300x190.png 300w, https:\/\/steriale.com\/wp-content\/uploads\/2025\/02\/consumible-y-tapa-punzocortante-steriale-principal-1024x648.png 1024w, https:\/\/steriale.com\/wp-content\/uploads\/2025\/02\/consumible-y-tapa-punzocortante-steriale-principal-768x486.png 768w, https:\/\/steriale.com\/wp-content\/uploads\/2025\/02\/consumible-y-tapa-punzocortante-steriale-principal-1536x972.png 1536w, https:\/\/steriale.com\/wp-content\/uploads\/2025\/02\/consumible-y-tapa-punzocortante-steriale-principal-600x380.png 600w\" sizes=\"(max-width: 1920px) 100vw, 1920px\" \/>\t\t\t\t\t\t\t\t\t\t\t<figcaption class=\"widget-image-caption wp-caption-text\">Consum\u00edvel de 1,5 litro com tampa de recipiente. Esteriliza como mostrado na imagem. <\/figcaption>\n\t\t\t\t\t\t\t\t\t\t<\/figure>\n\t\t\t\t\t\t\t\t\t<\/div>\n\t\t\t\t<\/div>\n\t\t\t\t<\/div>\n\t\t\t\t<\/div>\n\t\t<div class=\"elementor-element elementor-element-47495e2 e-con-full e-flex e-con e-child\" data-id=\"47495e2\" data-element_type=\"container\">\n\t\t<div class=\"elementor-element elementor-element-7bb34da e-con-full e-flex e-con e-child\" data-id=\"7bb34da\" data-element_type=\"container\">\n\t\t\t\t<div class=\"elementor-element elementor-element-149ba85 elementor-widget elementor-widget-image\" data-id=\"149ba85\" data-element_type=\"widget\" data-widget_type=\"image.default\">\n\t\t\t\t<div class=\"elementor-widget-container\">\n\t\t\t\t\t\t\t\t\t\t\t\t\t\t\t<img decoding=\"async\" width=\"690\" height=\"690\" src=\"https:\/\/steriale.com\/wp-content\/uploads\/2025\/02\/consumible-punzocortante-steriale-zoom-QR-Code.webp\" class=\"attachment-large size-large wp-image-3480\" alt=\"\" srcset=\"https:\/\/steriale.com\/wp-content\/uploads\/2025\/02\/consumible-punzocortante-steriale-zoom-QR-Code.webp 690w, https:\/\/steriale.com\/wp-content\/uploads\/2025\/02\/consumible-punzocortante-steriale-zoom-QR-Code-300x300.webp 300w, https:\/\/steriale.com\/wp-content\/uploads\/2025\/02\/consumible-punzocortante-steriale-zoom-QR-Code-150x150.webp 150w, https:\/\/steriale.com\/wp-content\/uploads\/2025\/02\/consumible-punzocortante-steriale-zoom-QR-Code-600x600.webp 600w, https:\/\/steriale.com\/wp-content\/uploads\/2025\/02\/consumible-punzocortante-steriale-zoom-QR-Code-100x100.webp 100w\" sizes=\"(max-width: 690px) 100vw, 690px\" \/>\t\t\t\t\t\t\t\t\t\t\t\t\t\t\t<\/div>\n\t\t\t\t<\/div>\n\t\t\t\t<div class=\"elementor-element elementor-element-a015279 elementor-widget elementor-widget-heading\" data-id=\"a015279\" data-element_type=\"widget\" data-widget_type=\"heading.default\">\n\t\t\t\t<div class=\"elementor-widget-container\">\n\t\t\t\t\t<h2 class=\"elementor-heading-title elementor-size-default\">Rastreabilidade e fita indicadora<\/h2>\t\t\t\t<\/div>\n\t\t\t\t<\/div>\n\t\t\t\t<div class=\"elementor-element elementor-element-025d896 elementor-widget elementor-widget-text-editor\" data-id=\"025d896\" data-element_type=\"widget\" data-widget_type=\"text-editor.default\">\n\t\t\t\t<div class=\"elementor-widget-container\">\n\t\t\t\t\t\t\t\t\t<section class=\"s_media_list pt32 pb32 o_colored_level o_cc o_cc1\" data-vcss=\"001\" data-snippet=\"s_media_list\" data-name=\"Lista de medios\"><div class=\"container\"><div class=\"row s_nb_column_fixed s_col_no_bgcolor\"><div class=\"col-lg-12 s_media_list_item pt16 pb16\" data-name=\"Media item\"><div class=\"row s_col_no_resize s_col_no_bgcolor g-0 align-items-center o_colored_level o_cc o_cc1\"><div class=\"col-lg-8 s_media_list_body\"><ul class=\"o_default_snippet_text\"><li>A fita indicadora de esteriliza\u00e7\u00e3o do sistema Steriale \u00e9 um recurso adicional que permite que voc\u00ea identifique visualmente se o res\u00edduo foi adequadamente esterilizado.<\/li><li>Ele cont\u00e9m o c\u00f3digo QR para rastreabilidade dos res\u00edduos, integrado diretamente ao software Steriale.  <\/li><\/ul><\/div><\/div><\/div><\/div><\/div><\/section>\t\t\t\t\t\t\t\t<\/div>\n\t\t\t\t<\/div>\n\t\t\t\t<\/div>\n\t\t<div class=\"elementor-element elementor-element-a287520 e-con-full e-flex e-con e-child\" data-id=\"a287520\" data-element_type=\"container\">\n\t\t\t\t<div class=\"elementor-element elementor-element-a2f45a0 elementor-widget elementor-widget-heading\" data-id=\"a2f45a0\" data-element_type=\"widget\" data-widget_type=\"heading.default\">\n\t\t\t\t<div class=\"elementor-widget-container\">\n\t\t\t\t\t<h2 class=\"elementor-heading-title elementor-size-default\">Sistema patenteado de libera\u00e7\u00e3o autom\u00e1tica p\u00f3s-esteriliza\u00e7\u00e3o<\/h2>\t\t\t\t<\/div>\n\t\t\t\t<\/div>\n\t\t\t\t<div class=\"elementor-element elementor-element-9e6b98c elementor-widget elementor-widget-image\" data-id=\"9e6b98c\" data-element_type=\"widget\" data-widget_type=\"image.default\">\n\t\t\t\t<div class=\"elementor-widget-container\">\n\t\t\t\t\t\t\t\t\t\t\t\t\t\t\t<img decoding=\"async\" width=\"800\" height=\"235\" src=\"https:\/\/steriale.com\/wp-content\/uploads\/2025\/02\/ES_FT_0008_R00_Consumibles-Carton-para-Punzocortantes-1024x301.webp\" class=\"attachment-large size-large wp-image-3516\" alt=\"\" srcset=\"https:\/\/steriale.com\/wp-content\/uploads\/2025\/02\/ES_FT_0008_R00_Consumibles-Carton-para-Punzocortantes-1024x301.webp 1024w, https:\/\/steriale.com\/wp-content\/uploads\/2025\/02\/ES_FT_0008_R00_Consumibles-Carton-para-Punzocortantes-300x88.webp 300w, https:\/\/steriale.com\/wp-content\/uploads\/2025\/02\/ES_FT_0008_R00_Consumibles-Carton-para-Punzocortantes-768x225.webp 768w, https:\/\/steriale.com\/wp-content\/uploads\/2025\/02\/ES_FT_0008_R00_Consumibles-Carton-para-Punzocortantes-600x176.webp 600w, https:\/\/steriale.com\/wp-content\/uploads\/2025\/02\/ES_FT_0008_R00_Consumibles-Carton-para-Punzocortantes.webp 1189w\" sizes=\"(max-width: 800px) 100vw, 800px\" \/>\t\t\t\t\t\t\t\t\t\t\t\t\t\t\t<\/div>\n\t\t\t\t<\/div>\n\t\t\t\t<\/div>\n\t\t\t\t<\/div>\n\t\t<div class=\"elementor-element elementor-element-d6fb027 e-con-full e-flex e-con e-child\" data-id=\"d6fb027\" data-element_type=\"container\">\n\t\t<div class=\"elementor-element elementor-element-daf30e8 e-con-full e-flex e-con e-child\" data-id=\"daf30e8\" data-element_type=\"container\">\n\t\t\t\t<div class=\"elementor-element elementor-element-85bef51 elementor-widget elementor-widget-heading\" data-id=\"85bef51\" data-element_type=\"widget\" data-widget_type=\"heading.default\">\n\t\t\t\t<div class=\"elementor-widget-container\">\n\t\t\t\t\t<h2 class=\"elementor-heading-title elementor-size-default\">M\u00e9todo de esteriliza\u00e7\u00e3o<\/h2>\t\t\t\t<\/div>\n\t\t\t\t<\/div>\n\t\t\t\t<div class=\"elementor-element elementor-element-e38b0b7 elementor-widget elementor-widget-text-editor\" data-id=\"e38b0b7\" data-element_type=\"widget\" data-widget_type=\"text-editor.default\">\n\t\t\t\t<div class=\"elementor-widget-container\">\n\t\t\t\t\t\t\t\t\t<div class=\"col-lg-4 s_col_no_bgcolor pt16 pb16\"><div class=\"card text-bg-white h-100\"><div class=\"card-body\"><ul class=\"card-text o_default_snippet_text\"><li>Autoclave Classe B<\/li><\/ul><\/div><\/div><\/div><div class=\"col-lg-4 s_col_no_bgcolor pt16 pb16\"> <\/div>\t\t\t\t\t\t\t\t<\/div>\n\t\t\t\t<\/div>\n\t\t\t\t<\/div>\n\t\t<div class=\"elementor-element elementor-element-33aedea e-con-full e-flex e-con e-child\" data-id=\"33aedea\" data-element_type=\"container\">\n\t\t\t\t<div class=\"elementor-element elementor-element-0ef9d9b elementor-widget elementor-widget-heading\" data-id=\"0ef9d9b\" data-element_type=\"widget\" data-widget_type=\"heading.default\">\n\t\t\t\t<div class=\"elementor-widget-container\">\n\t\t\t\t\t<h2 class=\"elementor-heading-title elementor-size-default\">Material<\/h2>\t\t\t\t<\/div>\n\t\t\t\t<\/div>\n\t\t\t\t<div class=\"elementor-element elementor-element-67287ab elementor-widget elementor-widget-text-editor\" data-id=\"67287ab\" data-element_type=\"widget\" data-widget_type=\"text-editor.default\">\n\t\t\t\t<div class=\"elementor-widget-container\">\n\t\t\t\t\t\t\t\t\t<section class=\"s_three_columns pt32 o_colored_level o_cc o_cc1 pb0\" data-vcss=\"001\" data-snippet=\"s_three_columns\" data-name=\"Columnas\"><div class=\"container\"><div class=\"row d-flex align-items-stretch\"><div class=\"s_col_no_bgcolor pt16 pb16 col-lg-6\"><div class=\"card text-bg-white h-100\"><div class=\"card-body\"><ul class=\"card-text o_default_snippet_text\"><li>Papel\u00e3o recicl\u00e1vel<\/li><\/ul><\/div><\/div><\/div><\/div><\/div><\/section><section class=\"s_three_columns pb32 o_colored_level o_cc o_cc1 pt0\" data-vcss=\"001\" data-snippet=\"s_three_columns\" data-name=\"Columnas\"><div class=\"container\"><div class=\"row d-flex align-items-stretch\"><div class=\"s_col_no_bgcolor pt16 pb16 col-lg-12\"> <\/div><\/div><\/div><\/section>\t\t\t\t\t\t\t\t<\/div>\n\t\t\t\t<\/div>\n\t\t\t\t<\/div>\n\t\t\t\t<\/div>\n\t\t<div class=\"elementor-element elementor-element-0500487 e-con-full e-flex e-con e-child\" data-id=\"0500487\" data-element_type=\"container\">\n\t\t<div class=\"elementor-element elementor-element-aa54b4d e-con-full e-flex e-con e-child\" data-id=\"aa54b4d\" data-element_type=\"container\">\n\t\t<div class=\"elementor-element elementor-element-a764a21 e-con-full e-flex e-con e-child\" data-id=\"a764a21\" data-element_type=\"container\">\n\t\t\t\t<div class=\"elementor-element elementor-element-aa9f6d4 elementor-widget elementor-widget-heading\" data-id=\"aa9f6d4\" data-element_type=\"widget\" data-widget_type=\"heading.default\">\n\t\t\t\t<div class=\"elementor-widget-container\">\n\t\t\t\t\t<h2 class=\"elementor-heading-title elementor-size-default\">Tecnologia patenteada<\/h2>\t\t\t\t<\/div>\n\t\t\t\t<\/div>\n\t\t\t\t<div class=\"elementor-element elementor-element-12b9323 elementor-widget elementor-widget-text-editor\" data-id=\"12b9323\" data-element_type=\"widget\" data-widget_type=\"text-editor.default\">\n\t\t\t\t<div class=\"elementor-widget-container\">\n\t\t\t\t\t\t\t\t\t<p>Nosso <strong data-start=\"8\" data-end=\"53\">cont\u00eainer reutiliz\u00e1vel<\/strong> para materiais perfurocortantes, patenteado pela Steriale, combina <strong data-start=\"87\" data-end=\"129\">seguran\u00e7a, sustentabilidade e efici\u00eancia<\/strong> no gerenciamento de res\u00edduos perfurocortantes. Sua estrutura externa \u00e9 feita de pl\u00e1stico dur\u00e1vel e reutiliz\u00e1vel, enquanto no interior os res\u00edduos s\u00e3o depositados em um <strong data-start=\"309\" data-end=\"342\">coletor de papel\u00e3o recicl\u00e1vel<\/strong> com um <strong data-start=\"350\" data-end=\"382\">sistema de fechamento permanente<\/strong>. Esse design inovador garante que o papel\u00e3o n\u00e3o possa ser removido ou adulterado antes da esteriliza\u00e7\u00e3o, reduzindo o risco de exposi\u00e7\u00e3o. Depois de esterilizado, o cont\u00eainer interno permanece selado com seguran\u00e7a. Al\u00e9m disso, de acordo com as normas locais, oferecemos uma <strong data-start=\"657\" data-end=\"680\">m\u00e1quina de tritura\u00e7\u00e3o<\/strong> para processar o material esterilizado, proporcionando uma solu\u00e7\u00e3o ainda mais eficiente e ecologicamente correta.    <\/p>\t\t\t\t\t\t\t\t<\/div>\n\t\t\t\t<\/div>\n\t\t\t\t<\/div>\n\t\t<div class=\"elementor-element elementor-element-a14cfa3 e-con-full e-flex e-con e-child\" data-id=\"a14cfa3\" data-element_type=\"container\">\n\t\t\t\t<div class=\"elementor-element elementor-element-57eb3bc elementor-widget elementor-widget-video\" data-id=\"57eb3bc\" data-element_type=\"widget\" data-settings=\"{&quot;video_type&quot;:&quot;hosted&quot;,&quot;autoplay&quot;:&quot;yes&quot;,&quot;play_on_mobile&quot;:&quot;yes&quot;,&quot;mute&quot;:&quot;yes&quot;,&quot;loop&quot;:&quot;yes&quot;}\" data-widget_type=\"video.default\">\n\t\t\t\t<div class=\"elementor-widget-container\">\n\t\t\t\t\t\t\t<div class=\"e-hosted-video elementor-wrapper elementor-open-inline\">\n\t\t\t\t\t<video class=\"elementor-video\" src=\"https:\/\/steriale.com\/wp-content\/uploads\/2025\/02\/mini-video-steriale-sharps.mp4\" autoplay=\"\" loop=\"\" muted=\"muted\" playsinline=\"\" controlsList=\"nodownload\"><\/video>\n\t\t\t\t<\/div>\n\t\t\t\t\t\t<\/div>\n\t\t\t\t<\/div>\n\t\t\t\t<\/div>\n\t\t\t\t<\/div>\n\t\t\t\t<\/div>\n\t\t<div class=\"elementor-element elementor-element-2c8ee1b e-con-full e-flex e-con e-child\" data-id=\"2c8ee1b\" data-element_type=\"container\">\n\t\t<div class=\"elementor-element elementor-element-ba3dbb8 e-con-full e-flex e-con e-child\" data-id=\"ba3dbb8\" data-element_type=\"container\">\n\t\t<div class=\"elementor-element elementor-element-151bb10 e-con-full e-flex e-con e-child\" data-id=\"151bb10\" data-element_type=\"container\">\n\t\t\t\t<div class=\"elementor-element elementor-element-4779d3d elementor-widget elementor-widget-heading\" data-id=\"4779d3d\" data-element_type=\"widget\" data-widget_type=\"heading.default\">\n\t\t\t\t<div class=\"elementor-widget-container\">\n\t\t\t\t\t<h2 class=\"elementor-heading-title elementor-size-default\">Dimens\u00f5es<\/h2>\t\t\t\t<\/div>\n\t\t\t\t<\/div>\n\t\t\t\t<div class=\"elementor-element elementor-element-349822c elementor-widget elementor-widget-image\" data-id=\"349822c\" data-element_type=\"widget\" data-widget_type=\"image.default\">\n\t\t\t\t<div class=\"elementor-widget-container\">\n\t\t\t\t\t\t\t\t\t\t\t\t<figure class=\"wp-caption\">\n\t\t\t\t\t\t\t\t\t\t<img loading=\"lazy\" decoding=\"async\" width=\"800\" height=\"600\" src=\"https:\/\/steriale.com\/wp-content\/uploads\/2025\/02\/ES_FT_0008_R00_Consumibles-Carton-para-Punzocortantes-1.webp\" class=\"attachment-large size-large wp-image-3513\" alt=\"\" srcset=\"https:\/\/steriale.com\/wp-content\/uploads\/2025\/02\/ES_FT_0008_R00_Consumibles-Carton-para-Punzocortantes-1.webp 1024w, https:\/\/steriale.com\/wp-content\/uploads\/2025\/02\/ES_FT_0008_R00_Consumibles-Carton-para-Punzocortantes-1-300x225.webp 300w, https:\/\/steriale.com\/wp-content\/uploads\/2025\/02\/ES_FT_0008_R00_Consumibles-Carton-para-Punzocortantes-1-768x576.webp 768w, https:\/\/steriale.com\/wp-content\/uploads\/2025\/02\/ES_FT_0008_R00_Consumibles-Carton-para-Punzocortantes-1-600x450.webp 600w\" sizes=\"(max-width: 800px) 100vw, 800px\" \/>\t\t\t\t\t\t\t\t\t\t\t<figcaption class=\"widget-image-caption wp-caption-text\"><\/figcaption>\n\t\t\t\t\t\t\t\t\t\t<\/figure>\n\t\t\t\t\t\t\t\t\t<\/div>\n\t\t\t\t<\/div>\n\t\t\t\t<\/div>\n\t\t\t\t<\/div>\n\t\t\t\t<\/div>\n\t\t<div class=\"elementor-element elementor-element-c2a7536 e-con-full ft-table e-flex e-con e-child\" data-id=\"c2a7536\" data-element_type=\"container\">\n\t\t<div class=\"elementor-element elementor-element-0ab308a e-con-full ft-table e-flex e-con e-child\" data-id=\"0ab308a\" data-element_type=\"container\">\n\t\t\t\t<div class=\"elementor-element elementor-element-3a2c9a8 elementor-widget elementor-widget-text-editor\" data-id=\"3a2c9a8\" data-element_type=\"widget\" data-widget_type=\"text-editor.default\">\n\t\t\t\t<div class=\"elementor-widget-container\">\n\t\t\t\t\t\t\t\t\t<table><tbody><tr><td><p><strong>Modelo<\/strong><\/p><\/td><td><p><strong>1,5 litros<\/strong><\/p><\/td><td><p><strong>3 litros<\/strong><\/p><\/td><td><p><strong>4,5 litros<\/strong><\/p><\/td><td><p><strong>7,5 litros<\/strong><\/p><\/td><\/tr><tr><td><p><strong>Dimens\u00f5es abertas<\/strong><\/p><p>(L \u00d7 C \u00d7 A) mm<\/p><\/td><td><p>130 x 130 x 90 mm<\/p><\/td><td><p>130 x 130 x 170 mm<\/p><\/td><td><p>130 x 130 x 270 mm<\/p><\/td><td><p>130 x 130 x 440 mm<\/p><\/td><\/tr><tr><td><p><strong>Dimens\u00f5es da caixa de transporte<\/strong><\/p><\/td><td><p>280 x 280 x 350 mm<\/p><\/td><td><p>270 x 350 x 350 mm<\/p><\/td><td><p>270 x 460 x 350 mm<\/p><\/td><td><p>270 x 620 x 350 mm<\/p><\/td><\/tr><tr><td><p><strong>Quantidade por caixa de transporte<\/strong><\/p><\/td><td><p>50 pe\u00e7as<\/p><\/td><td><p>50 pe\u00e7as<\/p><\/td><td><p>50 pe\u00e7as<\/p><\/td><td><p>50 pe\u00e7as<\/p><\/td><\/tr><\/tbody><\/table>\t\t\t\t\t\t\t\t<\/div>\n\t\t\t\t<\/div>\n\t\t\t\t<\/div>\n\t\t\t\t<\/div>\n\t\t\t\t\t<\/div>\n\t\t\t\t<\/main>\n\t\t\t\t<\/div>\n\t\t","protected":false},"excerpt":{"rendered":"<p>Projetado especificamente para uso com o cont\u00eainer Steriale para res\u00edduos biol\u00f3gicos infecciosos cortantes. Vers\u00f5es de 1,5, 3, 4,5 e 7,5 litros. <\/p>\n","protected":false},"featured_media":3737,"template":"","meta":{"_acf_changed":false},"product_brand":[150],"product_cat":[176],"product_tag":[],"class_list":{"0":"post-4405","1":"product","2":"type-product","3":"status-publish","4":"has-post-thumbnail","6":"product_brand-steriale","7":"product_cat-consumiveis","9":"first","10":"instock","11":"shipping-taxable","12":"product-type-variable"},"acf":[],"aioseo_notices":[],"_links":{"self":[{"href":"https:\/\/steriale.com\/pt-br\/wp-json\/wp\/v2\/product\/4405","targetHints":{"allow":["GET"]}}],"collection":[{"href":"https:\/\/steriale.com\/pt-br\/wp-json\/wp\/v2\/product"}],"about":[{"href":"https:\/\/steriale.com\/pt-br\/wp-json\/wp\/v2\/types\/product"}],"version-history":[{"count":1,"href":"https:\/\/steriale.com\/pt-br\/wp-json\/wp\/v2\/product\/4405\/revisions"}],"predecessor-version":[{"id":4411,"href":"https:\/\/steriale.com\/pt-br\/wp-json\/wp\/v2\/product\/4405\/revisions\/4411"}],"wp:featuredmedia":[{"embeddable":true,"href":"https:\/\/steriale.com\/pt-br\/wp-json\/wp\/v2\/media\/3737"}],"wp:attachment":[{"href":"https:\/\/steriale.com\/pt-br\/wp-json\/wp\/v2\/media?parent=4405"}],"wp:term":[{"taxonomy":"product_brand","embeddable":true,"href":"https:\/\/steriale.com\/pt-br\/wp-json\/wp\/v2\/product_brand?post=4405"},{"taxonomy":"product_cat","embeddable":true,"href":"https:\/\/steriale.com\/pt-br\/wp-json\/wp\/v2\/product_cat?post=4405"},{"taxonomy":"product_tag","embeddable":true,"href":"https:\/\/steriale.com\/pt-br\/wp-json\/wp\/v2\/product_tag?post=4405"}],"curies":[{"name":"wp","href":"https:\/\/api.w.org\/{rel}","templated":true}]}}