{"id":4402,"date":"2025-02-23T13:56:35","date_gmt":"2025-02-23T11:56:35","guid":{"rendered":"https:\/\/steriale.com\/product\/contentor-compactador-steriale-160-litros\/"},"modified":"2025-02-24T21:59:26","modified_gmt":"2025-02-24T19:59:26","slug":"contentor-compactador-steriale-160-litros","status":"publish","type":"product","link":"https:\/\/steriale.com\/pt-br\/produtos\/contentor-compactador-steriale-160-litros\/","title":{"rendered":"Contentor Compactador Steriale 160 litros"},"content":{"rendered":"\t\t<div data-elementor-type=\"product-post\" data-elementor-id=\"4402\" class=\"elementor elementor-4402 elementor-3383\" data-elementor-post-type=\"product\">\n\t\t\t\t<main class=\"elementor-element elementor-element-e7f7683 e-flex e-con-boxed e-con e-parent\" data-id=\"e7f7683\" data-element_type=\"container\">\n\t\t\t\t\t<div class=\"e-con-inner\">\n\t\t<div class=\"elementor-element elementor-element-f50df77 e-con-full e-flex e-con e-child\" data-id=\"f50df77\" data-element_type=\"container\">\n\t\t<div class=\"elementor-element elementor-element-eb0abdf e-con-full e-flex e-con e-child\" data-id=\"eb0abdf\" data-element_type=\"container\">\n\t\t\t\t<div class=\"elementor-element elementor-element-718ad6d elementor-widget elementor-widget-heading\" data-id=\"718ad6d\" data-element_type=\"widget\" data-widget_type=\"heading.default\">\n\t\t\t\t<div class=\"elementor-widget-container\">\n\t\t\t\t\t<h2 class=\"elementor-heading-title elementor-size-default\">Apresenta\u00e7\u00e3o<\/h2>\t\t\t\t<\/div>\n\t\t\t\t<\/div>\n\t\t\t\t<div class=\"elementor-element elementor-element-9438981 elementor-widget elementor-widget-text-editor\" data-id=\"9438981\" data-element_type=\"widget\" data-widget_type=\"text-editor.default\">\n\t\t\t\t<div class=\"elementor-widget-container\">\n\t\t\t\t\t\t\t\t\t<div class=\"oe_structure\" data-oe-xpath=\"\/t[1]\/t[4]\/div[1]\/section[1]\/div[2]\/div[2]\/div[1]\" data-oe-model=\"product.template\" data-oe-id=\"37\" data-oe-field=\"description_ecommerce\" data-oe-type=\"html\" data-oe-expression=\"product.description_ecommerce\"><p>O Compactador Telesc\u00f3pico Contentor para Res\u00edduos Biol\u00f3gicos Infecciosos do Sistema Steriale \u00e9 uma solu\u00e7\u00e3o inovadora projetada para otimizar o manuseio de res\u00edduos hospitalares perigosos por meio da compacta\u00e7\u00e3o, economizando espa\u00e7o e volume e aumentando a efici\u00eancia.<\/p><p>Esse cont\u00eainer tem capacidade para 160 litros e \u00e9 feito de poliamida com fibra de vidro, garantindo alta resist\u00eancia e durabilidade. A tampa se abre em at\u00e9 270 graus para facilitar o acesso. Opcionalmente, ele est\u00e1 dispon\u00edvel com um pedal para abrir a tampa.  <\/p><\/div>\t\t\t\t\t\t\t\t<\/div>\n\t\t\t\t<\/div>\n\t\t\t\t<\/div>\n\t\t<div class=\"elementor-element elementor-element-34b94da e-con-full e-flex e-con e-child\" data-id=\"34b94da\" data-element_type=\"container\">\n\t\t\t\t<div class=\"elementor-element elementor-element-2a485f1 elementor-widget elementor-widget-heading\" data-id=\"2a485f1\" data-element_type=\"widget\" data-widget_type=\"heading.default\">\n\t\t\t\t<div class=\"elementor-widget-container\">\n\t\t\t\t\t<h2 class=\"elementor-heading-title elementor-size-default\">Uso pretendido<\/h2>\t\t\t\t<\/div>\n\t\t\t\t<\/div>\n\t\t\t\t<div class=\"elementor-element elementor-element-03ea8c3 elementor-widget elementor-widget-text-editor\" data-id=\"03ea8c3\" data-element_type=\"widget\" data-widget_type=\"text-editor.default\">\n\t\t\t\t<div class=\"elementor-widget-container\">\n\t\t\t\t\t\t\t\t\t<p class=\"o_default_snippet_text\">Esse cont\u00eainer reutiliz\u00e1vel foi projetado especificamente para o transporte, o armazenamento e a compacta\u00e7\u00e3o seguros de res\u00edduos biol\u00f3gicos infecciosos. \u00c9 ideal para hospitais e instala\u00e7\u00f5es de sa\u00fade que precisam gerenciar res\u00edduos de diferentes densidades, incluindo sacos de res\u00edduos infecciosos hospitalares. <\/p><p class=\"o_default_snippet_text\">Para o uso correto, o recipiente deve ser usado com o Motor Compactador Steriale. Depois de compactado, o recipiente \u00e9 levado diretamente para a autoclave da Steriale para esteriliza\u00e7\u00e3o. <\/p>\t\t\t\t\t\t\t\t<\/div>\n\t\t\t\t<\/div>\n\t\t\t\t<\/div>\n\t\t\t\t<\/div>\n\t\t<div class=\"elementor-element elementor-element-5efd22e e-con-full e-flex e-con e-child\" data-id=\"5efd22e\" data-element_type=\"container\">\n\t\t<div class=\"elementor-element elementor-element-3ee142c e-con-full e-flex e-con e-child\" data-id=\"3ee142c\" data-element_type=\"container\">\n\t\t\t\t<div class=\"elementor-element elementor-element-8f8ed5d elementor-widget elementor-widget-heading\" data-id=\"8f8ed5d\" data-element_type=\"widget\" data-widget_type=\"heading.default\">\n\t\t\t\t<div class=\"elementor-widget-container\">\n\t\t\t\t\t<h3 class=\"elementor-heading-title elementor-size-default\">Recursos<\/h3>\t\t\t\t<\/div>\n\t\t\t\t<\/div>\n\t\t\t\t<div class=\"elementor-element elementor-element-0f1af17 elementor-widget elementor-widget-text-editor\" data-id=\"0f1af17\" data-element_type=\"widget\" data-widget_type=\"text-editor.default\">\n\t\t\t\t<div class=\"elementor-widget-container\">\n\t\t\t\t\t\t\t\t\t<ul><li>Fabricado em poliamida com fibra de vidro e alum\u00ednio para maior durabilidade e resist\u00eancia.<\/li><li>Ele \u00e9 usado em conjunto com o motor compactador da Steriale, permitindo economia de volume e manuseio de res\u00edduos de diferentes densidades.<\/li><li>A tampa com o sistema de fechamento herm\u00e9tico patenteado pela Steriale abre at\u00e9 270 graus para facilitar o acesso. Uma vez fechada, ela n\u00e3o pode ser aberta at\u00e9 que o recipiente seja esterilizado. <\/li><li>Al\u00e9m de ser transportado pelo carrinho de esteriliza\u00e7\u00e3o e transfer\u00eancia da Steriale, o cont\u00eainer \u00e9 equipado com al\u00e7as para transporte individual. Opcionalmente, um pedal pode ser adicionado para abrir a tampa. <\/li><li>Comprime at\u00e9 1\/3 de seu volume original.<\/li><li>Permite a compacta\u00e7\u00e3o de sacos de res\u00edduos infecciosos ou res\u00edduos depositados diretamente em seu interior de baixa densidade e alto volume.<\/li><li>Inclui c\u00f3digo QR para rastreabilidade do cont\u00eainer.<\/li><li>Projetado para ser facilmente lavado.<\/li><li>Todos os cont\u00eaineres telesc\u00f3picos permanecem compactados quando n\u00e3o est\u00e3o em uso, o que facilita o armazenamento.<\/li><li> <\/li><\/ul>\t\t\t\t\t\t\t\t<\/div>\n\t\t\t\t<\/div>\n\t\t\t\t<\/div>\n\t\t<div class=\"elementor-element elementor-element-26d03b4 e-con-full e-flex e-con e-child\" data-id=\"26d03b4\" data-element_type=\"container\">\n\t\t\t\t<div class=\"elementor-element elementor-element-cf200fc elementor-widget elementor-widget-image\" data-id=\"cf200fc\" data-element_type=\"widget\" data-widget_type=\"image.default\">\n\t\t\t\t<div class=\"elementor-widget-container\">\n\t\t\t\t\t\t\t\t\t\t\t\t<figure class=\"wp-caption\">\n\t\t\t\t\t\t\t\t\t\t<img fetchpriority=\"high\" decoding=\"async\" width=\"690\" height=\"1092\" src=\"https:\/\/steriale.com\/wp-content\/uploads\/2025\/02\/compacting-juntos.webp\" class=\"attachment-full size-full wp-image-3477\" alt=\"\" srcset=\"https:\/\/steriale.com\/wp-content\/uploads\/2025\/02\/compacting-juntos.webp 690w, https:\/\/steriale.com\/wp-content\/uploads\/2025\/02\/compacting-juntos-190x300.webp 190w, https:\/\/steriale.com\/wp-content\/uploads\/2025\/02\/compacting-juntos-647x1024.webp 647w, https:\/\/steriale.com\/wp-content\/uploads\/2025\/02\/compacting-juntos-600x950.webp 600w\" sizes=\"(max-width: 690px) 100vw, 690px\" \/>\t\t\t\t\t\t\t\t\t\t\t<figcaption class=\"widget-image-caption wp-caption-text\">Processo de compacta\u00e7\u00e3o. Compacta at\u00e9 1\/3 de seu volume original. <\/figcaption>\n\t\t\t\t\t\t\t\t\t\t<\/figure>\n\t\t\t\t\t\t\t\t\t<\/div>\n\t\t\t\t<\/div>\n\t\t\t\t<\/div>\n\t\t\t\t<\/div>\n\t\t<div class=\"elementor-element elementor-element-3d3f5da e-con-full e-flex e-con e-child\" data-id=\"3d3f5da\" data-element_type=\"container\">\n\t\t<div class=\"elementor-element elementor-element-71d2150 e-con-full e-flex e-con e-child\" data-id=\"71d2150\" data-element_type=\"container\">\n\t\t\t\t<div class=\"elementor-element elementor-element-26137ed elementor-widget elementor-widget-image\" data-id=\"26137ed\" data-element_type=\"widget\" data-widget_type=\"image.default\">\n\t\t\t\t<div class=\"elementor-widget-container\">\n\t\t\t\t\t\t\t\t\t\t\t\t\t\t\t<img decoding=\"async\" width=\"800\" height=\"599\" src=\"https:\/\/steriale.com\/wp-content\/uploads\/2025\/02\/ES_FT_0007_R02_Contenedor-Solidos-60-Litros.webp\" class=\"attachment-large size-large wp-image-3510\" alt=\"\" srcset=\"https:\/\/steriale.com\/wp-content\/uploads\/2025\/02\/ES_FT_0007_R02_Contenedor-Solidos-60-Litros.webp 994w, https:\/\/steriale.com\/wp-content\/uploads\/2025\/02\/ES_FT_0007_R02_Contenedor-Solidos-60-Litros-300x225.webp 300w, https:\/\/steriale.com\/wp-content\/uploads\/2025\/02\/ES_FT_0007_R02_Contenedor-Solidos-60-Litros-768x575.webp 768w, https:\/\/steriale.com\/wp-content\/uploads\/2025\/02\/ES_FT_0007_R02_Contenedor-Solidos-60-Litros-600x449.webp 600w\" sizes=\"(max-width: 800px) 100vw, 800px\" \/>\t\t\t\t\t\t\t\t\t\t\t\t\t\t\t<\/div>\n\t\t\t\t<\/div>\n\t\t\t\t<div class=\"elementor-element elementor-element-f6740f4 elementor-widget elementor-widget-heading\" data-id=\"f6740f4\" data-element_type=\"widget\" data-widget_type=\"heading.default\">\n\t\t\t\t<div class=\"elementor-widget-container\">\n\t\t\t\t\t<h2 class=\"elementor-heading-title elementor-size-default\">Carrinho de esteriliza\u00e7\u00e3o\n<\/h2>\t\t\t\t<\/div>\n\t\t\t\t<\/div>\n\t\t\t\t<div class=\"elementor-element elementor-element-4c75e13 elementor-widget elementor-widget-text-editor\" data-id=\"4c75e13\" data-element_type=\"widget\" data-widget_type=\"text-editor.default\">\n\t\t\t\t<div class=\"elementor-widget-container\">\n\t\t\t\t\t\t\t\t\t<section class=\"s_media_list pt32 pb32 o_colored_level o_cc o_cc1\" data-vcss=\"001\" data-snippet=\"s_media_list\" data-name=\"Lista de medios\"><div class=\"container\"><div class=\"row s_nb_column_fixed s_col_no_bgcolor\"><div class=\"col-lg-12 s_media_list_item pt16 pb16\" data-name=\"Media item\"><div class=\"row s_col_no_resize s_col_no_bgcolor g-0 align-items-center o_colored_level o_cc o_cc1\"><div class=\"col-lg-8 s_media_list_body\"><div class=\"col-lg-12 s_media_list_item pt16 pb16\" data-name=\"Media item\"><div class=\"row s_col_no_resize s_col_no_bgcolor g-0 o_colored_level o_cc o_cc1 align-items-center\"><div class=\"s_media_list_body col-lg-6\"><p class=\"o_default_snippet_text\">Ele pode ser transportado compactado no carrinho de esteriliza\u00e7\u00e3o e transfer\u00eancia fornecido pela Steriale.<\/p><\/div><\/div><\/div><div class=\"col-lg-12 s_media_list_item pt16 pb16\" data-name=\"Media item\"><div class=\"row s_col_no_resize s_col_no_bgcolor g-0 o_colored_level o_cc o_cc1 align-items-center flex-row-reverse\"> <\/div><\/div><\/div><\/div><\/div><\/div><\/div><\/section>\t\t\t\t\t\t\t\t<\/div>\n\t\t\t\t<\/div>\n\t\t\t\t<\/div>\n\t\t<div class=\"elementor-element elementor-element-96232a9 e-con-full e-flex e-con e-child\" data-id=\"96232a9\" data-element_type=\"container\">\n\t\t\t\t<div class=\"elementor-element elementor-element-6d23024 elementor-widget elementor-widget-video\" data-id=\"6d23024\" data-element_type=\"widget\" data-settings=\"{&quot;video_type&quot;:&quot;hosted&quot;,&quot;autoplay&quot;:&quot;yes&quot;,&quot;mute&quot;:&quot;yes&quot;,&quot;loop&quot;:&quot;yes&quot;}\" data-widget_type=\"video.default\">\n\t\t\t\t<div class=\"elementor-widget-container\">\n\t\t\t\t\t\t\t<div class=\"e-hosted-video elementor-wrapper elementor-open-inline\">\n\t\t\t\t\t<video class=\"elementor-video\" src=\"https:\/\/steriale.com\/wp-content\/uploads\/2025\/02\/mini-video-steriale-container.mp4\" autoplay=\"\" loop=\"\" muted=\"muted\" controlsList=\"nodownload\"><\/video>\n\t\t\t\t<\/div>\n\t\t\t\t\t\t<\/div>\n\t\t\t\t<\/div>\n\t\t\t\t<div class=\"elementor-element elementor-element-1314dbc elementor-widget elementor-widget-heading\" data-id=\"1314dbc\" data-element_type=\"widget\" data-widget_type=\"heading.default\">\n\t\t\t\t<div class=\"elementor-widget-container\">\n\t\t\t\t\t<h2 class=\"elementor-heading-title elementor-size-default\">Personaliza\u00e7\u00e3o<\/h2>\t\t\t\t<\/div>\n\t\t\t\t<\/div>\n\t\t\t\t<div class=\"elementor-element elementor-element-354f5d6 elementor-widget elementor-widget-text-editor\" data-id=\"354f5d6\" data-element_type=\"widget\" data-widget_type=\"text-editor.default\">\n\t\t\t\t<div class=\"elementor-widget-container\">\n\t\t\t\t\t\t\t\t\t<ul class=\"card-text o_default_snippet_text\"><li>\u00c9 poss\u00edvel personalizar a etiqueta para atender \u00e0 legisla\u00e7\u00e3o local.<\/li><li>Ele oferece a possibilidade de adicionar um pedal para abertura da tampa sem o uso das m\u00e3os.<\/li><\/ul>\t\t\t\t\t\t\t\t<\/div>\n\t\t\t\t<\/div>\n\t\t\t\t<\/div>\n\t\t\t\t<\/div>\n\t\t<div class=\"elementor-element elementor-element-9365cd8 e-con-full e-flex e-con e-child\" data-id=\"9365cd8\" data-element_type=\"container\">\n\t\t<div class=\"elementor-element elementor-element-33a22f4 e-con-full e-flex e-con e-child\" data-id=\"33a22f4\" data-element_type=\"container\">\n\t\t\t\t<div class=\"elementor-element elementor-element-9f0b767 elementor-widget elementor-widget-heading\" data-id=\"9f0b767\" data-element_type=\"widget\" data-widget_type=\"heading.default\">\n\t\t\t\t<div class=\"elementor-widget-container\">\n\t\t\t\t\t<h2 class=\"elementor-heading-title elementor-size-default\">M\u00e9todo de esteriliza\u00e7\u00e3o<\/h2>\t\t\t\t<\/div>\n\t\t\t\t<\/div>\n\t\t\t\t<div class=\"elementor-element elementor-element-b0be4c3 elementor-widget elementor-widget-text-editor\" data-id=\"b0be4c3\" data-element_type=\"widget\" data-widget_type=\"text-editor.default\">\n\t\t\t\t<div class=\"elementor-widget-container\">\n\t\t\t\t\t\t\t\t\t<div class=\"col-lg-4 s_col_no_bgcolor pt16 pb16\"><div class=\"card text-bg-white h-100\"><div class=\"card-body\"><ul class=\"card-text o_default_snippet_text\"><li>Autoclave Classe B<\/li><\/ul><\/div><\/div><\/div><div class=\"col-lg-4 s_col_no_bgcolor pt16 pb16\"> <\/div>\t\t\t\t\t\t\t\t<\/div>\n\t\t\t\t<\/div>\n\t\t\t\t<\/div>\n\t\t<div class=\"elementor-element elementor-element-e0f722b e-con-full e-flex e-con e-child\" data-id=\"e0f722b\" data-element_type=\"container\">\n\t\t\t\t<div class=\"elementor-element elementor-element-549da5f elementor-widget elementor-widget-heading\" data-id=\"549da5f\" data-element_type=\"widget\" data-widget_type=\"heading.default\">\n\t\t\t\t<div class=\"elementor-widget-container\">\n\t\t\t\t\t<h2 class=\"elementor-heading-title elementor-size-default\">Cores dispon\u00edveis<\/h2>\t\t\t\t<\/div>\n\t\t\t\t<\/div>\n\t\t\t\t<div class=\"elementor-element elementor-element-0604d16 elementor-widget elementor-widget-text-editor\" data-id=\"0604d16\" data-element_type=\"widget\" data-widget_type=\"text-editor.default\">\n\t\t\t\t<div class=\"elementor-widget-container\">\n\t\t\t\t\t\t\t\t\t<section class=\"s_media_list pt32 pb32 o_colored_level o_cc o_cc1\" data-vcss=\"001\" data-snippet=\"s_media_list\" data-name=\"Lista de medios\"><div class=\"container\"><div class=\"row s_nb_column_fixed s_col_no_bgcolor\"><div class=\"col-lg-12 s_media_list_item pt16 pb16\" data-name=\"Media item\"><div class=\"row s_col_no_resize s_col_no_bgcolor g-0 align-items-center o_colored_level o_cc o_cc1\"><div class=\"col-lg-8 s_media_list_body\"><ul class=\"card-text o_default_snippet_text\"><li>Vermelho<\/li><li>Amarelo<\/li><li>Branco<\/li><li>Preto<\/li><li>Verde<\/li><\/ul><\/div><\/div><\/div><\/div><\/div><\/section>\t\t\t\t\t\t\t\t<\/div>\n\t\t\t\t<\/div>\n\t\t\t\t<\/div>\n\t\t\t\t<\/div>\n\t\t<div class=\"elementor-element elementor-element-a9f31b1 e-con-full e-flex e-con e-child\" data-id=\"a9f31b1\" data-element_type=\"container\">\n\t\t<div class=\"elementor-element elementor-element-4ec809a e-con-full e-flex e-con e-child\" data-id=\"4ec809a\" data-element_type=\"container\">\n\t\t<div class=\"elementor-element elementor-element-c907625 e-con-full e-flex e-con e-child\" data-id=\"c907625\" data-element_type=\"container\">\n\t\t\t\t<div class=\"elementor-element elementor-element-7f6acdf elementor-widget elementor-widget-heading\" data-id=\"7f6acdf\" data-element_type=\"widget\" data-widget_type=\"heading.default\">\n\t\t\t\t<div class=\"elementor-widget-container\">\n\t\t\t\t\t<h2 class=\"elementor-heading-title elementor-size-default\">Rota\u00e7\u00e3o da tampa<\/h2>\t\t\t\t<\/div>\n\t\t\t\t<\/div>\n\t\t\t\t<div class=\"elementor-element elementor-element-f3f1aa8 elementor-widget elementor-widget-text-editor\" data-id=\"f3f1aa8\" data-element_type=\"widget\" data-widget_type=\"text-editor.default\">\n\t\t\t\t<div class=\"elementor-widget-container\">\n\t\t\t\t\t\t\t\t\t<section class=\"s_media_list pt32 pb32 o_colored_level o_cc o_cc1\" data-vcss=\"001\" data-snippet=\"s_media_list\" data-name=\"Lista de medios\"><div class=\"container\"><div class=\"row s_nb_column_fixed s_col_no_bgcolor\"><div class=\"col-lg-12 s_media_list_item pt16 pb16\" data-name=\"Media item\"><div class=\"row s_col_no_resize s_col_no_bgcolor g-0 o_colored_level o_cc o_cc1 align-items-center flex-row-reverse\"><div class=\"s_media_list_body col-lg-6\"><p class=\"o_default_snippet_text\">A tampa do cont\u00eainer tem um sistema de abertura que permite uma rota\u00e7\u00e3o de at\u00e9 270 graus, facilitando significativamente o acesso e o manuseio do cont\u00eainer.<\/p><\/div><\/div><\/div><\/div><\/div><\/section>\t\t\t\t\t\t\t\t<\/div>\n\t\t\t\t<\/div>\n\t\t\t\t<\/div>\n\t\t<div class=\"elementor-element elementor-element-2bc6ad4 e-con-full e-flex e-con e-child\" data-id=\"2bc6ad4\" data-element_type=\"container\">\n\t\t\t\t<div class=\"elementor-element elementor-element-5b04190 elementor-widget elementor-widget-image\" data-id=\"5b04190\" data-element_type=\"widget\" data-widget_type=\"image.default\">\n\t\t\t\t<div class=\"elementor-widget-container\">\n\t\t\t\t\t\t\t\t\t\t\t\t<figure class=\"wp-caption\">\n\t\t\t\t\t\t\t\t\t\t<img decoding=\"async\" width=\"1042\" height=\"1082\" src=\"https:\/\/steriale.com\/wp-content\/uploads\/2025\/02\/tapa-270-grados.webp\" class=\"attachment-full size-full wp-image-3570\" alt=\"\" srcset=\"https:\/\/steriale.com\/wp-content\/uploads\/2025\/02\/tapa-270-grados.webp 1042w, https:\/\/steriale.com\/wp-content\/uploads\/2025\/02\/tapa-270-grados-289x300.webp 289w, https:\/\/steriale.com\/wp-content\/uploads\/2025\/02\/tapa-270-grados-986x1024.webp 986w, https:\/\/steriale.com\/wp-content\/uploads\/2025\/02\/tapa-270-grados-768x797.webp 768w, https:\/\/steriale.com\/wp-content\/uploads\/2025\/02\/tapa-270-grados-600x623.webp 600w\" sizes=\"(max-width: 1042px) 100vw, 1042px\" \/>\t\t\t\t\t\t\t\t\t\t\t<figcaption class=\"widget-image-caption wp-caption-text\"><\/figcaption>\n\t\t\t\t\t\t\t\t\t\t<\/figure>\n\t\t\t\t\t\t\t\t\t<\/div>\n\t\t\t\t<\/div>\n\t\t\t\t<\/div>\n\t\t\t\t<\/div>\n\t\t\t\t<\/div>\n\t\t<div class=\"elementor-element elementor-element-5fd7fe5 e-con-full e-flex e-con e-child\" data-id=\"5fd7fe5\" data-element_type=\"container\">\n\t\t<div class=\"elementor-element elementor-element-e291d3c e-con-full e-flex e-con e-child\" data-id=\"e291d3c\" data-element_type=\"container\">\n\t\t<div class=\"elementor-element elementor-element-66a70fb e-con-full e-flex e-con e-child\" data-id=\"66a70fb\" data-element_type=\"container\">\n\t\t\t\t<div class=\"elementor-element elementor-element-5d88abb elementor-widget elementor-widget-heading\" data-id=\"5d88abb\" data-element_type=\"widget\" data-widget_type=\"heading.default\">\n\t\t\t\t<div class=\"elementor-widget-container\">\n\t\t\t\t\t<h2 class=\"elementor-heading-title elementor-size-default\">Dimens\u00f5es<\/h2>\t\t\t\t<\/div>\n\t\t\t\t<\/div>\n\t\t\t\t<div class=\"elementor-element elementor-element-7801c48 elementor-widget elementor-widget-image\" data-id=\"7801c48\" data-element_type=\"widget\" data-widget_type=\"image.default\">\n\t\t\t\t<div class=\"elementor-widget-container\">\n\t\t\t\t\t\t\t\t\t\t\t\t<figure class=\"wp-caption\">\n\t\t\t\t\t\t\t\t\t\t<img loading=\"lazy\" decoding=\"async\" width=\"800\" height=\"596\" src=\"https:\/\/steriale.com\/wp-content\/uploads\/2025\/02\/ES_FT_0009_R00_Contenedor-Compactador-Telescopico-160-Litros.webp\" class=\"attachment-large size-large wp-image-3519\" alt=\"\" srcset=\"https:\/\/steriale.com\/wp-content\/uploads\/2025\/02\/ES_FT_0009_R00_Contenedor-Compactador-Telescopico-160-Litros.webp 970w, https:\/\/steriale.com\/wp-content\/uploads\/2025\/02\/ES_FT_0009_R00_Contenedor-Compactador-Telescopico-160-Litros-300x224.webp 300w, https:\/\/steriale.com\/wp-content\/uploads\/2025\/02\/ES_FT_0009_R00_Contenedor-Compactador-Telescopico-160-Litros-768x572.webp 768w, https:\/\/steriale.com\/wp-content\/uploads\/2025\/02\/ES_FT_0009_R00_Contenedor-Compactador-Telescopico-160-Litros-600x447.webp 600w\" sizes=\"(max-width: 800px) 100vw, 800px\" \/>\t\t\t\t\t\t\t\t\t\t\t<figcaption class=\"widget-image-caption wp-caption-text\">A = Est\u00e1gio 1<br>B = Est\u00e1gio 2<br>C = Est\u00e1gio 3<\/figcaption>\n\t\t\t\t\t\t\t\t\t\t<\/figure>\n\t\t\t\t\t\t\t\t\t<\/div>\n\t\t\t\t<\/div>\n\t\t\t\t<\/div>\n\t\t\t\t<\/div>\n\t\t\t\t<\/div>\n\t\t<div class=\"elementor-element elementor-element-0da1365 e-con-full ft-table e-flex e-con e-child\" data-id=\"0da1365\" data-element_type=\"container\">\n\t\t\t\t<div class=\"elementor-element elementor-element-ece8993 elementor-widget elementor-widget-heading\" data-id=\"ece8993\" data-element_type=\"widget\" data-widget_type=\"heading.default\">\n\t\t\t\t<div class=\"elementor-widget-container\">\n\t\t\t\t\t<h2 class=\"elementor-heading-title elementor-size-default\">Informa\u00e7\u00f5es t\u00e9cnicas<\/h2>\t\t\t\t<\/div>\n\t\t\t\t<\/div>\n\t\t\t\t<div class=\"elementor-element elementor-element-6a78a91 elementor-widget elementor-widget-text-editor\" data-id=\"6a78a91\" data-element_type=\"widget\" data-widget_type=\"text-editor.default\">\n\t\t\t\t<div class=\"elementor-widget-container\">\n\t\t\t\t\t\t\t\t\t<table>\n<tbody>\n<tr>\n<td><strong>Material do Contentor<\/strong><\/td>\n<td>Poliamida com fibra de vidro<\/td>\n<\/tr>\n<tr>\n<td><strong>Empilh\u00e1vel<\/strong><\/td>\n<td>Sim<\/td>\n<\/tr>\n<\/tbody>\n<\/table>\t\t\t\t\t\t\t\t<\/div>\n\t\t\t\t<\/div>\n\t\t\t\t<\/div>\n\t\t\t\t\t<\/div>\n\t\t\t\t<\/main>\n\t\t\t\t<\/div>\n\t\t","protected":false},"excerpt":{"rendered":"<p>Contentor O Compactador Telesc\u00f3picoteriale System economiza espa\u00e7o, melhorando a efici\u00eancia operacional. Opcionalmente dispon\u00edvel com pedal para abrir a tampa. <\/p>\n","protected":false},"featured_media":3824,"template":"","meta":{"_acf_changed":false},"product_brand":[150],"product_cat":[177,179],"product_tag":[],"class_list":{"0":"post-4402","1":"product","2":"type-product","3":"status-publish","4":"has-post-thumbnail","6":"product_brand-steriale","7":"product_cat-contentores","8":"product_cat-contentores-compactadores","10":"first","11":"instock","12":"shipping-taxable","13":"product-type-simple"},"acf":[],"aioseo_notices":[],"_links":{"self":[{"href":"https:\/\/steriale.com\/pt-br\/wp-json\/wp\/v2\/product\/4402","targetHints":{"allow":["GET"]}}],"collection":[{"href":"https:\/\/steriale.com\/pt-br\/wp-json\/wp\/v2\/product"}],"about":[{"href":"https:\/\/steriale.com\/pt-br\/wp-json\/wp\/v2\/types\/product"}],"version-history":[{"count":1,"href":"https:\/\/steriale.com\/pt-br\/wp-json\/wp\/v2\/product\/4402\/revisions"}],"predecessor-version":[{"id":4404,"href":"https:\/\/steriale.com\/pt-br\/wp-json\/wp\/v2\/product\/4402\/revisions\/4404"}],"wp:featuredmedia":[{"embeddable":true,"href":"https:\/\/steriale.com\/pt-br\/wp-json\/wp\/v2\/media\/3824"}],"wp:attachment":[{"href":"https:\/\/steriale.com\/pt-br\/wp-json\/wp\/v2\/media?parent=4402"}],"wp:term":[{"taxonomy":"product_brand","embeddable":true,"href":"https:\/\/steriale.com\/pt-br\/wp-json\/wp\/v2\/product_brand?post=4402"},{"taxonomy":"product_cat","embeddable":true,"href":"https:\/\/steriale.com\/pt-br\/wp-json\/wp\/v2\/product_cat?post=4402"},{"taxonomy":"product_tag","embeddable":true,"href":"https:\/\/steriale.com\/pt-br\/wp-json\/wp\/v2\/product_tag?post=4402"}],"curies":[{"name":"wp","href":"https:\/\/api.w.org\/{rel}","templated":true}]}}