{"id":4384,"date":"2025-02-23T13:56:35","date_gmt":"2025-02-23T11:56:35","guid":{"rendered":"https:\/\/steriale.com\/product\/sacos-de-lixo-solido-de-duas-cores-da-steriale\/"},"modified":"2025-02-24T21:59:27","modified_gmt":"2025-02-24T19:59:27","slug":"sacos-de-lixo-solido-de-duas-cores-da-steriale","status":"publish","type":"product","link":"https:\/\/steriale.com\/pt-br\/produtos\/sacos-de-lixo-solido-de-duas-cores-da-steriale\/","title":{"rendered":"Sacos de lixo s\u00f3lido de duas cores da Steriale"},"content":{"rendered":"\t\t<div data-elementor-type=\"product-post\" data-elementor-id=\"4384\" class=\"elementor elementor-4384 elementor-3386\" data-elementor-post-type=\"product\">\n\t\t\t\t<main class=\"elementor-element elementor-element-6e497a0 e-flex e-con-boxed e-con e-parent\" data-id=\"6e497a0\" data-element_type=\"container\">\n\t\t\t\t\t<div class=\"e-con-inner\">\n\t\t<div class=\"elementor-element elementor-element-cd9cd26 e-con-full e-flex e-con e-child\" data-id=\"cd9cd26\" data-element_type=\"container\">\n\t\t<div class=\"elementor-element elementor-element-2820ff1 e-con-full e-flex e-con e-child\" data-id=\"2820ff1\" data-element_type=\"container\">\n\t\t\t\t<div class=\"elementor-element elementor-element-6ce3411 elementor-widget elementor-widget-heading\" data-id=\"6ce3411\" data-element_type=\"widget\" data-widget_type=\"heading.default\">\n\t\t\t\t<div class=\"elementor-widget-container\">\n\t\t\t\t\t<h2 class=\"elementor-heading-title elementor-size-default\">Apresenta\u00e7\u00e3o<\/h2>\t\t\t\t<\/div>\n\t\t\t\t<\/div>\n\t\t\t\t<div class=\"elementor-element elementor-element-946333a elementor-widget elementor-widget-text-editor\" data-id=\"946333a\" data-element_type=\"widget\" data-widget_type=\"text-editor.default\">\n\t\t\t\t<div class=\"elementor-widget-container\">\n\t\t\t\t\t\t\t\t\t<div class=\"oe_structure\" data-oe-xpath=\"\/t[1]\/t[4]\/div[1]\/section[1]\/div[2]\/div[2]\/div[1]\" data-oe-model=\"product.template\" data-oe-id=\"37\" data-oe-field=\"description_ecommerce\" data-oe-type=\"html\" data-oe-expression=\"product.description_ecommerce\"><p>O saco Steriale para o armazenamento de res\u00edduos biol\u00f3gicos infecciosos tem dupla utiliza\u00e7\u00e3o, antes do processo de esteriliza\u00e7\u00e3o \u00e9 utilizado para a coleta de res\u00edduos biol\u00f3gicos com a cor vis\u00edvel indicada pela legisla\u00e7\u00e3o de cada pa\u00eds e \u00e9 o mesmo saco ao final do tratamento, j\u00e1 preto na parte externa, para res\u00edduos equiparados a lixo urbano.<\/p><p>Ele est\u00e1 dispon\u00edvel nos tamanhos de 30, 45 e 60 litros e apresenta um sistema patenteado de abertura com fita termorretr\u00e1til que permite que o recipiente Steriale se abra automaticamente somente ap\u00f3s a esteriliza\u00e7\u00e3o.<\/p><\/div>\t\t\t\t\t\t\t\t<\/div>\n\t\t\t\t<\/div>\n\t\t\t\t<\/div>\n\t\t<div class=\"elementor-element elementor-element-c256ec7 e-con-full e-flex e-con e-child\" data-id=\"c256ec7\" data-element_type=\"container\">\n\t\t\t\t<div class=\"elementor-element elementor-element-80921ba elementor-widget elementor-widget-heading\" data-id=\"80921ba\" data-element_type=\"widget\" data-widget_type=\"heading.default\">\n\t\t\t\t<div class=\"elementor-widget-container\">\n\t\t\t\t\t<h2 class=\"elementor-heading-title elementor-size-default\">Uso pretendido<\/h2>\t\t\t\t<\/div>\n\t\t\t\t<\/div>\n\t\t\t\t<div class=\"elementor-element elementor-element-18bc3eb elementor-widget elementor-widget-text-editor\" data-id=\"18bc3eb\" data-element_type=\"widget\" data-widget_type=\"text-editor.default\">\n\t\t\t\t<div class=\"elementor-widget-container\">\n\t\t\t\t\t\t\t\t\t<section class=\"s_text_image pt32 pb32 o_colored_level\" data-snippet=\"s_image_text\" data-name=\"Imagen - Texto\"><div class=\"container\"><div class=\"row align-items-center\"><div class=\"pt16 pb16 o_colored_level col-lg-12\"><p>Esse saco de uso \u00fanico foi projetado para o armazenamento seguro de res\u00edduos hospitalares perigosos ou qualquer outro tipo de res\u00edduo de alto risco, sem incluir materiais cortantes, perfurantes ou contundentes.<\/p><p>O operador deve usar a bolsa em conjunto com todo o recipiente Steriale e deve esterilizar a bolsa sempre que ela estiver dentro do recipiente Steriale. Ela deve ser usada em associa\u00e7\u00e3o com os outros componentes do Sistema Steriale. <\/p><\/div><\/div><\/div><\/section>\t\t\t\t\t\t\t\t<\/div>\n\t\t\t\t<\/div>\n\t\t\t\t<\/div>\n\t\t\t\t<\/div>\n\t\t<div class=\"elementor-element elementor-element-5d4b6b8 e-con-full e-flex e-con e-child\" data-id=\"5d4b6b8\" data-element_type=\"container\">\n\t\t<div class=\"elementor-element elementor-element-187784b e-con-full e-flex e-con e-child\" data-id=\"187784b\" data-element_type=\"container\">\n\t\t\t\t<div class=\"elementor-element elementor-element-199026b elementor-widget elementor-widget-heading\" data-id=\"199026b\" data-element_type=\"widget\" data-widget_type=\"heading.default\">\n\t\t\t\t<div class=\"elementor-widget-container\">\n\t\t\t\t\t<h3 class=\"elementor-heading-title elementor-size-default\">Recursos<\/h3>\t\t\t\t<\/div>\n\t\t\t\t<\/div>\n\t\t\t\t<div class=\"elementor-element elementor-element-d0b1c3a elementor-widget elementor-widget-text-editor\" data-id=\"d0b1c3a\" data-element_type=\"widget\" data-widget_type=\"text-editor.default\">\n\t\t\t\t<div class=\"elementor-widget-container\">\n\t\t\t\t\t\t\t\t\t<ul><li>Feito de mineral e pl\u00e1stico<\/li><li>Opaco, \u00e0 prova d&#8217;\u00e1gua e resistente \u00e0 umidade<\/li><li>Sistema patenteado de fechamento com fita termoencolh\u00edvel quando usado com o recipiente Steriale<\/li><li>Eles t\u00eam uma identifica\u00e7\u00e3o de esteriliza\u00e7\u00e3o que muda de cor ap\u00f3s a esteriliza\u00e7\u00e3o bem-sucedida.<\/li><\/ul>\t\t\t\t\t\t\t\t<\/div>\n\t\t\t\t<\/div>\n\t\t\t\t<\/div>\n\t\t<div class=\"elementor-element elementor-element-ed649c4 e-con-full e-flex e-con e-child\" data-id=\"ed649c4\" data-element_type=\"container\">\n\t\t\t\t<div class=\"elementor-element elementor-element-4e3320e elementor-widget elementor-widget-image\" data-id=\"4e3320e\" data-element_type=\"widget\" data-widget_type=\"image.default\">\n\t\t\t\t<div class=\"elementor-widget-container\">\n\t\t\t\t\t\t\t\t\t\t\t\t<figure class=\"wp-caption\">\n\t\t\t\t\t\t\t\t\t\t<img fetchpriority=\"high\" decoding=\"async\" width=\"690\" height=\"517\" src=\"https:\/\/steriale.com\/wp-content\/uploads\/2025\/02\/ES_FT_0006_R03_Consumible-Bolsa-Residuos-Infecciosos.webp\" class=\"attachment-full size-full wp-image-3504\" alt=\"\" srcset=\"https:\/\/steriale.com\/wp-content\/uploads\/2025\/02\/ES_FT_0006_R03_Consumible-Bolsa-Residuos-Infecciosos.webp 690w, https:\/\/steriale.com\/wp-content\/uploads\/2025\/02\/ES_FT_0006_R03_Consumible-Bolsa-Residuos-Infecciosos-300x225.webp 300w, https:\/\/steriale.com\/wp-content\/uploads\/2025\/02\/ES_FT_0006_R03_Consumible-Bolsa-Residuos-Infecciosos-600x450.webp 600w\" sizes=\"(max-width: 690px) 100vw, 690px\" \/>\t\t\t\t\t\t\t\t\t\t\t<figcaption class=\"widget-image-caption wp-caption-text\">Sacos de material compactado p\u00f3s-esteriliza\u00e7\u00e3o de res\u00edduos infecciosos<\/figcaption>\n\t\t\t\t\t\t\t\t\t\t<\/figure>\n\t\t\t\t\t\t\t\t\t<\/div>\n\t\t\t\t<\/div>\n\t\t\t\t<\/div>\n\t\t\t\t<\/div>\n\t\t<div class=\"elementor-element elementor-element-544ee5b e-con-full e-flex e-con e-child\" data-id=\"544ee5b\" data-element_type=\"container\">\n\t\t<div class=\"elementor-element elementor-element-e65c4a8 e-con-full e-flex e-con e-child\" data-id=\"e65c4a8\" data-element_type=\"container\">\n\t\t\t\t<div class=\"elementor-element elementor-element-0e24497 elementor-widget elementor-widget-heading\" data-id=\"0e24497\" data-element_type=\"widget\" data-widget_type=\"heading.default\">\n\t\t\t\t<div class=\"elementor-widget-container\">\n\t\t\t\t\t<h2 class=\"elementor-heading-title elementor-size-default\">M\u00e9todo de esteriliza\u00e7\u00e3o<\/h2>\t\t\t\t<\/div>\n\t\t\t\t<\/div>\n\t\t\t\t<div class=\"elementor-element elementor-element-cb3c124 elementor-widget elementor-widget-text-editor\" data-id=\"cb3c124\" data-element_type=\"widget\" data-widget_type=\"text-editor.default\">\n\t\t\t\t<div class=\"elementor-widget-container\">\n\t\t\t\t\t\t\t\t\t<div class=\"col-lg-4 s_col_no_bgcolor pt16 pb16\"><div class=\"card text-bg-white h-100\"><div class=\"card-body\"><ul class=\"card-text o_default_snippet_text\"><li>Autoclave Classe B<\/li><\/ul><\/div><\/div><\/div><div class=\"col-lg-4 s_col_no_bgcolor pt16 pb16\"> <\/div>\t\t\t\t\t\t\t\t<\/div>\n\t\t\t\t<\/div>\n\t\t\t\t<\/div>\n\t\t<div class=\"elementor-element elementor-element-5d72813 e-con-full e-flex e-con e-child\" data-id=\"5d72813\" data-element_type=\"container\">\n\t\t\t\t<div class=\"elementor-element elementor-element-f10144c elementor-widget elementor-widget-heading\" data-id=\"f10144c\" data-element_type=\"widget\" data-widget_type=\"heading.default\">\n\t\t\t\t<div class=\"elementor-widget-container\">\n\t\t\t\t\t<h2 class=\"elementor-heading-title elementor-size-default\">Cores dispon\u00edveis<\/h2>\t\t\t\t<\/div>\n\t\t\t\t<\/div>\n\t\t\t\t<div class=\"elementor-element elementor-element-b6af156 elementor-widget elementor-widget-text-editor\" data-id=\"b6af156\" data-element_type=\"widget\" data-widget_type=\"text-editor.default\">\n\t\t\t\t<div class=\"elementor-widget-container\">\n\t\t\t\t\t\t\t\t\t<p>Esse produto \u00e9 bicolor, com um design que sempre incorpora um exterior preto, enquanto a cor interna pode ser personalizada de acordo com a legisla\u00e7\u00e3o local. As cores preta, amarela, branca, verde e vermelha est\u00e3o dispon\u00edveis para entrega imediata. <\/p>\t\t\t\t\t\t\t\t<\/div>\n\t\t\t\t<\/div>\n\t\t\t\t<\/div>\n\t\t\t\t<\/div>\n\t\t<div class=\"elementor-element elementor-element-6ecca97 e-con-full e-flex e-con e-child\" data-id=\"6ecca97\" data-element_type=\"container\">\n\t\t<div class=\"elementor-element elementor-element-fba230c e-con-full e-flex e-con e-child\" data-id=\"fba230c\" data-element_type=\"container\">\n\t\t<div class=\"elementor-element elementor-element-688375f e-con-full e-flex e-con e-child\" data-id=\"688375f\" data-element_type=\"container\">\n\t\t\t\t<div class=\"elementor-element elementor-element-4d9ef5b elementor-widget elementor-widget-heading\" data-id=\"4d9ef5b\" data-element_type=\"widget\" data-widget_type=\"heading.default\">\n\t\t\t\t<div class=\"elementor-widget-container\">\n\t\t\t\t\t<h2 class=\"elementor-heading-title elementor-size-default\">Dimens\u00f5es<\/h2>\t\t\t\t<\/div>\n\t\t\t\t<\/div>\n\t\t\t\t<div class=\"elementor-element elementor-element-913aa56 elementor-widget elementor-widget-image\" data-id=\"913aa56\" data-element_type=\"widget\" data-widget_type=\"image.default\">\n\t\t\t\t<div class=\"elementor-widget-container\">\n\t\t\t\t\t\t\t\t\t\t\t\t<figure class=\"wp-caption\">\n\t\t\t\t\t\t\t\t\t\t<img decoding=\"async\" width=\"800\" height=\"275\" src=\"https:\/\/steriale.com\/wp-content\/uploads\/2025\/02\/bolsas-Steriale-1024x352.webp\" class=\"attachment-large size-large wp-image-3465\" alt=\"\" srcset=\"https:\/\/steriale.com\/wp-content\/uploads\/2025\/02\/bolsas-Steriale-1024x352.webp 1024w, https:\/\/steriale.com\/wp-content\/uploads\/2025\/02\/bolsas-Steriale-300x103.webp 300w, https:\/\/steriale.com\/wp-content\/uploads\/2025\/02\/bolsas-Steriale-768x264.webp 768w, https:\/\/steriale.com\/wp-content\/uploads\/2025\/02\/bolsas-Steriale-600x206.webp 600w, https:\/\/steriale.com\/wp-content\/uploads\/2025\/02\/bolsas-Steriale.webp 1152w\" sizes=\"(max-width: 800px) 100vw, 800px\" \/>\t\t\t\t\t\t\t\t\t\t\t<figcaption class=\"widget-image-caption wp-caption-text\">** = Fole<\/figcaption>\n\t\t\t\t\t\t\t\t\t\t<\/figure>\n\t\t\t\t\t\t\t\t\t<\/div>\n\t\t\t\t<\/div>\n\t\t\t\t<\/div>\n\t\t\t\t<\/div>\n\t\t\t\t<\/div>\n\t\t<div class=\"elementor-element elementor-element-e9f70c6 e-con-full ft-table e-flex e-con e-child\" data-id=\"e9f70c6\" data-element_type=\"container\">\n\t\t\t\t<div class=\"elementor-element elementor-element-67e5a63 elementor-widget elementor-widget-heading\" data-id=\"67e5a63\" data-element_type=\"widget\" data-widget_type=\"heading.default\">\n\t\t\t\t<div class=\"elementor-widget-container\">\n\t\t\t\t\t<h2 class=\"elementor-heading-title elementor-size-default\">Informa\u00e7\u00f5es t\u00e9cnicas<\/h2>\t\t\t\t<\/div>\n\t\t\t\t<\/div>\n\t\t\t\t<div class=\"elementor-element elementor-element-1416893 elementor-widget elementor-widget-text-editor\" data-id=\"1416893\" data-element_type=\"widget\" data-widget_type=\"text-editor.default\">\n\t\t\t\t<div class=\"elementor-widget-container\">\n\t\t\t\t\t\t\t\t\t<table>\n<tbody>\n<tr>\n<td>\n<p><strong>Calibre (3 op\u00e7\u00f5es)<\/strong><\/p>\n<\/td>\n<td>\n<ul>\n<li>2,2 = 56 m\u00edcrons<\/li>\n<li>3 = 76,4 m\u00edcrons<\/li>\n<li>4 = 102 m\u00edcrons<\/li>\n<\/ul>\n<\/td>\n<\/tr>\n<tr>\n<td>\n<p><strong>Tipo de corte<\/strong><\/p>\n<\/td>\n<td>\n<p>Selle Lateral<\/p>\n<\/td>\n<\/tr>\n<tr>\n<td>\n<p><strong>Unidades por pacote<\/strong><\/p>\n<\/td>\n<td>\n<p>100 pe\u00e7as<\/p>\n<\/td>\n<\/tr>\n<tr>\n<td>\n<p><strong>Densidade<\/strong><\/p>\n<\/td>\n<td>&nbsp;1,15 g\/cm\u00b3<\/td>\n<\/tr>\n<tr>\n<td>\n<p><strong>Orienta\u00e7\u00e3o<\/strong><\/p>\n<\/td>\n<td>&nbsp;Horizontal<\/td>\n<\/tr>\n<tr>\n<td>\n<p><strong>Condi\u00e7\u00f5es de armazenamento<\/strong><\/p>\n<\/td>\n<td>&nbsp;O armazenamento por mais de 6 meses pode causar m\u00e1 qualidade do produto final. O produto deve ser armazenado em condi\u00e7\u00f5es secas, em temperaturas abaixo de 45\u00b0 C e protegido da luz UV. &nbsp;<\/td>\n<\/tr>\n<\/tbody>\n<\/table>\t\t\t\t\t\t\t\t<\/div>\n\t\t\t\t<\/div>\n\t\t\t\t<\/div>\n\t\t\t\t\t<\/div>\n\t\t\t\t<\/main>\n\t\t\t\t<\/div>\n\t\t","protected":false},"excerpt":{"rendered":"<p>Saco duplo colorido com sistema de abertura patenteado para recipientes Steriale. Dispon\u00edvel nos tamanhos de 30, 45 e 60 litros. <\/p>\n","protected":false},"featured_media":3757,"template":"","meta":{"_acf_changed":false},"product_brand":[150],"product_cat":[176],"product_tag":[],"class_list":{"0":"post-4384","1":"product","2":"type-product","3":"status-publish","4":"has-post-thumbnail","6":"product_brand-steriale","7":"product_cat-consumiveis","9":"first","10":"instock","11":"shipping-taxable","12":"product-type-variable"},"acf":[],"aioseo_notices":[],"_links":{"self":[{"href":"https:\/\/steriale.com\/pt-br\/wp-json\/wp\/v2\/product\/4384","targetHints":{"allow":["GET"]}}],"collection":[{"href":"https:\/\/steriale.com\/pt-br\/wp-json\/wp\/v2\/product"}],"about":[{"href":"https:\/\/steriale.com\/pt-br\/wp-json\/wp\/v2\/types\/product"}],"version-history":[{"count":1,"href":"https:\/\/steriale.com\/pt-br\/wp-json\/wp\/v2\/product\/4384\/revisions"}],"predecessor-version":[{"id":4395,"href":"https:\/\/steriale.com\/pt-br\/wp-json\/wp\/v2\/product\/4384\/revisions\/4395"}],"wp:featuredmedia":[{"embeddable":true,"href":"https:\/\/steriale.com\/pt-br\/wp-json\/wp\/v2\/media\/3757"}],"wp:attachment":[{"href":"https:\/\/steriale.com\/pt-br\/wp-json\/wp\/v2\/media?parent=4384"}],"wp:term":[{"taxonomy":"product_brand","embeddable":true,"href":"https:\/\/steriale.com\/pt-br\/wp-json\/wp\/v2\/product_brand?post=4384"},{"taxonomy":"product_cat","embeddable":true,"href":"https:\/\/steriale.com\/pt-br\/wp-json\/wp\/v2\/product_cat?post=4384"},{"taxonomy":"product_tag","embeddable":true,"href":"https:\/\/steriale.com\/pt-br\/wp-json\/wp\/v2\/product_tag?post=4384"}],"curies":[{"name":"wp","href":"https:\/\/api.w.org\/{rel}","templated":true}]}}