{"id":4375,"date":"2025-02-23T13:56:35","date_gmt":"2025-02-23T11:56:35","guid":{"rendered":"https:\/\/steriale.com\/product\/software-steriale\/"},"modified":"2025-02-24T21:59:16","modified_gmt":"2025-02-24T19:59:16","slug":"software-steriale","status":"publish","type":"product","link":"https:\/\/steriale.com\/pt-br\/produtos\/software-steriale\/","title":{"rendered":"Software Steriale"},"content":{"rendered":"\t\t<div data-elementor-type=\"product-post\" data-elementor-id=\"4375\" class=\"elementor elementor-4375 elementor-3387\" data-elementor-post-type=\"product\">\n\t\t\t\t<main class=\"elementor-element elementor-element-3031379 e-flex e-con-boxed e-con e-parent\" data-id=\"3031379\" data-element_type=\"container\">\n\t\t\t\t\t<div class=\"e-con-inner\">\n\t\t<div class=\"elementor-element elementor-element-2e7c0f2 e-con-full e-flex e-con e-child\" data-id=\"2e7c0f2\" data-element_type=\"container\">\n\t\t<div class=\"elementor-element elementor-element-b5d42d5 e-con-full e-flex e-con e-child\" data-id=\"b5d42d5\" data-element_type=\"container\">\n\t\t\t\t<div class=\"elementor-element elementor-element-b2bb965 elementor-widget elementor-widget-heading\" data-id=\"b2bb965\" data-element_type=\"widget\" data-widget_type=\"heading.default\">\n\t\t\t\t<div class=\"elementor-widget-container\">\n\t\t\t\t\t<h2 class=\"elementor-heading-title elementor-size-default\">Apresenta\u00e7\u00e3o<\/h2>\t\t\t\t<\/div>\n\t\t\t\t<\/div>\n\t\t\t\t<div class=\"elementor-element elementor-element-68674ed elementor-widget elementor-widget-text-editor\" data-id=\"68674ed\" data-element_type=\"widget\" data-widget_type=\"text-editor.default\">\n\t\t\t\t<div class=\"elementor-widget-container\">\n\t\t\t\t\t\t\t\t\t<div class=\"oe_structure\" data-oe-xpath=\"\/t[1]\/t[4]\/div[1]\/section[1]\/div[2]\/div[2]\/div[1]\" data-oe-model=\"product.template\" data-oe-id=\"37\" data-oe-field=\"description_ecommerce\" data-oe-type=\"html\" data-oe-expression=\"product.description_ecommerce\"><p>O aplicativo Steriale revoluciona o gerenciamento de res\u00edduos biol\u00f3gicos infecciosos em ambientes de sa\u00fade.<\/p><p>Nosso software de rastreabilidade oferece uma solu\u00e7\u00e3o abrangente que otimiza o processo de esteriliza\u00e7\u00e3o, garante a conformidade regulamentar e melhora a efici\u00eancia operacional.<\/p><p>Descubra como a Steriale pode transformar sua gest\u00e3o de res\u00edduos hospitalares.<\/p><\/div>\t\t\t\t\t\t\t\t<\/div>\n\t\t\t\t<\/div>\n\t\t\t\t<div class=\"elementor-element elementor-element-9c41e11 elementor-widget-divider--view-line elementor-widget elementor-widget-divider\" data-id=\"9c41e11\" data-element_type=\"widget\" data-widget_type=\"divider.default\">\n\t\t\t\t<div class=\"elementor-widget-container\">\n\t\t\t\t\t\t\t<div class=\"elementor-divider\">\n\t\t\t<span class=\"elementor-divider-separator\">\n\t\t\t\t\t\t<\/span>\n\t\t<\/div>\n\t\t\t\t\t\t<\/div>\n\t\t\t\t<\/div>\n\t\t\t\t<div class=\"elementor-element elementor-element-1b3f9f8 elementor-icon-list--layout-traditional elementor-list-item-link-full_width elementor-widget elementor-widget-icon-list\" data-id=\"1b3f9f8\" data-element_type=\"widget\" data-widget_type=\"icon-list.default\">\n\t\t\t\t<div class=\"elementor-widget-container\">\n\t\t\t\t\t\t\t<ul class=\"elementor-icon-list-items\">\n\t\t\t\t\t\t\t<li class=\"elementor-icon-list-item\">\n\t\t\t\t\t\t\t\t\t\t\t<span class=\"elementor-icon-list-icon\">\n\t\t\t\t\t\t\t<i aria-hidden=\"true\" class=\"fab fa-windows\"><\/i>\t\t\t\t\t\t<\/span>\n\t\t\t\t\t\t\t\t\t\t<span class=\"elementor-icon-list-text\">Dispon\u00edvel para Windows<\/span>\n\t\t\t\t\t\t\t\t\t<\/li>\n\t\t\t\t\t\t\t\t<li class=\"elementor-icon-list-item\">\n\t\t\t\t\t\t\t\t\t\t\t<span class=\"elementor-icon-list-icon\">\n\t\t\t\t\t\t\t<i aria-hidden=\"true\" class=\"fab fa-android\"><\/i>\t\t\t\t\t\t<\/span>\n\t\t\t\t\t\t\t\t\t\t<span class=\"elementor-icon-list-text\">Dispon\u00edvel para Android<\/span>\n\t\t\t\t\t\t\t\t\t<\/li>\n\t\t\t\t\t\t<\/ul>\n\t\t\t\t\t\t<\/div>\n\t\t\t\t<\/div>\n\t\t\t\t<\/div>\n\t\t<div class=\"elementor-element elementor-element-0b4cada e-con-full e-flex e-con e-child\" data-id=\"0b4cada\" data-element_type=\"container\">\n\t\t\t\t<div class=\"elementor-element elementor-element-80fd93c elementor-widget elementor-widget-heading\" data-id=\"80fd93c\" data-element_type=\"widget\" data-widget_type=\"heading.default\">\n\t\t\t\t<div class=\"elementor-widget-container\">\n\t\t\t\t\t<h2 class=\"elementor-heading-title elementor-size-default\">Uso pretendido<\/h2>\t\t\t\t<\/div>\n\t\t\t\t<\/div>\n\t\t\t\t<div class=\"elementor-element elementor-element-5d92323 elementor-widget elementor-widget-text-editor\" data-id=\"5d92323\" data-element_type=\"widget\" data-widget_type=\"text-editor.default\">\n\t\t\t\t<div class=\"elementor-widget-container\">\n\t\t\t\t\t\t\t\t\t<p>O Software Steriale foi projetado para fornecer uma solu\u00e7\u00e3o abrangente para a rastreabilidade de res\u00edduos, otimizando o processo de esteriliza\u00e7\u00e3o, garantindo a conformidade regulamentar e melhorando a efici\u00eancia operacional.<\/p><p>Ele \u00e9 usado em conjunto com o sistema Steriale para total rastreabilidade.<\/p>\t\t\t\t\t\t\t\t<\/div>\n\t\t\t\t<\/div>\n\t\t\t\t<div class=\"elementor-element elementor-element-db12497 elementor-widget elementor-widget-image\" data-id=\"db12497\" data-element_type=\"widget\" data-widget_type=\"image.default\">\n\t\t\t\t<div class=\"elementor-widget-container\">\n\t\t\t\t\t\t\t\t\t\t\t\t\t\t\t<img fetchpriority=\"high\" decoding=\"async\" width=\"690\" height=\"417\" src=\"https:\/\/steriale.com\/wp-content\/uploads\/2025\/02\/barcode-scanner-v2.webp\" class=\"attachment-large size-large wp-image-3459\" alt=\"\" srcset=\"https:\/\/steriale.com\/wp-content\/uploads\/2025\/02\/barcode-scanner-v2.webp 690w, https:\/\/steriale.com\/wp-content\/uploads\/2025\/02\/barcode-scanner-v2-300x181.webp 300w, https:\/\/steriale.com\/wp-content\/uploads\/2025\/02\/barcode-scanner-v2-600x363.webp 600w\" sizes=\"(max-width: 690px) 100vw, 690px\" \/>\t\t\t\t\t\t\t\t\t\t\t\t\t\t\t<\/div>\n\t\t\t\t<\/div>\n\t\t\t\t<div class=\"elementor-element elementor-element-785669f elementor-icon-list--layout-traditional elementor-list-item-link-full_width elementor-widget elementor-widget-icon-list\" data-id=\"785669f\" data-element_type=\"widget\" data-widget_type=\"icon-list.default\">\n\t\t\t\t<div class=\"elementor-widget-container\">\n\t\t\t\t\t\t\t<ul class=\"elementor-icon-list-items\">\n\t\t\t\t\t\t\t<li class=\"elementor-icon-list-item\">\n\t\t\t\t\t\t\t\t\t\t\t<span class=\"elementor-icon-list-icon\">\n\t\t\t\t\t\t\t<i aria-hidden=\"true\" class=\"fas fa-weight-hanging\"><\/i>\t\t\t\t\t\t<\/span>\n\t\t\t\t\t\t\t\t\t\t<span class=\"elementor-icon-list-text\">Peso por kg de cada cont\u00eainer<\/span>\n\t\t\t\t\t\t\t\t\t<\/li>\n\t\t\t\t\t\t\t\t<li class=\"elementor-icon-list-item\">\n\t\t\t\t\t\t\t\t\t\t\t<span class=\"elementor-icon-list-icon\">\n\t\t\t\t\t\t\t<i aria-hidden=\"true\" class=\"fas fa-map-marked-alt\"><\/i>\t\t\t\t\t\t<\/span>\n\t\t\t\t\t\t\t\t\t\t<span class=\"elementor-icon-list-text\">Localiza\u00e7\u00e3o de cont\u00eaineres e autoclaves<\/span>\n\t\t\t\t\t\t\t\t\t<\/li>\n\t\t\t\t\t\t\t\t<li class=\"elementor-icon-list-item\">\n\t\t\t\t\t\t\t\t\t\t\t<span class=\"elementor-icon-list-icon\">\n\t\t\t\t\t\t\t<i aria-hidden=\"true\" class=\"fas fa-calendar-alt\"><\/i>\t\t\t\t\t\t<\/span>\n\t\t\t\t\t\t\t\t\t\t<span class=\"elementor-icon-list-text\">Data e hora de cada esteriliza\u00e7\u00e3o e seus est\u00e1gios<\/span>\n\t\t\t\t\t\t\t\t\t<\/li>\n\t\t\t\t\t\t\t\t<li class=\"elementor-icon-list-item\">\n\t\t\t\t\t\t\t\t\t\t\t<span class=\"elementor-icon-list-icon\">\n\t\t\t\t\t\t\t<i aria-hidden=\"true\" class=\"fas fa-file-contract\"><\/i>\t\t\t\t\t\t<\/span>\n\t\t\t\t\t\t\t\t\t\t<span class=\"elementor-icon-list-text\">Registro de cada ciclo, falhas, solicita\u00e7\u00e3o de manuten\u00e7\u00e3o autom\u00e1tica<\/span>\n\t\t\t\t\t\t\t\t\t<\/li>\n\t\t\t\t\t\t\t\t<li class=\"elementor-icon-list-item\">\n\t\t\t\t\t\t\t\t\t\t\t<span class=\"elementor-icon-list-icon\">\n\t\t\t\t\t\t\t<i aria-hidden=\"true\" class=\"fas fa-file-pdf\"><\/i>\t\t\t\t\t\t<\/span>\n\t\t\t\t\t\t\t\t\t\t<span class=\"elementor-icon-list-text\">Relat\u00f3rios em Excel e PDF, por autoclave, por cont\u00eainer, por data, etc...<\/span>\n\t\t\t\t\t\t\t\t\t<\/li>\n\t\t\t\t\t\t<\/ul>\n\t\t\t\t\t\t<\/div>\n\t\t\t\t<\/div>\n\t\t\t\t<\/div>\n\t\t\t\t<\/div>\n\t\t<div class=\"elementor-element elementor-element-80a03e8 e-con-full e-flex e-con e-child\" data-id=\"80a03e8\" data-element_type=\"container\">\n\t\t<div class=\"elementor-element elementor-element-51156f2 e-con-full e-flex e-con e-child\" data-id=\"51156f2\" data-element_type=\"container\">\n\t\t\t\t<div class=\"elementor-element elementor-element-4a6fb33 elementor-widget elementor-widget-heading\" data-id=\"4a6fb33\" data-element_type=\"widget\" data-widget_type=\"heading.default\">\n\t\t\t\t<div class=\"elementor-widget-container\">\n\t\t\t\t\t<h3 class=\"elementor-heading-title elementor-size-default\">Conex\u00e3o inteligente com autoclaves<\/h3>\t\t\t\t<\/div>\n\t\t\t\t<\/div>\n\t\t\t\t<div class=\"elementor-element elementor-element-9f1b850 elementor-widget elementor-widget-text-editor\" data-id=\"9f1b850\" data-element_type=\"widget\" data-widget_type=\"text-editor.default\">\n\t\t\t\t<div class=\"elementor-widget-container\">\n\t\t\t\t\t\t\t\t\t<p class=\"o_default_snippet_text\"><span class=\"base-fs\">Nosso software estabelece uma conex\u00e3o direta e em tempo real com todas as autoclaves do sistema, eliminando a necessidade de computadores intermedi\u00e1rios. Essa comunica\u00e7\u00e3o \u00e9 feita por meio de antenas de alta pot\u00eancia especialmente projetadas para ambientes hospitalares, garantindo a transmiss\u00e3o segura de dados sem interfer\u00eancia com outros equipamentos m\u00e9dicos cr\u00edticos. <\/span><\/p><p class=\"o_default_snippet_text\"><span class=\"base-fs\">Essa conex\u00e3o inteligente permite a coleta autom\u00e1tica e cont\u00ednua de dados para cada ciclo de esteriliza\u00e7\u00e3o, garantindo a rastreabilidade completa e em tempo real do processo de tratamento de res\u00edduos biol\u00f3gicos infecciosos. A integra\u00e7\u00e3o perfeita entre o software e as autoclaves n\u00e3o apenas otimiza a efici\u00eancia operacional, mas tamb\u00e9m minimiza o risco de erro humano na coleta e no registro de dados. <\/span><\/p><p class=\"o_default_snippet_text\"><span class=\"base-fs\">Com o aplicativo Steriale, os hospitais e as unidades de sa\u00fade podem contar com um sistema de monitoramento constante e preciso, que fornece informa\u00e7\u00f5es cruciais para a tomada de decis\u00f5es, a conformidade regulamentar e a melhoria cont\u00ednua do gerenciamento de res\u00edduos hospitalares.<\/span><\/p>\t\t\t\t\t\t\t\t<\/div>\n\t\t\t\t<\/div>\n\t\t\t\t<\/div>\n\t\t<div class=\"elementor-element elementor-element-f0891a4 e-con-full e-flex e-con e-child\" data-id=\"f0891a4\" data-element_type=\"container\">\n\t\t\t\t<div class=\"elementor-element elementor-element-77fe343 elementor-widget elementor-widget-image\" data-id=\"77fe343\" data-element_type=\"widget\" data-widget_type=\"image.default\">\n\t\t\t\t<div class=\"elementor-widget-container\">\n\t\t\t\t\t\t\t\t\t\t\t\t<figure class=\"wp-caption\">\n\t\t\t\t\t\t\t\t\t\t<img decoding=\"async\" width=\"370\" height=\"621\" src=\"https:\/\/steriale.com\/wp-content\/uploads\/2025\/02\/transmision-autoclave.jpg\" class=\"attachment-full size-full wp-image-3274\" alt=\"\" srcset=\"https:\/\/steriale.com\/wp-content\/uploads\/2025\/02\/transmision-autoclave.jpg 370w, https:\/\/steriale.com\/wp-content\/uploads\/2025\/02\/transmision-autoclave-179x300.jpg 179w\" sizes=\"(max-width: 370px) 100vw, 370px\" \/>\t\t\t\t\t\t\t\t\t\t\t<figcaption class=\"widget-image-caption wp-caption-text\"><\/figcaption>\n\t\t\t\t\t\t\t\t\t\t<\/figure>\n\t\t\t\t\t\t\t\t\t<\/div>\n\t\t\t\t<\/div>\n\t\t\t\t<\/div>\n\t\t\t\t<\/div>\n\t\t<div class=\"elementor-element elementor-element-44b0a39 e-con-full e-flex e-con e-child\" data-id=\"44b0a39\" data-element_type=\"container\">\n\t\t<div class=\"elementor-element elementor-element-303344e e-con-full e-flex e-con e-child\" data-id=\"303344e\" data-element_type=\"container\">\n\t\t\t\t<div class=\"elementor-element elementor-element-81730be elementor-widget elementor-widget-heading\" data-id=\"81730be\" data-element_type=\"widget\" data-widget_type=\"heading.default\">\n\t\t\t\t<div class=\"elementor-widget-container\">\n\t\t\t\t\t<h3 class=\"elementor-heading-title elementor-size-default\">Controle total do ciclo de esteriliza\u00e7\u00e3o<\/h3>\t\t\t\t<\/div>\n\t\t\t\t<\/div>\n\t\t\t\t<div class=\"elementor-element elementor-element-55d9b7c elementor-widget elementor-widget-text-editor\" data-id=\"55d9b7c\" data-element_type=\"widget\" data-widget_type=\"text-editor.default\">\n\t\t\t\t<div class=\"elementor-widget-container\">\n\t\t\t\t\t\t\t\t\t<p class=\"o_default_snippet_text\">O aplicativo Steriale fornece um registro detalhado de cada ciclo de esteriliza\u00e7\u00e3o, oferecendo uma vis\u00e3o geral completa do processo de gerenciamento de res\u00edduos hospitalares. Essa listagem inclui informa\u00e7\u00f5es cruciais, como data, hora, autoclave utilizada e peso final do res\u00edduo tratado, permitindo uma rastreabilidade sem precedentes no gerenciamento de res\u00edduos biol\u00f3gicos infecciosos (RSS). <\/p>\t\t\t\t\t\t\t\t<\/div>\n\t\t\t\t<\/div>\n\t\t\t\t<\/div>\n\t\t<div class=\"elementor-element elementor-element-8faf4eb e-con-full e-flex e-con e-child\" data-id=\"8faf4eb\" data-element_type=\"container\">\n\t\t\t\t<div class=\"elementor-element elementor-element-baf79cc elementor-widget elementor-widget-image\" data-id=\"baf79cc\" data-element_type=\"widget\" data-widget_type=\"image.default\">\n\t\t\t\t<div class=\"elementor-widget-container\">\n\t\t\t\t\t\t\t\t\t\t\t\t<figure class=\"wp-caption\">\n\t\t\t\t\t\t\t\t\t\t<img decoding=\"async\" width=\"800\" height=\"523\" src=\"https:\/\/steriale.com\/wp-content\/uploads\/2025\/02\/listado-pt.jpg\" class=\"attachment-full size-full wp-image-4251\" alt=\"\" srcset=\"https:\/\/steriale.com\/wp-content\/uploads\/2025\/02\/listado-pt.jpg 800w, https:\/\/steriale.com\/wp-content\/uploads\/2025\/02\/listado-pt-300x196.jpg 300w, https:\/\/steriale.com\/wp-content\/uploads\/2025\/02\/listado-pt-768x502.jpg 768w, https:\/\/steriale.com\/wp-content\/uploads\/2025\/02\/listado-pt-600x392.jpg 600w\" sizes=\"(max-width: 800px) 100vw, 800px\" \/>\t\t\t\t\t\t\t\t\t\t\t<figcaption class=\"widget-image-caption wp-caption-text\"><\/figcaption>\n\t\t\t\t\t\t\t\t\t\t<\/figure>\n\t\t\t\t\t\t\t\t\t<\/div>\n\t\t\t\t<\/div>\n\t\t\t\t<\/div>\n\t\t\t\t<\/div>\n\t\t<div class=\"elementor-element elementor-element-191ec9e e-con-full e-flex e-con e-child\" data-id=\"191ec9e\" data-element_type=\"container\">\n\t\t<div class=\"elementor-element elementor-element-473cb39 e-con-full e-flex e-con e-child\" data-id=\"473cb39\" data-element_type=\"container\">\n\t\t\t\t<div class=\"elementor-element elementor-element-0a7468a elementor-widget elementor-widget-heading\" data-id=\"0a7468a\" data-element_type=\"widget\" data-widget_type=\"heading.default\">\n\t\t\t\t<div class=\"elementor-widget-container\">\n\t\t\t\t\t<h3 class=\"elementor-heading-title elementor-size-default\">Monitoramento preciso do peso dos res\u00edduos<\/h3>\t\t\t\t<\/div>\n\t\t\t\t<\/div>\n\t\t\t\t<div class=\"elementor-element elementor-element-8c410d8 elementor-widget elementor-widget-text-editor\" data-id=\"8c410d8\" data-element_type=\"widget\" data-widget_type=\"text-editor.default\">\n\t\t\t\t<div class=\"elementor-widget-container\">\n\t\t\t\t\t\t\t\t\t<p class=\"o_default_snippet_text\">Nosso software de rastreabilidade Steriale vai al\u00e9m da simples manuten\u00e7\u00e3o de registros, fornecendo dados precisos sobre o peso inicial e final de cada ciclo de esteriliza\u00e7\u00e3o. Esse recurso permite que hospitais e instala\u00e7\u00f5es de sa\u00fade monitorem efetivamente a redu\u00e7\u00e3o do volume de res\u00edduos, contribuindo para um gerenciamento mais eficiente e sustent\u00e1vel de RSS. <\/p>\t\t\t\t\t\t\t\t<\/div>\n\t\t\t\t<\/div>\n\t\t\t\t<\/div>\n\t\t<div class=\"elementor-element elementor-element-d1e44ea e-con-full e-flex e-con e-child\" data-id=\"d1e44ea\" data-element_type=\"container\">\n\t\t\t\t<div class=\"elementor-element elementor-element-690a4e6 elementor-widget elementor-widget-image\" data-id=\"690a4e6\" data-element_type=\"widget\" data-widget_type=\"image.default\">\n\t\t\t\t<div class=\"elementor-widget-container\">\n\t\t\t\t\t\t\t\t\t\t\t\t<figure class=\"wp-caption\">\n\t\t\t\t\t\t\t\t\t\t<img loading=\"lazy\" decoding=\"async\" width=\"442\" height=\"164\" src=\"https:\/\/steriale.com\/wp-content\/uploads\/2025\/02\/detalles-peso-pt.jpg\" class=\"attachment-full size-full wp-image-4254\" alt=\"\" srcset=\"https:\/\/steriale.com\/wp-content\/uploads\/2025\/02\/detalles-peso-pt.jpg 442w, https:\/\/steriale.com\/wp-content\/uploads\/2025\/02\/detalles-peso-pt-300x111.jpg 300w\" sizes=\"(max-width: 442px) 100vw, 442px\" \/>\t\t\t\t\t\t\t\t\t\t\t<figcaption class=\"widget-image-caption wp-caption-text\"><\/figcaption>\n\t\t\t\t\t\t\t\t\t\t<\/figure>\n\t\t\t\t\t\t\t\t\t<\/div>\n\t\t\t\t<\/div>\n\t\t\t\t<\/div>\n\t\t\t\t<\/div>\n\t\t<div class=\"elementor-element elementor-element-6573813 e-con-full e-flex e-con e-child\" data-id=\"6573813\" data-element_type=\"container\">\n\t\t<div class=\"elementor-element elementor-element-551e273 e-con-full e-flex e-con e-child\" data-id=\"551e273\" data-element_type=\"container\">\n\t\t\t\t<div class=\"elementor-element elementor-element-166b144 elementor-widget elementor-widget-heading\" data-id=\"166b144\" data-element_type=\"widget\" data-widget_type=\"heading.default\">\n\t\t\t\t<div class=\"elementor-widget-container\">\n\t\t\t\t\t<h3 class=\"elementor-heading-title elementor-size-default\">An\u00e1lise detalhada do processo de esteriliza\u00e7\u00e3o<\/h3>\t\t\t\t<\/div>\n\t\t\t\t<\/div>\n\t\t\t\t<div class=\"elementor-element elementor-element-9d7f5db elementor-widget elementor-widget-text-editor\" data-id=\"9d7f5db\" data-element_type=\"widget\" data-widget_type=\"text-editor.default\">\n\t\t\t\t<div class=\"elementor-widget-container\">\n\t\t\t\t\t\t\t\t\t<p class=\"o_default_snippet_text\"><span class=\"base-fs\">O aplicativo Steriale fornece uma an\u00e1lise detalhada de cada ciclo de esteriliza\u00e7\u00e3o, incluindo par\u00e2metros cr\u00edticos, como press\u00e3o, temperatura e dura\u00e7\u00e3o de cada fase. Essas informa\u00e7\u00f5es detalhadas n\u00e3o apenas garantem a qualidade do processo de esteriliza\u00e7\u00e3o, mas tamb\u00e9m fornecem documenta\u00e7\u00e3o completa para atender \u00e0s mais rigorosas normas de gerenciamento de res\u00edduos hospitalares. <\/span><\/p>\t\t\t\t\t\t\t\t<\/div>\n\t\t\t\t<\/div>\n\t\t\t\t<\/div>\n\t\t<div class=\"elementor-element elementor-element-5e0395a e-con-full e-flex e-con e-child\" data-id=\"5e0395a\" data-element_type=\"container\">\n\t\t\t\t<div class=\"elementor-element elementor-element-f93e227 elementor-widget elementor-widget-image\" data-id=\"f93e227\" data-element_type=\"widget\" data-widget_type=\"image.default\">\n\t\t\t\t<div class=\"elementor-widget-container\">\n\t\t\t\t\t\t\t\t\t\t\t\t<figure class=\"wp-caption\">\n\t\t\t\t\t\t\t\t\t\t<img loading=\"lazy\" decoding=\"async\" width=\"442\" height=\"750\" src=\"https:\/\/steriale.com\/wp-content\/uploads\/2025\/02\/detalles-ciclo-pt.jpg\" class=\"attachment-full size-full wp-image-4257\" alt=\"\" srcset=\"https:\/\/steriale.com\/wp-content\/uploads\/2025\/02\/detalles-ciclo-pt.jpg 442w, https:\/\/steriale.com\/wp-content\/uploads\/2025\/02\/detalles-ciclo-pt-177x300.jpg 177w\" sizes=\"(max-width: 442px) 100vw, 442px\" \/>\t\t\t\t\t\t\t\t\t\t\t<figcaption class=\"widget-image-caption wp-caption-text\"><\/figcaption>\n\t\t\t\t\t\t\t\t\t\t<\/figure>\n\t\t\t\t\t\t\t\t\t<\/div>\n\t\t\t\t<\/div>\n\t\t\t\t<\/div>\n\t\t\t\t<\/div>\n\t\t<div class=\"elementor-element elementor-element-283b0ed e-con-full e-flex e-con e-child\" data-id=\"283b0ed\" data-element_type=\"container\">\n\t\t<div class=\"elementor-element elementor-element-96cd171 e-con-full e-flex e-con e-child\" data-id=\"96cd171\" data-element_type=\"container\">\n\t\t\t\t<div class=\"elementor-element elementor-element-d6833cd elementor-widget elementor-widget-heading\" data-id=\"d6833cd\" data-element_type=\"widget\" data-widget_type=\"heading.default\">\n\t\t\t\t<div class=\"elementor-widget-container\">\n\t\t\t\t\t<h3 class=\"elementor-heading-title elementor-size-default\">Faturamento eficiente e transparente<\/h3>\t\t\t\t<\/div>\n\t\t\t\t<\/div>\n\t\t\t\t<div class=\"elementor-element elementor-element-b6c86fe elementor-widget elementor-widget-text-editor\" data-id=\"b6c86fe\" data-element_type=\"widget\" data-widget_type=\"text-editor.default\">\n\t\t\t\t<div class=\"elementor-widget-container\">\n\t\t\t\t\t\t\t\t\t<p>Tendo a flexibilidade como prioridade, o software de rastreabilidade Steriale permite que a configura\u00e7\u00e3o da autoclave seja personalizada para cada hospital ou centro de sa\u00fade. Esse recurso facilita o gerenciamento de v\u00e1rias unidades e diferentes tipos de autoclaves, adaptando-se \u00e0s necessidades espec\u00edficas de cada institui\u00e7\u00e3o e otimizando o processo de tratamento de RSS. <\/p>\t\t\t\t\t\t\t\t<\/div>\n\t\t\t\t<\/div>\n\t\t\t\t<\/div>\n\t\t<div class=\"elementor-element elementor-element-8313fdc e-con-full e-flex e-con e-child\" data-id=\"8313fdc\" data-element_type=\"container\">\n\t\t\t\t<div class=\"elementor-element elementor-element-2c50f43 elementor-widget elementor-widget-image\" data-id=\"2c50f43\" data-element_type=\"widget\" data-widget_type=\"image.default\">\n\t\t\t\t<div class=\"elementor-widget-container\">\n\t\t\t\t\t\t\t\t\t\t\t\t<figure class=\"wp-caption\">\n\t\t\t\t\t\t\t\t\t\t<img loading=\"lazy\" decoding=\"async\" width=\"601\" height=\"474\" src=\"https:\/\/steriale.com\/wp-content\/uploads\/2025\/02\/programacion-hospitales-pt.jpg\" class=\"attachment-full size-full wp-image-4245\" alt=\"\" srcset=\"https:\/\/steriale.com\/wp-content\/uploads\/2025\/02\/programacion-hospitales-pt.jpg 601w, https:\/\/steriale.com\/wp-content\/uploads\/2025\/02\/programacion-hospitales-pt-300x237.jpg 300w\" sizes=\"(max-width: 601px) 100vw, 601px\" \/>\t\t\t\t\t\t\t\t\t\t\t<figcaption class=\"widget-image-caption wp-caption-text\"><\/figcaption>\n\t\t\t\t\t\t\t\t\t\t<\/figure>\n\t\t\t\t\t\t\t\t\t<\/div>\n\t\t\t\t<\/div>\n\t\t\t\t<\/div>\n\t\t\t\t<\/div>\n\t\t<div class=\"elementor-element elementor-element-a8e4acc e-con-full e-flex e-con e-child\" data-id=\"a8e4acc\" data-element_type=\"container\">\n\t\t<div class=\"elementor-element elementor-element-237e845 e-con-full e-flex e-con e-child\" data-id=\"237e845\" data-element_type=\"container\">\n\t\t\t\t<div class=\"elementor-element elementor-element-5276a3b elementor-widget elementor-widget-heading\" data-id=\"5276a3b\" data-element_type=\"widget\" data-widget_type=\"heading.default\">\n\t\t\t\t<div class=\"elementor-widget-container\">\n\t\t\t\t\t<h3 class=\"elementor-heading-title elementor-size-default\">Gerenciamento personalizado de autoclaves<\/h3>\t\t\t\t<\/div>\n\t\t\t\t<\/div>\n\t\t\t\t<div class=\"elementor-element elementor-element-4c89487 elementor-widget elementor-widget-text-editor\" data-id=\"4c89487\" data-element_type=\"widget\" data-widget_type=\"text-editor.default\">\n\t\t\t\t<div class=\"elementor-widget-container\">\n\t\t\t\t\t\t\t\t\t<p>O aplicativo Steriale integra um sistema de faturamento que simplifica o gerenciamento financeiro do tratamento de res\u00edduos. Ao fornecer um detalhamento dos servi\u00e7os prestados, incluindo o volume de res\u00edduos tratados por autoclave, nosso software permite um faturamento preciso e transparente, facilitando a contabilidade e o controle de custos associados ao gerenciamento de RSS. <\/p>\t\t\t\t\t\t\t\t<\/div>\n\t\t\t\t<\/div>\n\t\t\t\t<\/div>\n\t\t<div class=\"elementor-element elementor-element-be04bd4 e-con-full e-flex e-con e-child\" data-id=\"be04bd4\" data-element_type=\"container\">\n\t\t\t\t<div class=\"elementor-element elementor-element-0ee081f elementor-widget elementor-widget-image\" data-id=\"0ee081f\" data-element_type=\"widget\" data-widget_type=\"image.default\">\n\t\t\t\t<div class=\"elementor-widget-container\">\n\t\t\t\t\t\t\t\t\t\t\t\t<figure class=\"wp-caption\">\n\t\t\t\t\t\t\t\t\t\t<img loading=\"lazy\" decoding=\"async\" width=\"413\" height=\"583\" src=\"https:\/\/steriale.com\/wp-content\/uploads\/2025\/02\/invoice-pt.jpg\" class=\"attachment-full size-full wp-image-4248\" alt=\"\" srcset=\"https:\/\/steriale.com\/wp-content\/uploads\/2025\/02\/invoice-pt.jpg 413w, https:\/\/steriale.com\/wp-content\/uploads\/2025\/02\/invoice-pt-213x300.jpg 213w\" sizes=\"(max-width: 413px) 100vw, 413px\" \/>\t\t\t\t\t\t\t\t\t\t\t<figcaption class=\"widget-image-caption wp-caption-text\"><\/figcaption>\n\t\t\t\t\t\t\t\t\t\t<\/figure>\n\t\t\t\t\t\t\t\t\t<\/div>\n\t\t\t\t<\/div>\n\t\t\t\t<\/div>\n\t\t\t\t<\/div>\n\t\t\t\t\t<\/div>\n\t\t\t\t<\/main>\n\t\t\t\t<\/div>\n\t\t","protected":false},"excerpt":{"rendered":"<p>Software de rastreabilidade de cont\u00eaineres, ciclos de esteriliza\u00e7\u00e3o, peso, manuten\u00e7\u00e3o e invent\u00e1rio para o Sistema Steriale.<\/p>\n","protected":false},"featured_media":3774,"template":"","meta":{"_acf_changed":false},"product_brand":[150],"product_cat":[174],"product_tag":[],"class_list":{"0":"post-4375","1":"product","2":"type-product","3":"status-publish","4":"has-post-thumbnail","6":"product_brand-steriale","7":"product_cat-acessorios","9":"first","10":"instock","11":"shipping-taxable","12":"product-type-simple"},"acf":[],"aioseo_notices":[],"_links":{"self":[{"href":"https:\/\/steriale.com\/pt-br\/wp-json\/wp\/v2\/product\/4375","targetHints":{"allow":["GET"]}}],"collection":[{"href":"https:\/\/steriale.com\/pt-br\/wp-json\/wp\/v2\/product"}],"about":[{"href":"https:\/\/steriale.com\/pt-br\/wp-json\/wp\/v2\/types\/product"}],"version-history":[{"count":1,"href":"https:\/\/steriale.com\/pt-br\/wp-json\/wp\/v2\/product\/4375\/revisions"}],"predecessor-version":[{"id":4376,"href":"https:\/\/steriale.com\/pt-br\/wp-json\/wp\/v2\/product\/4375\/revisions\/4376"}],"wp:featuredmedia":[{"embeddable":true,"href":"https:\/\/steriale.com\/pt-br\/wp-json\/wp\/v2\/media\/3774"}],"wp:attachment":[{"href":"https:\/\/steriale.com\/pt-br\/wp-json\/wp\/v2\/media?parent=4375"}],"wp:term":[{"taxonomy":"product_brand","embeddable":true,"href":"https:\/\/steriale.com\/pt-br\/wp-json\/wp\/v2\/product_brand?post=4375"},{"taxonomy":"product_cat","embeddable":true,"href":"https:\/\/steriale.com\/pt-br\/wp-json\/wp\/v2\/product_cat?post=4375"},{"taxonomy":"product_tag","embeddable":true,"href":"https:\/\/steriale.com\/pt-br\/wp-json\/wp\/v2\/product_tag?post=4375"}],"curies":[{"name":"wp","href":"https:\/\/api.w.org\/{rel}","templated":true}]}}