{"id":4367,"date":"2025-02-23T13:56:35","date_gmt":"2025-02-23T11:56:35","guid":{"rendered":"https:\/\/steriale.com\/product\/maquina-de-compactacao-steriale\/"},"modified":"2025-02-24T21:59:16","modified_gmt":"2025-02-24T19:59:16","slug":"maquina-de-compactacao-steriale","status":"publish","type":"product","link":"https:\/\/steriale.com\/pt-br\/produtos\/maquina-de-compactacao-steriale\/","title":{"rendered":"M\u00e1quina de compacta\u00e7\u00e3o Steriale"},"content":{"rendered":"\t\t<div data-elementor-type=\"product-post\" data-elementor-id=\"4367\" class=\"elementor elementor-4367 elementor-3388\" data-elementor-post-type=\"product\">\n\t\t\t\t<main class=\"elementor-element elementor-element-d8cef6b e-flex e-con-boxed e-con e-parent\" data-id=\"d8cef6b\" data-element_type=\"container\">\n\t\t\t\t\t<div class=\"e-con-inner\">\n\t\t<div class=\"elementor-element elementor-element-3f12665 e-con-full e-flex e-con e-child\" data-id=\"3f12665\" data-element_type=\"container\">\n\t\t<div class=\"elementor-element elementor-element-771a779 e-con-full e-flex e-con e-child\" data-id=\"771a779\" data-element_type=\"container\">\n\t\t\t\t<div class=\"elementor-element elementor-element-6a5e646 elementor-widget elementor-widget-heading\" data-id=\"6a5e646\" data-element_type=\"widget\" data-widget_type=\"heading.default\">\n\t\t\t\t<div class=\"elementor-widget-container\">\n\t\t\t\t\t<h2 class=\"elementor-heading-title elementor-size-default\">Apresenta\u00e7\u00e3o<\/h2>\t\t\t\t<\/div>\n\t\t\t\t<\/div>\n\t\t\t\t<div class=\"elementor-element elementor-element-8fa2172 elementor-widget elementor-widget-text-editor\" data-id=\"8fa2172\" data-element_type=\"widget\" data-widget_type=\"text-editor.default\">\n\t\t\t\t<div class=\"elementor-widget-container\">\n\t\t\t\t\t\t\t\t\t<p><span style=\"font-weight: 400;\">A m\u00e1quina <\/span><b>M\u00e1quina de compacta\u00e7\u00e3o<\/b><span style=\"font-weight: 400;\"> da Steriale \u00e9 a solu\u00e7\u00e3o ideal para aumentar a efici\u00eancia no tratamento de res\u00edduos biol\u00f3gicos infecciosos no local, ou seja, dentro das instala\u00e7\u00f5es do hospital.<\/span><\/p><p><span style=\"font-weight: 400;\">Usado em conjunto com os outros componentes do Sistema Steriale, ele permite que os cont\u00eaineres telesc\u00f3picos Steriale sejam compactados a 1\/3 de seu tamanho original, facilitando a esteriliza\u00e7\u00e3o de mais quilos de res\u00edduos com menos volume.<\/span><\/p><p><span style=\"font-weight: 400;\">Esse sistema inovador contribui significativamente para o gerenciamento seguro e eficiente do lixo hospitalar.<\/span><\/p>\t\t\t\t\t\t\t\t<\/div>\n\t\t\t\t<\/div>\n\t\t\t\t<\/div>\n\t\t<div class=\"elementor-element elementor-element-092829d e-con-full e-flex e-con e-child\" data-id=\"092829d\" data-element_type=\"container\">\n\t\t\t\t<div class=\"elementor-element elementor-element-b745f46 elementor-widget elementor-widget-heading\" data-id=\"b745f46\" data-element_type=\"widget\" data-widget_type=\"heading.default\">\n\t\t\t\t<div class=\"elementor-widget-container\">\n\t\t\t\t\t<h2 class=\"elementor-heading-title elementor-size-default\">Uso pretendido<\/h2>\t\t\t\t<\/div>\n\t\t\t\t<\/div>\n\t\t\t\t<div class=\"elementor-element elementor-element-42ebf5f elementor-widget elementor-widget-text-editor\" data-id=\"42ebf5f\" data-element_type=\"widget\" data-widget_type=\"text-editor.default\">\n\t\t\t\t<div class=\"elementor-widget-container\">\n\t\t\t\t\t\t\t\t\t<p><span style=\"font-weight: 400;\">A m\u00e1quina <\/span><b>M\u00e1quina de compacta\u00e7\u00e3o<\/b><span style=\"font-weight: 400;\">  foi projetado para a compacta\u00e7\u00e3o de res\u00edduos biol\u00f3gicos infecciosos operados com o Sistema Steriale. O cont\u00eainer telesc\u00f3pico Steriale \u00e9 inserido na m\u00e1quina, a porta \u00e9 fechada, o bot\u00e3o de in\u00edcio \u00e9 pressionado e o sistema come\u00e7a a compactar os res\u00edduos. <\/span><\/p><p><span style=\"font-weight: 400;\">A m\u00e1quina <\/span><b>M\u00e1quina de compacta\u00e7\u00e3o<\/b><span style=\"font-weight: 400;\">  foi projetado com uma estrutura retangular robusta, feita principalmente de a\u00e7o inoxid\u00e1vel para garantir a resist\u00eancia \u00e0 corros\u00e3o e a durabilidade. Possui uma porta frontal de acr\u00edlico transparente que permite que o processo de compacta\u00e7\u00e3o seja observado com seguran\u00e7a. <\/span><\/p><p><span style=\"font-weight: 400;\">Sua plataforma m\u00f3vel, operada por meio de guinchos de nylon para servi\u00e7os pesados, suporta cargas de at\u00e9 40 kg. Isso facilita o transporte e o armazenamento eficientes de res\u00edduos, reduzindo o espa\u00e7o em 60%. O cont\u00eainer compactado \u00e9 ent\u00e3o levado \u00e0 autoclave da Steriale para esteriliza\u00e7\u00e3o de seu conte\u00fado.  <\/span><\/p>\t\t\t\t\t\t\t\t<\/div>\n\t\t\t\t<\/div>\n\t\t\t\t<\/div>\n\t\t\t\t<\/div>\n\t\t<div class=\"elementor-element elementor-element-6b1ab0b e-con-full e-flex e-con e-child\" data-id=\"6b1ab0b\" data-element_type=\"container\">\n\t\t<div class=\"elementor-element elementor-element-5efc140 e-con-full e-flex e-con e-child\" data-id=\"5efc140\" data-element_type=\"container\">\n\t\t\t\t<div class=\"elementor-element elementor-element-be6dcc4 elementor-widget elementor-widget-heading\" data-id=\"be6dcc4\" data-element_type=\"widget\" data-widget_type=\"heading.default\">\n\t\t\t\t<div class=\"elementor-widget-container\">\n\t\t\t\t\t<h3 class=\"elementor-heading-title elementor-size-default\">Recursos<\/h3>\t\t\t\t<\/div>\n\t\t\t\t<\/div>\n\t\t\t\t<div class=\"elementor-element elementor-element-0b0250a elementor-widget elementor-widget-text-editor\" data-id=\"0b0250a\" data-element_type=\"widget\" data-widget_type=\"text-editor.default\">\n\t\t\t\t<div class=\"elementor-widget-container\">\n\t\t\t\t\t\t\t\t\t<ul><li style=\"font-weight: 400;\" aria-level=\"1\"><span style=\"font-weight: 400;\">Sistema de seguran\u00e7a que impede o funcionamento do equipamento se a porta n\u00e3o estiver fechada.<\/span><\/li><li style=\"font-weight: 400;\" aria-level=\"1\"><span style=\"font-weight: 400;\">Balan\u00e7a para pesar o recipiente antes da esteriliza\u00e7\u00e3o (vers\u00e3o completa).<\/span><\/li><li style=\"font-weight: 400;\" aria-level=\"1\"><span style=\"font-weight: 400;\">Conex\u00e3o SIM-GPRS para comunica\u00e7\u00e3o de dados (vers\u00e3o completa).<\/span><\/li><li style=\"font-weight: 400;\" aria-level=\"1\"><span style=\"font-weight: 400;\">Leitor QR inclu\u00eddo para facilitar a rastreabilidade dos cont\u00eaineres da Steriale (vers\u00e3o completa).<\/span><\/li><li style=\"font-weight: 400;\" aria-level=\"1\"><span style=\"font-weight: 400;\">Ele inclui um painel de controle de f\u00e1cil acesso, sensores de seguran\u00e7a e um sistema de acionamento el\u00e9trico localizado na parte inferior para otimizar o espa\u00e7o.<\/span><\/li><li style=\"font-weight: 400;\" aria-level=\"1\"><span style=\"font-weight: 400;\">Capacidade de compress\u00e3o de at\u00e9 60% de seu volume original.<\/span><\/li><li style=\"font-weight: 400;\" aria-level=\"1\"><span style=\"font-weight: 400;\">Ele permite a compacta\u00e7\u00e3o de sacos de res\u00edduos infecciosos ou res\u00edduos de baixa densidade e alto volume depositados diretamente em seu interior.<\/span><\/li><li style=\"font-weight: 400;\" aria-level=\"1\"><span style=\"font-weight: 400;\">F\u00e1cil de operar, com dispositivos de seguran\u00e7a para evitar acidentes de trabalho.<\/span><\/li><\/ul>\t\t\t\t\t\t\t\t<\/div>\n\t\t\t\t<\/div>\n\t\t\t\t<\/div>\n\t\t<div class=\"elementor-element elementor-element-6f654e7 e-con-full e-flex e-con e-child\" data-id=\"6f654e7\" data-element_type=\"container\">\n\t\t\t\t<div class=\"elementor-element elementor-element-2fd71c6 elementor-widget elementor-widget-image\" data-id=\"2fd71c6\" data-element_type=\"widget\" data-widget_type=\"image.default\">\n\t\t\t\t<div class=\"elementor-widget-container\">\n\t\t\t\t\t\t\t\t\t\t\t\t<figure class=\"wp-caption\">\n\t\t\t\t\t\t\t\t\t\t<img fetchpriority=\"high\" decoding=\"async\" width=\"690\" height=\"388\" src=\"https:\/\/steriale.com\/wp-content\/uploads\/2025\/02\/0335-e1740381904185.webp\" class=\"attachment-full size-full wp-image-3453\" alt=\"\" \/>\t\t\t\t\t\t\t\t\t\t\t<figcaption class=\"widget-image-caption wp-caption-text\">Demonstra\u00e7\u00e3o do mecanismo de compacta\u00e7\u00e3o<\/figcaption>\n\t\t\t\t\t\t\t\t\t\t<\/figure>\n\t\t\t\t\t\t\t\t\t<\/div>\n\t\t\t\t<\/div>\n\t\t\t\t<\/div>\n\t\t\t\t<\/div>\n\t\t<div class=\"elementor-element elementor-element-0fcaef4 e-con-full e-flex e-con e-child\" data-id=\"0fcaef4\" data-element_type=\"container\">\n\t\t<div class=\"elementor-element elementor-element-5895a34 e-con-full e-flex e-con e-child\" data-id=\"5895a34\" data-element_type=\"container\">\n\t\t\t\t<div class=\"elementor-element elementor-element-c0c2bcd elementor-widget elementor-widget-heading\" data-id=\"c0c2bcd\" data-element_type=\"widget\" data-widget_type=\"heading.default\">\n\t\t\t\t<div class=\"elementor-widget-container\">\n\t\t\t\t\t<h2 class=\"elementor-heading-title elementor-size-default\">Mecanismo de desinfec\u00e7\u00e3o<\/h2>\t\t\t\t<\/div>\n\t\t\t\t<\/div>\n\t\t\t\t<div class=\"elementor-element elementor-element-c87b115 elementor-widget elementor-widget-text-editor\" data-id=\"c87b115\" data-element_type=\"widget\" data-widget_type=\"text-editor.default\">\n\t\t\t\t<div class=\"elementor-widget-container\">\n\t\t\t\t\t\t\t\t\t<ul>\n \t<li>Filtro HEPA<\/li>\n<\/ul>\t\t\t\t\t\t\t\t<\/div>\n\t\t\t\t<\/div>\n\t\t\t\t<\/div>\n\t\t<div class=\"elementor-element elementor-element-9e54809 e-con-full e-flex e-con e-child\" data-id=\"9e54809\" data-element_type=\"container\">\n\t\t\t\t<div class=\"elementor-element elementor-element-90c4374 elementor-widget elementor-widget-heading\" data-id=\"90c4374\" data-element_type=\"widget\" data-widget_type=\"heading.default\">\n\t\t\t\t<div class=\"elementor-widget-container\">\n\t\t\t\t\t<h2 class=\"elementor-heading-title elementor-size-default\">Cores dispon\u00edveis<\/h2>\t\t\t\t<\/div>\n\t\t\t\t<\/div>\n\t\t\t\t<div class=\"elementor-element elementor-element-774cb2f elementor-widget elementor-widget-text-editor\" data-id=\"774cb2f\" data-element_type=\"widget\" data-widget_type=\"text-editor.default\">\n\t\t\t\t<div class=\"elementor-widget-container\">\n\t\t\t\t\t\t\t\t\t<ul><li>Cinza met\u00e1lico (a\u00e7o inoxid\u00e1vel)<\/li><\/ul>\t\t\t\t\t\t\t\t<\/div>\n\t\t\t\t<\/div>\n\t\t\t\t<\/div>\n\t\t\t\t<\/div>\n\t\t<div class=\"elementor-element elementor-element-7f08b06 e-con-full ft-table e-flex e-con e-child\" data-id=\"7f08b06\" data-element_type=\"container\">\n\t\t\t\t<div class=\"elementor-element elementor-element-d05fab5 elementor-widget elementor-widget-text-editor\" data-id=\"d05fab5\" data-element_type=\"widget\" data-widget_type=\"text-editor.default\">\n\t\t\t\t<div class=\"elementor-widget-container\">\n\t\t\t\t\t\t\t\t\t<table><thead><tr><th style=\"text-align: left;\"> <\/th><th colspan=\"2\">M\u00e1quina de compacta\u00e7\u00e3o Steriale<\/th><\/tr><\/thead><tbody><tr><td style=\"text-align: left;\"><strong>Material<\/strong><\/td><td colspan=\"2\">A\u00e7o inoxid\u00e1vel (ref. 304)<\/td><\/tr><tr><td style=\"text-align: left;\"><strong>Cores dispon\u00edveis<\/strong><\/td><td colspan=\"2\">Cinza met\u00e1lico<\/td><\/tr><tr><td style=\"text-align: left;\"><strong>Pot\u00eancia do motor<\/strong><\/td><td colspan=\"2\">0,18 kW (0,24 HP)<\/td><\/tr><tr><td style=\"text-align: left;\"><strong>Tens\u00e3o operacional<\/strong><\/td><td colspan=\"2\">220 V<\/td><\/tr><tr><td style=\"text-align: left;\"><strong>Peso<\/strong><\/td><td colspan=\"2\">95 kg<\/td><\/tr><tr><td style=\"text-align: left;\"><strong>Particularidades<\/strong><\/td><td><p>Vers\u00e3o padr\u00e3o:<\/p><ul><li>Escalas: N\/A<\/li><li>SIM-GPRS: N\/A<\/li><li>Leitor de QR: N\/A<\/li><\/ul><\/td><td><p>Vers\u00e3o completa:<\/p><ul><li>Balan\u00e7as: Inclu\u00eddas<\/li><li>SIM-GPRS: Inclu\u00eddo<\/li><li>Leitor de QR: Incluindo<\/li><\/ul><\/td><\/tr><tr><td style=\"text-align: left;\"><strong>Dispositivos de seguran\u00e7a<\/strong><\/td><td colspan=\"2\"><ul><li>Bot\u00e3o de emerg\u00eancia<\/li><li>Sistema anti-acidental que s\u00f3 permite que o sistema seja iniciado quando a porta estiver fechada.<\/li><li>Desinfec\u00e7\u00e3o de ar comprimido por filtros HEPA<\/li><\/ul><\/td><\/tr><tr><td style=\"text-align: left;\"><strong>Componentes el\u00e9tricos<\/strong><\/td><td colspan=\"2\"><ul><li>2 contatores (modelo: 12AC3, 220VAC).<\/li><li>1 disjuntor (trilho DIN 2X16).<\/li><li>8 blocos de terminais de 4 mm.<\/li><li>Chaves de limite ajust\u00e1veis (Comepi, modelo italiano).<\/li><li>Micro stop com sensor de abertura de porta.<\/li><\/ul><\/td><\/tr><\/tbody><\/table>\t\t\t\t\t\t\t\t<\/div>\n\t\t\t\t<\/div>\n\t\t\t\t<\/div>\n\t\t<div class=\"elementor-element elementor-element-c6e5870 e-con-full e-flex e-con e-child\" data-id=\"c6e5870\" data-element_type=\"container\">\n\t\t\t\t<div class=\"elementor-element elementor-element-a94943e elementor-widget elementor-widget-heading\" data-id=\"a94943e\" data-element_type=\"widget\" data-widget_type=\"heading.default\">\n\t\t\t\t<div class=\"elementor-widget-container\">\n\t\t\t\t\t<h2 class=\"elementor-heading-title elementor-size-default\">Dimens\u00f5es<\/h2>\t\t\t\t<\/div>\n\t\t\t\t<\/div>\n\t\t\t\t<div class=\"elementor-element elementor-element-e134f71 elementor-widget elementor-widget-image\" data-id=\"e134f71\" data-element_type=\"widget\" data-widget_type=\"image.default\">\n\t\t\t\t<div class=\"elementor-widget-container\">\n\t\t\t\t\t\t\t\t\t\t\t\t\t\t\t<img decoding=\"async\" width=\"1280\" height=\"960\" src=\"https:\/\/steriale.com\/wp-content\/uploads\/2025\/02\/ES_FT_0011_R02_Maquina-Compactadora-e1740383356235.png\" class=\"attachment-full size-full wp-image-4134\" alt=\"\" \/>\t\t\t\t\t\t\t\t\t\t\t\t\t\t\t<\/div>\n\t\t\t\t<\/div>\n\t\t\t\t<\/div>\n\t\t<div class=\"elementor-element elementor-element-e6a078d e-con-full e-flex e-con e-child\" data-id=\"e6a078d\" data-element_type=\"container\">\n\t\t\t\t<div class=\"elementor-element elementor-element-e1f5163 elementor-widget elementor-widget-heading\" data-id=\"e1f5163\" data-element_type=\"widget\" data-widget_type=\"heading.default\">\n\t\t\t\t<div class=\"elementor-widget-container\">\n\t\t\t\t\t<h2 class=\"elementor-heading-title elementor-size-default\">Manuten\u00e7\u00e3o<\/h2>\t\t\t\t<\/div>\n\t\t\t\t<\/div>\n\t\t\t\t<div class=\"elementor-element elementor-element-7a75c17 elementor-widget elementor-widget-text-editor\" data-id=\"7a75c17\" data-element_type=\"widget\" data-widget_type=\"text-editor.default\">\n\t\t\t\t<div class=\"elementor-widget-container\">\n\t\t\t\t\t\t\t\t\t<p><b>Frequ\u00eancia:<\/b><\/p><p><span style=\"font-weight: 400;\">Inspe\u00e7\u00e3o visual das roldanas, polias e soldas a cada 6 meses, lubrifica\u00e7\u00e3o das pe\u00e7as m\u00f3veis uma vez por ano e inspe\u00e7\u00e3o do sistema el\u00e9trico e dos sensores a cada 12 meses.<\/span><\/p><p><b>Limpeza:<\/b><\/p><p><span style=\"font-weight: 400;\">Limpe a m\u00e1quina com um pano \u00famido e detergente suave ap\u00f3s cada uso. Evite usar \u00e1gua pressurizada diretamente nas partes el\u00e9tricas.<\/span><\/p><p><b>Substitui\u00e7\u00e3o de pe\u00e7as:<\/b><\/p><p><span style=\"font-weight: 400;\">Substitua os fios ou componentes el\u00e9tricos se eles apresentarem sinais de desgaste ou danos e verifique periodicamente a condi\u00e7\u00e3o dos sensores e das conex\u00f5es el\u00e9tricas.<\/span><\/p>\t\t\t\t\t\t\t\t<\/div>\n\t\t\t\t<\/div>\n\t\t\t\t<\/div>\n\t\t\t\t\t<\/div>\n\t\t\t\t<\/main>\n\t\t\t\t<\/div>\n\t\t","protected":false},"excerpt":{"rendered":"<p>Usado em conjunto com os outros componentes do Sistema Steriale, ele permite que os cont\u00eaineres telesc\u00f3picos de 90 e 160 litros da Steriale sejam compactados a 1\/3 de seu tamanho original.<\/p>\n","protected":false},"featured_media":3771,"template":"","meta":{"_acf_changed":false},"product_brand":[150],"product_cat":[174],"product_tag":[],"class_list":{"0":"post-4367","1":"product","2":"type-product","3":"status-publish","4":"has-post-thumbnail","6":"product_brand-steriale","7":"product_cat-acessorios","9":"first","10":"instock","11":"shipping-taxable","12":"product-type-simple"},"acf":[],"aioseo_notices":[],"_links":{"self":[{"href":"https:\/\/steriale.com\/pt-br\/wp-json\/wp\/v2\/product\/4367","targetHints":{"allow":["GET"]}}],"collection":[{"href":"https:\/\/steriale.com\/pt-br\/wp-json\/wp\/v2\/product"}],"about":[{"href":"https:\/\/steriale.com\/pt-br\/wp-json\/wp\/v2\/types\/product"}],"version-history":[{"count":1,"href":"https:\/\/steriale.com\/pt-br\/wp-json\/wp\/v2\/product\/4367\/revisions"}],"predecessor-version":[{"id":4369,"href":"https:\/\/steriale.com\/pt-br\/wp-json\/wp\/v2\/product\/4367\/revisions\/4369"}],"wp:featuredmedia":[{"embeddable":true,"href":"https:\/\/steriale.com\/pt-br\/wp-json\/wp\/v2\/media\/3771"}],"wp:attachment":[{"href":"https:\/\/steriale.com\/pt-br\/wp-json\/wp\/v2\/media?parent=4367"}],"wp:term":[{"taxonomy":"product_brand","embeddable":true,"href":"https:\/\/steriale.com\/pt-br\/wp-json\/wp\/v2\/product_brand?post=4367"},{"taxonomy":"product_cat","embeddable":true,"href":"https:\/\/steriale.com\/pt-br\/wp-json\/wp\/v2\/product_cat?post=4367"},{"taxonomy":"product_tag","embeddable":true,"href":"https:\/\/steriale.com\/pt-br\/wp-json\/wp\/v2\/product_tag?post=4367"}],"curies":[{"name":"wp","href":"https:\/\/api.w.org\/{rel}","templated":true}]}}