{"id":4350,"date":"2025-02-23T13:56:34","date_gmt":"2025-02-23T11:56:34","guid":{"rendered":"https:\/\/steriale.com\/product\/contentor-para-residuos-solidos-steriale-30-litros\/"},"modified":"2025-02-24T21:59:08","modified_gmt":"2025-02-24T19:59:08","slug":"contentor-para-residuos-solidos-steriale-30-litros","status":"publish","type":"product","link":"https:\/\/steriale.com\/pt-br\/produtos\/contentor-para-residuos-solidos-steriale-30-litros\/","title":{"rendered":"Contentor para res\u00edduos s\u00f3lidos Steriale 30 litros"},"content":{"rendered":"\t\t<div data-elementor-type=\"product-post\" data-elementor-id=\"4350\" class=\"elementor elementor-4350 elementor-3376\" data-elementor-post-type=\"product\">\n\t\t\t\t<main class=\"elementor-element elementor-element-aa4fe5e e-flex e-con-boxed e-con e-parent\" data-id=\"aa4fe5e\" data-element_type=\"container\">\n\t\t\t\t\t<div class=\"e-con-inner\">\n\t\t<div class=\"elementor-element elementor-element-b4927d9 e-con-full e-flex e-con e-child\" data-id=\"b4927d9\" data-element_type=\"container\">\n\t\t<div class=\"elementor-element elementor-element-07b2823 e-con-full e-flex e-con e-child\" data-id=\"07b2823\" data-element_type=\"container\">\n\t\t\t\t<div class=\"elementor-element elementor-element-cc0318f elementor-widget elementor-widget-heading\" data-id=\"cc0318f\" data-element_type=\"widget\" data-widget_type=\"heading.default\">\n\t\t\t\t<div class=\"elementor-widget-container\">\n\t\t\t\t\t<h2 class=\"elementor-heading-title elementor-size-default\">Apresenta\u00e7\u00e3o<\/h2>\t\t\t\t<\/div>\n\t\t\t\t<\/div>\n\t\t\t\t<div class=\"elementor-element elementor-element-df937e2 elementor-widget elementor-widget-text-editor\" data-id=\"df937e2\" data-element_type=\"widget\" data-widget_type=\"text-editor.default\">\n\t\t\t\t<div class=\"elementor-widget-container\">\n\t\t\t\t\t\t\t\t\t<div class=\"oe_structure\" data-oe-xpath=\"\/t[1]\/t[4]\/div[1]\/section[1]\/div[2]\/div[2]\/div[1]\" data-oe-model=\"product.template\" data-oe-id=\"37\" data-oe-field=\"description_ecommerce\" data-oe-type=\"html\" data-oe-expression=\"product.description_ecommerce\"><p>O cont\u00eainer Steriale para res\u00edduos biol\u00f3gicos infecciosos incorpora um sistema patenteado de abertura de tampa projetado para garantir maior seguran\u00e7a no manuseio de res\u00edduos.<\/p><p>Ele est\u00e1 dispon\u00edvel em uma vers\u00e3o de 30 litros e em v\u00e1rias cores para atender a v\u00e1rias legisla\u00e7\u00f5es.<\/p><\/div>\t\t\t\t\t\t\t\t<\/div>\n\t\t\t\t<\/div>\n\t\t\t\t<\/div>\n\t\t<div class=\"elementor-element elementor-element-ba29755 e-con-full e-flex e-con e-child\" data-id=\"ba29755\" data-element_type=\"container\">\n\t\t\t\t<div class=\"elementor-element elementor-element-5a282e7 elementor-widget elementor-widget-heading\" data-id=\"5a282e7\" data-element_type=\"widget\" data-widget_type=\"heading.default\">\n\t\t\t\t<div class=\"elementor-widget-container\">\n\t\t\t\t\t<h2 class=\"elementor-heading-title elementor-size-default\">Uso pretendido<\/h2>\t\t\t\t<\/div>\n\t\t\t\t<\/div>\n\t\t\t\t<div class=\"elementor-element elementor-element-15756de elementor-widget elementor-widget-text-editor\" data-id=\"15756de\" data-element_type=\"widget\" data-widget_type=\"text-editor.default\">\n\t\t\t\t<div class=\"elementor-widget-container\">\n\t\t\t\t\t\t\t\t\t<p class=\"o_default_snippet_text\">Esse cont\u00eainer reutiliz\u00e1vel foi projetado para o transporte e o armazenamento seguros de res\u00edduos hospitalares perigosos ou qualquer outro tipo de res\u00edduo de alto risco que <strong>n\u00e3o seja material cortante, perfurante ou contundente.<\/strong><\/p><p>O operador deve usar o cont\u00eainer junto com os sacos da Steriale. Depois de cheio, a tampa \u00e9 fechada e o recipiente \u00e9 levado diretamente a uma autoclave da Steriale para a esteriliza\u00e7\u00e3o adequada. <\/p>\t\t\t\t\t\t\t\t<\/div>\n\t\t\t\t<\/div>\n\t\t\t\t<\/div>\n\t\t\t\t<\/div>\n\t\t<div class=\"elementor-element elementor-element-c3d0937 e-con-full e-flex e-con e-child\" data-id=\"c3d0937\" data-element_type=\"container\">\n\t\t<div class=\"elementor-element elementor-element-9efae1f e-con-full e-flex e-con e-child\" data-id=\"9efae1f\" data-element_type=\"container\">\n\t\t\t\t<div class=\"elementor-element elementor-element-22bdf4f elementor-widget elementor-widget-heading\" data-id=\"22bdf4f\" data-element_type=\"widget\" data-widget_type=\"heading.default\">\n\t\t\t\t<div class=\"elementor-widget-container\">\n\t\t\t\t\t<h3 class=\"elementor-heading-title elementor-size-default\">Recursos<\/h3>\t\t\t\t<\/div>\n\t\t\t\t<\/div>\n\t\t\t\t<div class=\"elementor-element elementor-element-0c5e5d6 elementor-widget elementor-widget-text-editor\" data-id=\"0c5e5d6\" data-element_type=\"widget\" data-widget_type=\"text-editor.default\">\n\t\t\t\t<div class=\"elementor-widget-container\">\n\t\t\t\t\t\t\t\t\t<ul><li>Cada pe\u00e7a foi fabricada com materiais de alta resist\u00eancia.<\/li><li>Tampa com sistema de fechamento herm\u00e9tico patenteado pela Steriale. Uma vez fechada, ela n\u00e3o pode ser aberta at\u00e9 que o recipiente seja esterilizado. <\/li><li>O c\u00f3digo QR \u00e9 adicionado \u00e0 tampa para rastreabilidade do recipiente.<\/li><li>Inclui revestimento de Teflon antiaderente na parte interna para facilitar a limpeza e garantir que nada grude.<\/li><li>Ele tem uma al\u00e7a na tampa para facilitar o transporte.<\/li><li>Todas as pe\u00e7as podem ser empilhadas, o que facilita o armazenamento e o transporte.<\/li><\/ul>\t\t\t\t\t\t\t\t<\/div>\n\t\t\t\t<\/div>\n\t\t\t\t<\/div>\n\t\t<div class=\"elementor-element elementor-element-73b4f0b e-con-full e-flex e-con e-child\" data-id=\"73b4f0b\" data-element_type=\"container\">\n\t\t\t\t<div class=\"elementor-element elementor-element-075798f elementor-widget elementor-widget-image\" data-id=\"075798f\" data-element_type=\"widget\" data-widget_type=\"image.default\">\n\t\t\t\t<div class=\"elementor-widget-container\">\n\t\t\t\t\t\t\t\t\t\t\t\t<figure class=\"wp-caption\">\n\t\t\t\t\t\t\t\t\t\t<img fetchpriority=\"high\" decoding=\"async\" width=\"1200\" height=\"1600\" src=\"https:\/\/steriale.com\/wp-content\/uploads\/2025\/02\/contenedor-corredor.jpeg\" class=\"attachment-full size-full wp-image-4063\" alt=\"\" srcset=\"https:\/\/steriale.com\/wp-content\/uploads\/2025\/02\/contenedor-corredor.jpeg 1200w, https:\/\/steriale.com\/wp-content\/uploads\/2025\/02\/contenedor-corredor-225x300.jpeg 225w, https:\/\/steriale.com\/wp-content\/uploads\/2025\/02\/contenedor-corredor-768x1024.jpeg 768w, https:\/\/steriale.com\/wp-content\/uploads\/2025\/02\/contenedor-corredor-1152x1536.jpeg 1152w, https:\/\/steriale.com\/wp-content\/uploads\/2025\/02\/contenedor-corredor-600x800.jpeg 600w\" sizes=\"(max-width: 1200px) 100vw, 1200px\" \/>\t\t\t\t\t\t\t\t\t\t\t<figcaption class=\"widget-image-caption wp-caption-text\">Recipientes de 30 litros da Steriale em transporte<\/figcaption>\n\t\t\t\t\t\t\t\t\t\t<\/figure>\n\t\t\t\t\t\t\t\t\t<\/div>\n\t\t\t\t<\/div>\n\t\t\t\t<\/div>\n\t\t\t\t<\/div>\n\t\t<div class=\"elementor-element elementor-element-d9b26b5 e-con-full e-flex e-con e-child\" data-id=\"d9b26b5\" data-element_type=\"container\">\n\t\t<div class=\"elementor-element elementor-element-752b499 e-con-full e-flex e-con e-child\" data-id=\"752b499\" data-element_type=\"container\">\n\t\t\t\t<div class=\"elementor-element elementor-element-deb5d02 elementor-widget elementor-widget-image\" data-id=\"deb5d02\" data-element_type=\"widget\" data-widget_type=\"image.default\">\n\t\t\t\t<div class=\"elementor-widget-container\">\n\t\t\t\t\t\t\t\t\t\t\t\t\t\t\t<img decoding=\"async\" width=\"800\" height=\"868\" src=\"https:\/\/steriale.com\/wp-content\/uploads\/2025\/02\/render-8-944x1024.webp\" class=\"attachment-large size-large wp-image-3540\" alt=\"\" srcset=\"https:\/\/steriale.com\/wp-content\/uploads\/2025\/02\/render-8-944x1024.webp 944w, https:\/\/steriale.com\/wp-content\/uploads\/2025\/02\/render-8-277x300.webp 277w, https:\/\/steriale.com\/wp-content\/uploads\/2025\/02\/render-8-768x833.webp 768w, https:\/\/steriale.com\/wp-content\/uploads\/2025\/02\/render-8-1417x1536.webp 1417w, https:\/\/steriale.com\/wp-content\/uploads\/2025\/02\/render-8-600x651.webp 600w, https:\/\/steriale.com\/wp-content\/uploads\/2025\/02\/render-8.webp 1567w\" sizes=\"(max-width: 800px) 100vw, 800px\" \/>\t\t\t\t\t\t\t\t\t\t\t\t\t\t\t<\/div>\n\t\t\t\t<\/div>\n\t\t\t\t<div class=\"elementor-element elementor-element-8e2bda4 elementor-widget elementor-widget-heading\" data-id=\"8e2bda4\" data-element_type=\"widget\" data-widget_type=\"heading.default\">\n\t\t\t\t<div class=\"elementor-widget-container\">\n\t\t\t\t\t<h2 class=\"elementor-heading-title elementor-size-default\">Rastreabilidade<\/h2>\t\t\t\t<\/div>\n\t\t\t\t<\/div>\n\t\t\t\t<div class=\"elementor-element elementor-element-fb89875 elementor-widget elementor-widget-text-editor\" data-id=\"fb89875\" data-element_type=\"widget\" data-widget_type=\"text-editor.default\">\n\t\t\t\t<div class=\"elementor-widget-container\">\n\t\t\t\t\t\t\t\t\t<section class=\"s_media_list pt32 pb32 o_colored_level o_cc o_cc1\" data-vcss=\"001\" data-snippet=\"s_media_list\" data-name=\"Lista de medios\"><div class=\"container\"><div class=\"row s_nb_column_fixed s_col_no_bgcolor\"><div class=\"col-lg-12 s_media_list_item pt16 pb16\" data-name=\"Media item\"><div class=\"row s_col_no_resize s_col_no_bgcolor g-0 align-items-center o_colored_level o_cc o_cc1\"><div class=\"col-lg-8 s_media_list_body\"><p class=\"o_default_snippet_text\">Cont\u00e9m o c\u00f3digo QR para rastreabilidade do cont\u00eainer, integrado diretamente ao software Steriale.<\/p><\/div><\/div><\/div><\/div><\/div><\/section><section class=\"s_three_columns pt32 o_colored_level o_cc o_cc1 pb0\" data-vcss=\"001\" data-snippet=\"s_three_columns\" data-name=\"Columnas\"><div class=\"container\"><div class=\"row d-flex align-items-stretch\"><div class=\"s_col_no_bgcolor pt16 pb16 col-lg-12\"> <\/div><\/div><\/div><\/section>\t\t\t\t\t\t\t\t<\/div>\n\t\t\t\t<\/div>\n\t\t\t\t<\/div>\n\t\t<div class=\"elementor-element elementor-element-f36e092 e-con-full e-flex e-con e-child\" data-id=\"f36e092\" data-element_type=\"container\">\n\t\t\t\t<div class=\"elementor-element elementor-element-3f1231d elementor-widget elementor-widget-heading\" data-id=\"3f1231d\" data-element_type=\"widget\" data-widget_type=\"heading.default\">\n\t\t\t\t<div class=\"elementor-widget-container\">\n\t\t\t\t\t<h2 class=\"elementor-heading-title elementor-size-default\">Cores dispon\u00edveis<\/h2>\t\t\t\t<\/div>\n\t\t\t\t<\/div>\n\t\t\t\t<div class=\"elementor-element elementor-element-80cc993 elementor-widget elementor-widget-text-editor\" data-id=\"80cc993\" data-element_type=\"widget\" data-widget_type=\"text-editor.default\">\n\t\t\t\t<div class=\"elementor-widget-container\">\n\t\t\t\t\t\t\t\t\t<section class=\"s_media_list pt32 pb32 o_colored_level o_cc o_cc1\" data-vcss=\"001\" data-snippet=\"s_media_list\" data-name=\"Lista de medios\"><div class=\"container\"><div class=\"row s_nb_column_fixed s_col_no_bgcolor\"><div class=\"col-lg-12 s_media_list_item pt16 pb16\" data-name=\"Media item\"><div class=\"row s_col_no_resize s_col_no_bgcolor g-0 align-items-center o_colored_level o_cc o_cc1\"><div class=\"col-lg-8 s_media_list_body\"><ul class=\"card-text o_default_snippet_text\"><li>Vermelho<\/li><li>Amarelo<\/li><li>Preto<\/li><li>Branco<\/li><\/ul><\/div><\/div><\/div><\/div><\/div><\/section>\t\t\t\t\t\t\t\t<\/div>\n\t\t\t\t<\/div>\n\t\t\t\t<\/div>\n\t\t\t\t<\/div>\n\t\t<div class=\"elementor-element elementor-element-027818e e-con-full e-flex e-con e-child\" data-id=\"027818e\" data-element_type=\"container\">\n\t\t<div class=\"elementor-element elementor-element-cbee2a6 e-con-full e-flex e-con e-child\" data-id=\"cbee2a6\" data-element_type=\"container\">\n\t\t\t\t<div class=\"elementor-element elementor-element-be1b284 elementor-widget elementor-widget-heading\" data-id=\"be1b284\" data-element_type=\"widget\" data-widget_type=\"heading.default\">\n\t\t\t\t<div class=\"elementor-widget-container\">\n\t\t\t\t\t<h2 class=\"elementor-heading-title elementor-size-default\">M\u00e9todo de esteriliza\u00e7\u00e3o<\/h2>\t\t\t\t<\/div>\n\t\t\t\t<\/div>\n\t\t\t\t<div class=\"elementor-element elementor-element-e36e2f2 elementor-widget elementor-widget-text-editor\" data-id=\"e36e2f2\" data-element_type=\"widget\" data-widget_type=\"text-editor.default\">\n\t\t\t\t<div class=\"elementor-widget-container\">\n\t\t\t\t\t\t\t\t\t<div class=\"col-lg-4 s_col_no_bgcolor pt16 pb16\"><div class=\"card text-bg-white h-100\"><div class=\"card-body\"><ul class=\"card-text o_default_snippet_text\"><li>Autoclave Classe B<\/li><\/ul><\/div><\/div><\/div><div class=\"col-lg-4 s_col_no_bgcolor pt16 pb16\"> <\/div>\t\t\t\t\t\t\t\t<\/div>\n\t\t\t\t<\/div>\n\t\t\t\t<\/div>\n\t\t<div class=\"elementor-element elementor-element-ca862b2 e-con-full e-flex e-con e-child\" data-id=\"ca862b2\" data-element_type=\"container\">\n\t\t\t\t<div class=\"elementor-element elementor-element-b1282dd elementor-widget elementor-widget-heading\" data-id=\"b1282dd\" data-element_type=\"widget\" data-widget_type=\"heading.default\">\n\t\t\t\t<div class=\"elementor-widget-container\">\n\t\t\t\t\t<h2 class=\"elementor-heading-title elementor-size-default\">Personaliza\u00e7\u00e3o<\/h2>\t\t\t\t<\/div>\n\t\t\t\t<\/div>\n\t\t\t\t<div class=\"elementor-element elementor-element-e1856b8 elementor-widget elementor-widget-text-editor\" data-id=\"e1856b8\" data-element_type=\"widget\" data-widget_type=\"text-editor.default\">\n\t\t\t\t<div class=\"elementor-widget-container\">\n\t\t\t\t\t\t\t\t\t<p class=\"card-text o_default_snippet_text\">\u00c9 poss\u00edvel personalizar a etiqueta para atender \u00e0 legisla\u00e7\u00e3o local.<\/p>\t\t\t\t\t\t\t\t<\/div>\n\t\t\t\t<\/div>\n\t\t\t\t<\/div>\n\t\t\t\t<\/div>\n\t\t<div class=\"elementor-element elementor-element-5190b00 e-con-full e-flex e-con e-child\" data-id=\"5190b00\" data-element_type=\"container\">\n\t\t<div class=\"elementor-element elementor-element-1dfa615 e-con-full e-flex e-con e-child\" data-id=\"1dfa615\" data-element_type=\"container\">\n\t\t<div class=\"elementor-element elementor-element-e1f71d5 e-con-full e-flex e-con e-child\" data-id=\"e1f71d5\" data-element_type=\"container\">\n\t\t\t\t<div class=\"elementor-element elementor-element-31f9c3a elementor-widget elementor-widget-heading\" data-id=\"31f9c3a\" data-element_type=\"widget\" data-widget_type=\"heading.default\">\n\t\t\t\t<div class=\"elementor-widget-container\">\n\t\t\t\t\t<h2 class=\"elementor-heading-title elementor-size-default\">Suportes de cont\u00eaineres<\/h2>\t\t\t\t<\/div>\n\t\t\t\t<\/div>\n\t\t\t\t<div class=\"elementor-element elementor-element-020497e elementor-widget elementor-widget-text-editor\" data-id=\"020497e\" data-element_type=\"widget\" data-widget_type=\"text-editor.default\">\n\t\t\t\t<div class=\"elementor-widget-container\">\n\t\t\t\t\t\t\t\t\t<p>Nosso sistema de <strong>recipiente<\/strong> e <strong>suporte de recipiente<\/strong> otimiza o gerenciamento de res\u00edduos infecciosos no local. Ao deixar o suporte do cont\u00eainer fixo, fica mais f\u00e1cil identificar as esta\u00e7\u00f5es que precisam ser reabastecidas. <\/p><p>O cont\u00eainer transport\u00e1vel permite que apenas os res\u00edduos sejam movidos, reduzindo a quantidade de material em tr\u00e2nsito e melhorando a efici\u00eancia operacional.<\/p><p>Al\u00e9m disso, ao separar o suporte estrutural do recipiente reutiliz\u00e1vel, garantimos maior durabilidade e um processo de esteriliza\u00e7\u00e3o mais eficiente.<\/p>\t\t\t\t\t\t\t\t<\/div>\n\t\t\t\t<\/div>\n\t\t\t\t<\/div>\n\t\t<div class=\"elementor-element elementor-element-e93e20d e-con-full e-flex e-con e-child\" data-id=\"e93e20d\" data-element_type=\"container\">\n\t\t\t\t<div class=\"elementor-element elementor-element-df07a57 elementor-widget elementor-widget-image\" data-id=\"df07a57\" data-element_type=\"widget\" data-widget_type=\"image.default\">\n\t\t\t\t<div class=\"elementor-widget-container\">\n\t\t\t\t\t\t\t\t\t\t\t\t<figure class=\"wp-caption\">\n\t\t\t\t\t\t\t\t\t\t<img decoding=\"async\" width=\"1920\" height=\"1743\" src=\"https:\/\/steriale.com\/wp-content\/uploads\/2025\/02\/render-3.webp\" class=\"attachment-full size-full wp-image-3537\" alt=\"\" srcset=\"https:\/\/steriale.com\/wp-content\/uploads\/2025\/02\/render-3.webp 1920w, https:\/\/steriale.com\/wp-content\/uploads\/2025\/02\/render-3-300x272.webp 300w, https:\/\/steriale.com\/wp-content\/uploads\/2025\/02\/render-3-1024x930.webp 1024w, https:\/\/steriale.com\/wp-content\/uploads\/2025\/02\/render-3-768x697.webp 768w, https:\/\/steriale.com\/wp-content\/uploads\/2025\/02\/render-3-1536x1394.webp 1536w, https:\/\/steriale.com\/wp-content\/uploads\/2025\/02\/render-3-600x545.webp 600w\" sizes=\"(max-width: 1920px) 100vw, 1920px\" \/>\t\t\t\t\t\t\t\t\t\t\t<figcaption class=\"widget-image-caption wp-caption-text\">Demonstra\u00e7\u00e3o com a remo\u00e7\u00e3o do cont\u00eainer<\/figcaption>\n\t\t\t\t\t\t\t\t\t\t<\/figure>\n\t\t\t\t\t\t\t\t\t<\/div>\n\t\t\t\t<\/div>\n\t\t\t\t<\/div>\n\t\t\t\t<\/div>\n\t\t\t\t<\/div>\n\t\t<div class=\"elementor-element elementor-element-c9286f4 e-con-full e-flex e-con e-child\" data-id=\"c9286f4\" data-element_type=\"container\">\n\t\t<div class=\"elementor-element elementor-element-1e13b15 e-con-full e-flex e-con e-child\" data-id=\"1e13b15\" data-element_type=\"container\">\n\t\t<div class=\"elementor-element elementor-element-5fe1191 e-con-full e-flex e-con e-child\" data-id=\"5fe1191\" data-element_type=\"container\">\n\t\t\t\t<div class=\"elementor-element elementor-element-a1bcdfc elementor-widget elementor-widget-heading\" data-id=\"a1bcdfc\" data-element_type=\"widget\" data-widget_type=\"heading.default\">\n\t\t\t\t<div class=\"elementor-widget-container\">\n\t\t\t\t\t<h2 class=\"elementor-heading-title elementor-size-default\">Dimens\u00f5es<\/h2>\t\t\t\t<\/div>\n\t\t\t\t<\/div>\n\t\t\t\t<div class=\"elementor-element elementor-element-420ffbf elementor-widget elementor-widget-image\" data-id=\"420ffbf\" data-element_type=\"widget\" data-widget_type=\"image.default\">\n\t\t\t\t<div class=\"elementor-widget-container\">\n\t\t\t\t\t\t\t\t\t\t\t\t<figure class=\"wp-caption\">\n\t\t\t\t\t\t\t\t\t\t<img loading=\"lazy\" decoding=\"async\" width=\"613\" height=\"551\" src=\"https:\/\/steriale.com\/wp-content\/uploads\/2025\/02\/ES_FT_0003_R02_Contenedor-Solidos-30-Litros.webp\" class=\"attachment-large size-large wp-image-3498\" alt=\"\" srcset=\"https:\/\/steriale.com\/wp-content\/uploads\/2025\/02\/ES_FT_0003_R02_Contenedor-Solidos-30-Litros.webp 613w, https:\/\/steriale.com\/wp-content\/uploads\/2025\/02\/ES_FT_0003_R02_Contenedor-Solidos-30-Litros-300x270.webp 300w, https:\/\/steriale.com\/wp-content\/uploads\/2025\/02\/ES_FT_0003_R02_Contenedor-Solidos-30-Litros-600x539.webp 600w\" sizes=\"(max-width: 613px) 100vw, 613px\" \/>\t\t\t\t\t\t\t\t\t\t\t<figcaption class=\"widget-image-caption wp-caption-text\">A = Altura sem tampa<br>B = Altura com tampa<\/figcaption>\n\t\t\t\t\t\t\t\t\t\t<\/figure>\n\t\t\t\t\t\t\t\t\t<\/div>\n\t\t\t\t<\/div>\n\t\t\t\t<\/div>\n\t\t\t\t<\/div>\n\t\t\t\t<\/div>\n\t\t<div class=\"elementor-element elementor-element-53fd348 e-con-full ft-table e-flex e-con e-child\" data-id=\"53fd348\" data-element_type=\"container\">\n\t\t\t\t<div class=\"elementor-element elementor-element-aaba640 elementor-widget elementor-widget-heading\" data-id=\"aaba640\" data-element_type=\"widget\" data-widget_type=\"heading.default\">\n\t\t\t\t<div class=\"elementor-widget-container\">\n\t\t\t\t\t<h2 class=\"elementor-heading-title elementor-size-default\">Informa\u00e7\u00f5es t\u00e9cnicas<\/h2>\t\t\t\t<\/div>\n\t\t\t\t<\/div>\n\t\t\t\t<div class=\"elementor-element elementor-element-b69f7a9 elementor-widget elementor-widget-text-editor\" data-id=\"b69f7a9\" data-element_type=\"widget\" data-widget_type=\"text-editor.default\">\n\t\t\t\t<div class=\"elementor-widget-container\">\n\t\t\t\t\t\t\t\t\t<table>\n<tbody>\n<tr>\n<td>\n<p><strong>Material do Contentor<\/strong><\/p>\n<\/td>\n<td>\n<p>Alum\u00ednio de 1,5 mm<\/p>\n<\/td>\n<\/tr>\n<tr>\n<td>\n<p><strong>Material da capa<\/strong><\/p>\n<\/td>\n<td>\n<p>Poliamida com fibra de vidro<\/p>\n<\/td>\n<\/tr>\n<tr>\n<td>\n<p><strong>Revestimento interno<\/strong><\/p>\n<\/td>\n<td>\n<p>Teflon cinza cintilante com 3 camadas de grau antiaderente e resistente \u00e0 abras\u00e3o<\/p>\n<\/td>\n<\/tr>\n<tr>\n<td>\n<p><strong>Material do corpo externo<\/strong><\/p>\n<\/td>\n<td>\n<p>Papel\u00e3o e pl\u00e1stico<\/p>\n<\/td>\n<\/tr>\n<\/tbody>\n<\/table>\t\t\t\t\t\t\t\t<\/div>\n\t\t\t\t<\/div>\n\t\t\t\t<\/div>\n\t\t\t\t\t<\/div>\n\t\t\t\t<\/main>\n\t\t\t\t<\/div>\n\t\t","protected":false},"excerpt":{"rendered":"<p>Contentor para res\u00edduos s\u00f3lidos com sistema patenteado de abertura da tampa. Dispon\u00edvel em v\u00e1rias cores para atender a diversas legisla\u00e7\u00f5es. <\/p>\n","protected":false},"featured_media":3792,"template":"","meta":{"_acf_changed":false},"product_brand":[150],"product_cat":[177,180],"product_tag":[],"class_list":{"0":"post-4350","1":"product","2":"type-product","3":"status-publish","4":"has-post-thumbnail","6":"product_brand-steriale","7":"product_cat-contentores","8":"product_cat-contentores-para-residuos-solidos","10":"first","11":"instock","12":"shipping-taxable","13":"product-type-variable"},"acf":[],"aioseo_notices":[],"_links":{"self":[{"href":"https:\/\/steriale.com\/pt-br\/wp-json\/wp\/v2\/product\/4350","targetHints":{"allow":["GET"]}}],"collection":[{"href":"https:\/\/steriale.com\/pt-br\/wp-json\/wp\/v2\/product"}],"about":[{"href":"https:\/\/steriale.com\/pt-br\/wp-json\/wp\/v2\/types\/product"}],"version-history":[{"count":1,"href":"https:\/\/steriale.com\/pt-br\/wp-json\/wp\/v2\/product\/4350\/revisions"}],"predecessor-version":[{"id":4355,"href":"https:\/\/steriale.com\/pt-br\/wp-json\/wp\/v2\/product\/4350\/revisions\/4355"}],"wp:featuredmedia":[{"embeddable":true,"href":"https:\/\/steriale.com\/pt-br\/wp-json\/wp\/v2\/media\/3792"}],"wp:attachment":[{"href":"https:\/\/steriale.com\/pt-br\/wp-json\/wp\/v2\/media?parent=4350"}],"wp:term":[{"taxonomy":"product_brand","embeddable":true,"href":"https:\/\/steriale.com\/pt-br\/wp-json\/wp\/v2\/product_brand?post=4350"},{"taxonomy":"product_cat","embeddable":true,"href":"https:\/\/steriale.com\/pt-br\/wp-json\/wp\/v2\/product_cat?post=4350"},{"taxonomy":"product_tag","embeddable":true,"href":"https:\/\/steriale.com\/pt-br\/wp-json\/wp\/v2\/product_tag?post=4350"}],"curies":[{"name":"wp","href":"https:\/\/api.w.org\/{rel}","templated":true}]}}