{"id":4334,"date":"2025-02-23T13:34:59","date_gmt":"2025-02-23T11:34:59","guid":{"rendered":"https:\/\/steriale.com\/product\/autoclave-steriale-45-litros\/"},"modified":"2025-02-24T21:59:07","modified_gmt":"2025-02-24T19:59:07","slug":"autoclave-steriale-45-litros","status":"publish","type":"product","link":"https:\/\/steriale.com\/pt-br\/produtos\/autoclave-steriale-45-litros\/","title":{"rendered":"Autoclave Steriale 45 litros"},"content":{"rendered":"\t\t<div data-elementor-type=\"product-post\" data-elementor-id=\"4334\" class=\"elementor elementor-4334 elementor-3356\" data-elementor-post-type=\"product\">\n\t\t\t\t<main class=\"elementor-element elementor-element-638e5d3 e-flex e-con-boxed e-con e-parent\" data-id=\"638e5d3\" data-element_type=\"container\">\n\t\t\t\t\t<div class=\"e-con-inner\">\n\t\t<div class=\"elementor-element elementor-element-e6af68f e-con-full e-flex e-con e-child\" data-id=\"e6af68f\" data-element_type=\"container\">\n\t\t<div class=\"elementor-element elementor-element-e3afdac e-con-full e-flex e-con e-child\" data-id=\"e3afdac\" data-element_type=\"container\">\n\t\t\t\t<div class=\"elementor-element elementor-element-49511c9 elementor-widget elementor-widget-heading\" data-id=\"49511c9\" data-element_type=\"widget\" data-widget_type=\"heading.default\">\n\t\t\t\t<div class=\"elementor-widget-container\">\n\t\t\t\t\t<h2 class=\"elementor-heading-title elementor-size-default\">Apresenta\u00e7\u00e3o<\/h2>\t\t\t\t<\/div>\n\t\t\t\t<\/div>\n\t\t\t\t<div class=\"elementor-element elementor-element-334fff3 elementor-widget elementor-widget-text-editor\" data-id=\"334fff3\" data-element_type=\"widget\" data-widget_type=\"text-editor.default\">\n\t\t\t\t<div class=\"elementor-widget-container\">\n\t\t\t\t\t\t\t\t\t<p><strong>A STERIALE-45<\/strong> \u00e9 uma autoclave autom\u00e1tica que opera em alta temperatura e press\u00e3o, oferecendo um processo de esteriliza\u00e7\u00e3o r\u00e1pida usando vapor. Ela foi projetada para a esteriliza\u00e7\u00e3o de res\u00edduos biol\u00f3gicos infecciosos. Ela deve ser usada em conjunto com os suprimentos e recipientes especiais do Sistema Steriale.  <\/p>\t\t\t\t\t\t\t\t<\/div>\n\t\t\t\t<\/div>\n\t\t\t\t<\/div>\n\t\t<div class=\"elementor-element elementor-element-de370b4 e-con-full e-flex e-con e-child\" data-id=\"de370b4\" data-element_type=\"container\">\n\t\t\t\t<div class=\"elementor-element elementor-element-cbcda64 elementor-widget elementor-widget-heading\" data-id=\"cbcda64\" data-element_type=\"widget\" data-widget_type=\"heading.default\">\n\t\t\t\t<div class=\"elementor-widget-container\">\n\t\t\t\t\t<h2 class=\"elementor-heading-title elementor-size-default\">Certifica\u00e7\u00f5es<\/h2>\t\t\t\t<\/div>\n\t\t\t\t<\/div>\n\t\t\t\t<div class=\"elementor-element elementor-element-6991d0f elementor-widget elementor-widget-text-editor\" data-id=\"6991d0f\" data-element_type=\"widget\" data-widget_type=\"text-editor.default\">\n\t\t\t\t<div class=\"elementor-widget-container\">\n\t\t\t\t\t\t\t\t\t<ul class=\"o_default_snippet_text\"><li>MDD 93\/42\/EEC alterado por 2007\/47\/EC PED 97\/23\/EC<\/li><li>IEC 61010-1:2010<\/li><li>IEC 61010-2-040:2015<\/li><li>EN 13060:2014<\/li><li>EN 61326:2005<\/li><\/ul>\t\t\t\t\t\t\t\t<\/div>\n\t\t\t\t<\/div>\n\t\t\t\t<\/div>\n\t\t\t\t<\/div>\n\t\t<div class=\"elementor-element elementor-element-93baae6 e-con-full e-flex e-con e-child\" data-id=\"93baae6\" data-element_type=\"container\">\n\t\t<div class=\"elementor-element elementor-element-ef99022 e-con-full e-flex e-con e-child\" data-id=\"ef99022\" data-element_type=\"container\">\n\t\t\t\t<div class=\"elementor-element elementor-element-0e91a2e elementor-widget elementor-widget-heading\" data-id=\"0e91a2e\" data-element_type=\"widget\" data-widget_type=\"heading.default\">\n\t\t\t\t<div class=\"elementor-widget-container\">\n\t\t\t\t\t<h3 class=\"elementor-heading-title elementor-size-default\">Recursos<\/h3>\t\t\t\t<\/div>\n\t\t\t\t<\/div>\n\t\t\t\t<div class=\"elementor-element elementor-element-5144076 elementor-widget elementor-widget-text-editor\" data-id=\"5144076\" data-element_type=\"widget\" data-widget_type=\"text-editor.default\">\n\t\t\t\t<div class=\"elementor-widget-container\">\n\t\t\t\t\t\t\t\t\t<ul><li>Autoclave Classe B com bomba de v\u00e1cuo e ciclos de pr\u00e9-v\u00e1cuo configur\u00e1veis.<\/li><li>A c\u00e2mara interna permite a esteriliza\u00e7\u00e3o de um ou mais recipientes ao mesmo tempo.<\/li><li>M\u00f3dulo GPRS para transmiss\u00e3o de dados e rastreabilidade via leitor de c\u00f3digo QR.<\/li><li>Balan\u00e7as de alta precis\u00e3o nos p\u00e9s para pesagem de res\u00edduos.<\/li><li>Voc\u00ea n\u00e3o precisa pressionar nenhum bot\u00e3o; quando a porta \u00e9 fechada, o ciclo come\u00e7a automaticamente.<\/li><\/ul>\t\t\t\t\t\t\t\t<\/div>\n\t\t\t\t<\/div>\n\t\t\t\t<\/div>\n\t\t<div class=\"elementor-element elementor-element-ae0d73e e-con-full e-flex e-con e-child\" data-id=\"ae0d73e\" data-element_type=\"container\">\n\t\t\t\t<div class=\"elementor-element elementor-element-9a7348c elementor-widget elementor-widget-image\" data-id=\"9a7348c\" data-element_type=\"widget\" data-widget_type=\"image.default\">\n\t\t\t\t<div class=\"elementor-widget-container\">\n\t\t\t\t\t\t\t\t\t\t\t\t<figure class=\"wp-caption\">\n\t\t\t\t\t\t\t\t\t\t<img fetchpriority=\"high\" decoding=\"async\" width=\"1280\" height=\"795\" src=\"https:\/\/steriale.com\/wp-content\/uploads\/2025\/02\/instalacao2.jpeg\" class=\"attachment-full size-full wp-image-4069\" alt=\"\" srcset=\"https:\/\/steriale.com\/wp-content\/uploads\/2025\/02\/instalacao2.jpeg 1280w, https:\/\/steriale.com\/wp-content\/uploads\/2025\/02\/instalacao2-300x186.jpeg 300w, https:\/\/steriale.com\/wp-content\/uploads\/2025\/02\/instalacao2-1024x636.jpeg 1024w, https:\/\/steriale.com\/wp-content\/uploads\/2025\/02\/instalacao2-768x477.jpeg 768w, https:\/\/steriale.com\/wp-content\/uploads\/2025\/02\/instalacao2-600x373.jpeg 600w\" sizes=\"(max-width: 1280px) 100vw, 1280px\" \/>\t\t\t\t\t\t\t\t\t\t\t<figcaption class=\"widget-image-caption wp-caption-text\">Instala\u00e7\u00e3o com Steriale-45<\/figcaption>\n\t\t\t\t\t\t\t\t\t\t<\/figure>\n\t\t\t\t\t\t\t\t\t<\/div>\n\t\t\t\t<\/div>\n\t\t\t\t<\/div>\n\t\t\t\t<\/div>\n\t\t<div class=\"elementor-element elementor-element-069b3e6 e-con-full e-flex e-con e-child\" data-id=\"069b3e6\" data-element_type=\"container\">\n\t\t<div class=\"elementor-element elementor-element-1ed9750 e-con-full e-flex e-con e-child\" data-id=\"1ed9750\" data-element_type=\"container\">\n\t\t\t\t<div class=\"elementor-element elementor-element-5aecb16 elementor-widget elementor-widget-image\" data-id=\"5aecb16\" data-element_type=\"widget\" data-widget_type=\"image.default\">\n\t\t\t\t<div class=\"elementor-widget-container\">\n\t\t\t\t\t\t\t\t\t\t\t\t\t\t\t<img decoding=\"async\" width=\"750\" height=\"750\" src=\"https:\/\/steriale.com\/wp-content\/uploads\/2025\/02\/software.webp\" class=\"attachment-large size-large wp-image-3774\" alt=\"\" srcset=\"https:\/\/steriale.com\/wp-content\/uploads\/2025\/02\/software.webp 750w, https:\/\/steriale.com\/wp-content\/uploads\/2025\/02\/software-300x300.webp 300w, https:\/\/steriale.com\/wp-content\/uploads\/2025\/02\/software-150x150.webp 150w, https:\/\/steriale.com\/wp-content\/uploads\/2025\/02\/software-600x600.webp 600w, https:\/\/steriale.com\/wp-content\/uploads\/2025\/02\/software-100x100.webp 100w\" sizes=\"(max-width: 750px) 100vw, 750px\" \/>\t\t\t\t\t\t\t\t\t\t\t\t\t\t\t<\/div>\n\t\t\t\t<\/div>\n\t\t\t\t<div class=\"elementor-element elementor-element-49c36aa elementor-widget elementor-widget-heading\" data-id=\"49c36aa\" data-element_type=\"widget\" data-widget_type=\"heading.default\">\n\t\t\t\t<div class=\"elementor-widget-container\">\n\t\t\t\t\t<h2 class=\"elementor-heading-title elementor-size-default\">Aplicativo Steriale<\/h2>\t\t\t\t<\/div>\n\t\t\t\t<\/div>\n\t\t\t\t<div class=\"elementor-element elementor-element-fd43375 elementor-widget elementor-widget-text-editor\" data-id=\"fd43375\" data-element_type=\"widget\" data-widget_type=\"text-editor.default\">\n\t\t\t\t<div class=\"elementor-widget-container\">\n\t\t\t\t\t\t\t\t\t<ul><li>O m\u00f3dulo GPRS transmite todos os dados do processo de esteriliza\u00e7\u00e3o para o software Steriale.<\/li><li>O sistema de controle registra automaticamente a data e a hora em que a esteriliza\u00e7\u00e3o come\u00e7a e termina.<\/li><li>Inclui cart\u00e3o SIM e antena SMA para conex\u00e3o com a Internet.<\/li><\/ul>\t\t\t\t\t\t\t\t<\/div>\n\t\t\t\t<\/div>\n\t\t\t\t<div class=\"elementor-element elementor-element-0dd55a7 elementor-widget elementor-widget-button\" data-id=\"0dd55a7\" data-element_type=\"widget\" data-widget_type=\"button.default\">\n\t\t\t\t<div class=\"elementor-widget-container\">\n\t\t\t\t\t\t\t\t\t<div class=\"elementor-button-wrapper\">\n\t\t\t\t\t<a class=\"elementor-button elementor-button-link elementor-size-sm\" href=\"https:\/\/steriale.com\/pt-br\/produtos\/software-steriale\/\">\n\t\t\t\t\t\t<span class=\"elementor-button-content-wrapper\">\n\t\t\t\t\t\t<span class=\"elementor-button-icon\">\n\t\t\t\t<i aria-hidden=\"true\" class=\"fas fa-chevron-right\"><\/i>\t\t\t<\/span>\n\t\t\t\t\t\t\t\t\t<span class=\"elementor-button-text\">Conhecendo o software<\/span>\n\t\t\t\t\t<\/span>\n\t\t\t\t\t<\/a>\n\t\t\t\t<\/div>\n\t\t\t\t\t\t\t\t<\/div>\n\t\t\t\t<\/div>\n\t\t\t\t<\/div>\n\t\t<div class=\"elementor-element elementor-element-5d93add e-con-full e-flex e-con e-child\" data-id=\"5d93add\" data-element_type=\"container\">\n\t\t\t\t<div class=\"elementor-element elementor-element-28bb71b elementor-widget elementor-widget-image\" data-id=\"28bb71b\" data-element_type=\"widget\" data-widget_type=\"image.default\">\n\t\t\t\t<div class=\"elementor-widget-container\">\n\t\t\t\t\t\t\t\t\t\t\t\t\t\t\t<img decoding=\"async\" width=\"690\" height=\"417\" src=\"https:\/\/steriale.com\/wp-content\/uploads\/2025\/02\/barcode-scanner-v2.webp\" class=\"attachment-large size-large wp-image-3459\" alt=\"\" srcset=\"https:\/\/steriale.com\/wp-content\/uploads\/2025\/02\/barcode-scanner-v2.webp 690w, https:\/\/steriale.com\/wp-content\/uploads\/2025\/02\/barcode-scanner-v2-300x181.webp 300w, https:\/\/steriale.com\/wp-content\/uploads\/2025\/02\/barcode-scanner-v2-600x363.webp 600w\" sizes=\"(max-width: 690px) 100vw, 690px\" \/>\t\t\t\t\t\t\t\t\t\t\t\t\t\t\t<\/div>\n\t\t\t\t<\/div>\n\t\t\t\t<div class=\"elementor-element elementor-element-a89e681 elementor-widget elementor-widget-heading\" data-id=\"a89e681\" data-element_type=\"widget\" data-widget_type=\"heading.default\">\n\t\t\t\t<div class=\"elementor-widget-container\">\n\t\t\t\t\t<h2 class=\"elementor-heading-title elementor-size-default\">Rastreabilidade<\/h2>\t\t\t\t<\/div>\n\t\t\t\t<\/div>\n\t\t\t\t<div class=\"elementor-element elementor-element-5284214 elementor-widget elementor-widget-text-editor\" data-id=\"5284214\" data-element_type=\"widget\" data-widget_type=\"text-editor.default\">\n\t\t\t\t<div class=\"elementor-widget-container\">\n\t\t\t\t\t\t\t\t\t<ul><li>M\u00f3dulo de leitor de c\u00f3digo de barras de alto desempenho com leitura r\u00e1pida. Ele \u00e9 capaz de ler c\u00f3digos em condi\u00e7\u00f5es de pouca luz ou baixa resolu\u00e7\u00e3o. <\/li><li>Ele pode ler c\u00f3digos de barras comuns, c\u00f3digos de barras 2D e c\u00f3digos de barras em telas de dispositivos m\u00f3veis.<\/li><\/ul>\t\t\t\t\t\t\t\t<\/div>\n\t\t\t\t<\/div>\n\t\t\t\t<\/div>\n\t\t\t\t<\/div>\n\t\t<div class=\"elementor-element elementor-element-d03a830 e-con-full e-flex e-con e-child\" data-id=\"d03a830\" data-element_type=\"container\">\n\t\t<div class=\"elementor-element elementor-element-34f1b82 e-con-full e-flex e-con e-child\" data-id=\"34f1b82\" data-element_type=\"container\">\n\t\t\t\t<div class=\"elementor-element elementor-element-b47daea elementor-widget elementor-widget-image\" data-id=\"b47daea\" data-element_type=\"widget\" data-widget_type=\"image.default\">\n\t\t\t\t<div class=\"elementor-widget-container\">\n\t\t\t\t\t\t\t\t\t\t\t\t\t\t\t<img loading=\"lazy\" decoding=\"async\" width=\"480\" height=\"480\" src=\"https:\/\/steriale.com\/wp-content\/uploads\/2025\/02\/hepa-filter.webp\" class=\"attachment-large size-large wp-image-3528\" alt=\"\" srcset=\"https:\/\/steriale.com\/wp-content\/uploads\/2025\/02\/hepa-filter.webp 480w, https:\/\/steriale.com\/wp-content\/uploads\/2025\/02\/hepa-filter-300x300.webp 300w, https:\/\/steriale.com\/wp-content\/uploads\/2025\/02\/hepa-filter-150x150.webp 150w, https:\/\/steriale.com\/wp-content\/uploads\/2025\/02\/hepa-filter-100x100.webp 100w\" sizes=\"(max-width: 480px) 100vw, 480px\" \/>\t\t\t\t\t\t\t\t\t\t\t\t\t\t\t<\/div>\n\t\t\t\t<\/div>\n\t\t\t\t<div class=\"elementor-element elementor-element-b1dd6a6 elementor-widget elementor-widget-heading\" data-id=\"b1dd6a6\" data-element_type=\"widget\" data-widget_type=\"heading.default\">\n\t\t\t\t<div class=\"elementor-widget-container\">\n\t\t\t\t\t<h2 class=\"elementor-heading-title elementor-size-default\">Filtro HEPA\n<\/h2>\t\t\t\t<\/div>\n\t\t\t\t<\/div>\n\t\t\t\t<div class=\"elementor-element elementor-element-f5f13fe elementor-widget elementor-widget-text-editor\" data-id=\"f5f13fe\" data-element_type=\"widget\" data-widget_type=\"text-editor.default\">\n\t\t\t\t<div class=\"elementor-widget-container\">\n\t\t\t\t\t\t\t\t\t<p>Sistema de extra\u00e7\u00e3o de ar equipado com filtro antibacteriano HEPA.<\/p>\t\t\t\t\t\t\t\t<\/div>\n\t\t\t\t<\/div>\n\t\t\t\t<\/div>\n\t\t<div class=\"elementor-element elementor-element-792890c e-con-full e-flex e-con e-child\" data-id=\"792890c\" data-element_type=\"container\">\n\t\t\t\t<div class=\"elementor-element elementor-element-27694b6 elementor-widget elementor-widget-image\" data-id=\"27694b6\" data-element_type=\"widget\" data-widget_type=\"image.default\">\n\t\t\t\t<div class=\"elementor-widget-container\">\n\t\t\t\t\t\t\t\t\t\t\t\t\t\t\t<img loading=\"lazy\" decoding=\"async\" width=\"512\" height=\"512\" src=\"https:\/\/steriale.com\/wp-content\/uploads\/2025\/02\/kilogram-1.webp\" class=\"attachment-large size-large wp-image-3531\" alt=\"\" srcset=\"https:\/\/steriale.com\/wp-content\/uploads\/2025\/02\/kilogram-1.webp 512w, https:\/\/steriale.com\/wp-content\/uploads\/2025\/02\/kilogram-1-300x300.webp 300w, https:\/\/steriale.com\/wp-content\/uploads\/2025\/02\/kilogram-1-150x150.webp 150w, https:\/\/steriale.com\/wp-content\/uploads\/2025\/02\/kilogram-1-100x100.webp 100w\" sizes=\"(max-width: 512px) 100vw, 512px\" \/>\t\t\t\t\t\t\t\t\t\t\t\t\t\t\t<\/div>\n\t\t\t\t<\/div>\n\t\t\t\t<div class=\"elementor-element elementor-element-4db60c2 elementor-widget elementor-widget-heading\" data-id=\"4db60c2\" data-element_type=\"widget\" data-widget_type=\"heading.default\">\n\t\t\t\t<div class=\"elementor-widget-container\">\n\t\t\t\t\t<h2 class=\"elementor-heading-title elementor-size-default\">Pesagem autom\u00e1tica de res\u00edduos<\/h2>\t\t\t\t<\/div>\n\t\t\t\t<\/div>\n\t\t\t\t<div class=\"elementor-element elementor-element-2a2caa8 elementor-widget elementor-widget-text-editor\" data-id=\"2a2caa8\" data-element_type=\"widget\" data-widget_type=\"text-editor.default\">\n\t\t\t\t<div class=\"elementor-widget-container\">\n\t\t\t\t\t\t\t\t\t<p>Balan\u00e7a de alta precis\u00e3o nos p\u00e9s registra a pesagem dos res\u00edduos antes do in\u00edcio do ciclo e tamb\u00e9m no final do ciclo, permitindo identificar quanto peso foi perdido ao longo do ciclo. Todas as informa\u00e7\u00f5es s\u00e3o enviadas para o software Steriale. <\/p>\t\t\t\t\t\t\t\t<\/div>\n\t\t\t\t<\/div>\n\t\t\t\t<\/div>\n\t\t\t\t<\/div>\n\t\t<div class=\"elementor-element elementor-element-1928a42 e-con-full e-flex e-con e-child\" data-id=\"1928a42\" data-element_type=\"container\">\n\t\t<div class=\"elementor-element elementor-element-ae8b967 e-con-full e-flex e-con e-child\" data-id=\"ae8b967\" data-element_type=\"container\">\n\t\t<div class=\"elementor-element elementor-element-f2b4d58 e-con-full e-flex e-con e-child\" data-id=\"f2b4d58\" data-element_type=\"container\">\n\t\t\t\t<div class=\"elementor-element elementor-element-d848327 elementor-widget elementor-widget-heading\" data-id=\"d848327\" data-element_type=\"widget\" data-widget_type=\"heading.default\">\n\t\t\t\t<div class=\"elementor-widget-container\">\n\t\t\t\t\t<h2 class=\"elementor-heading-title elementor-size-default\">Instala\u00e7\u00e3o de tanques de \u00e1gua<\/h2>\t\t\t\t<\/div>\n\t\t\t\t<\/div>\n\t\t\t\t<div class=\"elementor-element elementor-element-2ff2b77 elementor-widget elementor-widget-text-editor\" data-id=\"2ff2b77\" data-element_type=\"widget\" data-widget_type=\"text-editor.default\">\n\t\t\t\t<div class=\"elementor-widget-container\">\n\t\t\t\t\t\t\t\t\t<p>As autoclaves precisam ser instaladas com 2 tanques de \u00e1gua externos.<\/p><ul><li>O tanque 1 \u00e9 o tanque de res\u00edduos tempor\u00e1rio, onde a \u00e1gua descartada pela autoclave \u00e9 primeiramente direcionada para o tanque (1A), passa por uma serpentina (dissipador de calor) e, em seguida, \u00e9 descarregada diretamente no dreno municipal apropriado (1B).<\/li><\/ul>\t\t\t\t\t\t\t\t<\/div>\n\t\t\t\t<\/div>\n\t\t\t\t<\/div>\n\t\t<div class=\"elementor-element elementor-element-1f6fdc9 e-con-full e-flex e-con e-child\" data-id=\"1f6fdc9\" data-element_type=\"container\">\n\t\t\t\t<div class=\"elementor-element elementor-element-49533bf elementor-widget elementor-widget-image\" data-id=\"49533bf\" data-element_type=\"widget\" data-widget_type=\"image.default\">\n\t\t\t\t<div class=\"elementor-widget-container\">\n\t\t\t\t\t\t\t\t\t\t\t\t\t\t\t<img loading=\"lazy\" decoding=\"async\" width=\"279\" height=\"298\" src=\"https:\/\/steriale.com\/wp-content\/uploads\/2025\/02\/water-tanks-1.webp\" class=\"attachment-large size-large wp-image-3573\" alt=\"\" \/>\t\t\t\t\t\t\t\t\t\t\t\t\t\t\t<\/div>\n\t\t\t\t<\/div>\n\t\t\t\t<\/div>\n\t\t\t\t<\/div>\n\t\t\t\t<\/div>\n\t\t<div class=\"elementor-element elementor-element-6f779d2 e-con-full ft-table e-flex e-con e-child\" data-id=\"6f779d2\" data-element_type=\"container\">\n\t\t\t\t<div class=\"elementor-element elementor-element-7b7c604 elementor-widget elementor-widget-heading\" data-id=\"7b7c604\" data-element_type=\"widget\" data-widget_type=\"heading.default\">\n\t\t\t\t<div class=\"elementor-widget-container\">\n\t\t\t\t\t<h2 class=\"elementor-heading-title elementor-size-default\">Informa\u00e7\u00f5es t\u00e9cnicas<\/h2>\t\t\t\t<\/div>\n\t\t\t\t<\/div>\n\t\t\t\t<div class=\"elementor-element elementor-element-f2fa879 elementor-widget elementor-widget-text-editor\" data-id=\"f2fa879\" data-element_type=\"widget\" data-widget_type=\"text-editor.default\">\n\t\t\t\t<div class=\"elementor-widget-container\">\n\t\t\t\t\t\t\t\t\t<table><thead><tr><th> <\/th><th>STERIALE-45<\/th><\/tr><\/thead><tbody><tr><td><strong>Volume<\/strong><\/td><td>45 litros<\/td><\/tr><tr><td><strong>Tipo<\/strong><\/td><td>Classe B<\/td><\/tr><tr><td><strong>Tamanho da c\u00e2mara (L \u00d7 A \u00d7 P) mm<\/strong><\/td><td>\u00d8319 \u00d7 550<\/td><\/tr><tr><td><strong>Tamanho total (C \u00d7 L \u00d7 A) mm<\/strong><\/td><td>865 \u00d7 506 \u00d7 536<\/td><\/tr><tr><td><strong>Peso l\u00edquido<\/strong><\/td><td>~ 105 kg<\/td><\/tr><tr><td><strong>Fonte de alimenta\u00e7\u00e3o<\/strong><\/td><td>AC 230V ~ 50\/60 Hz<\/td><\/tr><tr><td><strong>Pot\u00eancia de entrada (VA)<\/strong><\/td><td>3300VA<\/td><\/tr><tr><td><strong>Faixa de temperatura<\/strong><\/td><td>121 ~134 \u00baC<\/td><\/tr><tr><td><strong>Material da c\u00e2mara<\/strong><\/td><td>A\u00e7o inoxid\u00e1vel 304<\/td><\/tr><tr><td><strong>Press\u00e3o de projeto<\/strong><\/td><td>-0,1 \/ 0,3 MPa<\/td><\/tr><tr><td><strong>Temperatura de projeto<\/strong><\/td><td>140\u00baC<\/td><\/tr><tr><td><strong>Precis\u00e3o Temperatura<\/strong><\/td><td>0,1\u00baC<\/td><\/tr><tr><td><strong>Precis\u00e3o Press\u00e3o<\/strong><\/td><td>1 Kpa<\/td><\/tr><tr><td><strong>Margem de erro n\u00e3o linear dos sensores de peso:<\/strong><\/td><td>\u00b10,05% R.O.<\/td><\/tr><tr><td><strong>Tela<\/strong><\/td><td>Tela de LED<\/td><\/tr><tr><td><strong>Opera\u00e7\u00e3o<\/strong><\/td><td>6 teclas de sensor<\/td><\/tr><tr><td><strong>M\u00e9todo de abertura e fechamento de portas<\/strong><\/td><td>Porta autom\u00e1tica<\/td><\/tr><tr><td><strong>M\u00e9todo de comunica\u00e7\u00e3o digital<\/strong><\/td><td>Sistema GPRS Steriale com cart\u00e3o SIM ou Wi-Fi.<\/td><\/tr><tr><td><strong>Leitor de c\u00f3digo QR<\/strong><\/td><td>Scanner integrado Comunica\u00e7\u00e3o RS232<\/td><\/tr><tr><td><strong>Sensores de peso<\/strong><\/td><td>4 unidades com conex\u00e3o de ponte completa<\/td><\/tr><tr><td><strong>Tipo de conector de antena<\/strong><\/td><td>SMA<\/td><\/tr><tr><td><strong>Gerador de vapor<\/strong><\/td><td>Sim \u2714 Voc\u00ea pode usar o gerador de vapor?<\/td><\/tr><tr><td><strong>Sistema de detec\u00e7\u00e3o de qualidade da \u00e1gua<\/strong><\/td><td>Sim \u2714 Voc\u00ea pode usar o sistema de detec\u00e7\u00e3o de qualidade da \u00e1gua?<\/td><\/tr><tr><td><strong>Ciclos de esteriliza\u00e7\u00e3o pr\u00e9-configurados<\/strong><\/td><td>Teste de res\u00edduos infecciosos e de vazamento<\/td><\/tr><tr><td><strong>Capacidade de carga<\/strong><\/td><td>1 cont\u00eainer de 30 litros<\/td><\/tr><tr><td><strong>Pode ser instalado em uma placa de cama dupla<\/strong><\/td><td><em>Sim \u2714 Voc\u00ea pode instalar uma cama dupla?<\/em><br><img loading=\"lazy\" decoding=\"async\" class=\"alignnone size-medium wp-image-3469\" src=\"https:\/\/steriale.com\/wp-content\/uploads\/2025\/02\/Captura-de-tela-2024-07-17-160435-300x213.webp\" alt=\"\" width=\"300\" height=\"213\" srcset=\"https:\/\/steriale.com\/wp-content\/uploads\/2025\/02\/Captura-de-tela-2024-07-17-160435-300x213.webp 300w, https:\/\/steriale.com\/wp-content\/uploads\/2025\/02\/Captura-de-tela-2024-07-17-160435.webp 526w\" sizes=\"(max-width: 300px) 100vw, 300px\" \/><br><em>Exemplo de instala\u00e7\u00e3o em uma cama de casal<\/em><\/td><\/tr><\/tbody><\/table>\t\t\t\t\t\t\t\t<\/div>\n\t\t\t\t<\/div>\n\t\t\t\t<\/div>\n\t\t<div class=\"elementor-element elementor-element-d2684d0 e-con-full ft-table e-flex e-con e-child\" data-id=\"d2684d0\" data-element_type=\"container\">\n\t\t\t\t<div class=\"elementor-element elementor-element-3bb4cd0 elementor-widget elementor-widget-heading\" data-id=\"3bb4cd0\" data-element_type=\"widget\" data-widget_type=\"heading.default\">\n\t\t\t\t<div class=\"elementor-widget-container\">\n\t\t\t\t\t<h2 class=\"elementor-heading-title elementor-size-default\">Ciclos de esteriliza\u00e7\u00e3o<\/h2>\t\t\t\t<\/div>\n\t\t\t\t<\/div>\n\t\t\t\t<div class=\"elementor-element elementor-element-d96fd06 elementor-widget elementor-widget-text-editor\" data-id=\"d96fd06\" data-element_type=\"widget\" data-widget_type=\"text-editor.default\">\n\t\t\t\t<div class=\"elementor-widget-container\">\n\t\t\t\t\t\t\t\t\t<table><thead><tr> <th> <\/th><th>Ciclo de res\u00edduos infecciosos<\/th><th>Ciclo de teste de vazamento<\/th><\/tr><\/thead><tbody><tr><td><strong>Uso pretendido<\/strong><\/td><td>Esteriliza\u00e7\u00e3o de res\u00edduos biol\u00f3gicos infecciosos, em sua maioria secos.<\/td><td>Teste de vazamento di\u00e1rio para garantir que a autoclave n\u00e3o vaze.<\/td><\/tr><tr><td><strong>Tempo total<\/strong><\/td><td>50 minutos<\/td><td>15 minutos<\/td><\/tr><tr><td><strong>Tempo de esteriliza\u00e7\u00e3o<\/strong><\/td><td>8 minutos<\/td><td>4 minutos<\/td><\/tr><tr><td><strong>Tempo de secagem<\/strong><\/td><td>2 minutos<\/td><td>~<\/td><\/tr><tr><td><strong>Temperatura<\/strong><\/td><td>134\u00baC<\/td><td>134\u00baC<\/td><\/tr><tr><td><strong>Press\u00e3o<\/strong><\/td><td>2,4 bar<\/td><td>2,4 bar<\/td><\/tr><\/tbody><tfoot><tr><td colspan=\"3\">Todos os ciclos v\u00eam de f\u00e1brica e podem ser configurados para melhor atender \u00e0 legisla\u00e7\u00e3o local de cada pa\u00eds ou regi\u00e3o.<\/td><\/tr><\/tfoot><\/table>\t\t\t\t\t\t\t\t<\/div>\n\t\t\t\t<\/div>\n\t\t\t\t<\/div>\n\t\t\t\t\t<\/div>\n\t\t\t\t<\/main>\n\t\t\t\t<\/div>\n\t\t","protected":false},"excerpt":{"rendered":"<p>Autoclave Classe B para cont\u00eaineres Steriale de 30 litros, com sistema GPRS integrado.<\/p>\n","protected":false},"featured_media":3835,"template":"","meta":{"_acf_changed":false},"product_brand":[150],"product_cat":[175],"product_tag":[],"class_list":{"0":"post-4334","1":"product","2":"type-product","3":"status-publish","4":"has-post-thumbnail","6":"product_brand-steriale","7":"product_cat-autoclaves-pt-br","9":"first","10":"instock","11":"shipping-taxable","12":"product-type-simple"},"acf":[],"aioseo_notices":[],"_links":{"self":[{"href":"https:\/\/steriale.com\/pt-br\/wp-json\/wp\/v2\/product\/4334","targetHints":{"allow":["GET"]}}],"collection":[{"href":"https:\/\/steriale.com\/pt-br\/wp-json\/wp\/v2\/product"}],"about":[{"href":"https:\/\/steriale.com\/pt-br\/wp-json\/wp\/v2\/types\/product"}],"version-history":[{"count":1,"href":"https:\/\/steriale.com\/pt-br\/wp-json\/wp\/v2\/product\/4334\/revisions"}],"predecessor-version":[{"id":4336,"href":"https:\/\/steriale.com\/pt-br\/wp-json\/wp\/v2\/product\/4334\/revisions\/4336"}],"wp:featuredmedia":[{"embeddable":true,"href":"https:\/\/steriale.com\/pt-br\/wp-json\/wp\/v2\/media\/3835"}],"wp:attachment":[{"href":"https:\/\/steriale.com\/pt-br\/wp-json\/wp\/v2\/media?parent=4334"}],"wp:term":[{"taxonomy":"product_brand","embeddable":true,"href":"https:\/\/steriale.com\/pt-br\/wp-json\/wp\/v2\/product_brand?post=4334"},{"taxonomy":"product_cat","embeddable":true,"href":"https:\/\/steriale.com\/pt-br\/wp-json\/wp\/v2\/product_cat?post=4334"},{"taxonomy":"product_tag","embeddable":true,"href":"https:\/\/steriale.com\/pt-br\/wp-json\/wp\/v2\/product_tag?post=4334"}],"curies":[{"name":"wp","href":"https:\/\/api.w.org\/{rel}","templated":true}]}}