{"id":4327,"date":"2023-07-07T18:13:58","date_gmt":"2023-07-07T16:13:58","guid":{"rendered":"https:\/\/steriale.com\/sustentabilidade\/"},"modified":"2025-02-24T21:51:12","modified_gmt":"2025-02-24T19:51:12","slug":"sustentabilidade","status":"publish","type":"page","link":"https:\/\/steriale.com\/pt-br\/sustentabilidade\/","title":{"rendered":"Sustentabilidade"},"content":{"rendered":"\t\t<div data-elementor-type=\"wp-page\" data-elementor-id=\"4327\" class=\"elementor elementor-4327 elementor-1306\" data-elementor-post-type=\"page\">\n\t\t\t\t<div class=\"elementor-element elementor-element-a563ecf e-flex e-con-boxed e-con e-parent\" data-id=\"a563ecf\" data-element_type=\"container\">\n\t\t\t\t\t<div class=\"e-con-inner\">\n\t\t\t\t<div class=\"elementor-element elementor-element-2e23111 elementor-widget elementor-widget-heading\" data-id=\"2e23111\" data-element_type=\"widget\" data-widget_type=\"heading.default\">\n\t\t\t\t<div class=\"elementor-widget-container\">\n\t\t\t\t\t<h2 class=\"elementor-heading-title elementor-size-default\">Nossa estrat\u00e9gia de sustentabilidade e ESG se baseia em tr\u00eas pilares:<\/h2>\t\t\t\t<\/div>\n\t\t\t\t<\/div>\n\t\t\t\t<div class=\"elementor-element elementor-element-436cf1c e-n-tabs-mobile elementor-widget elementor-widget-n-tabs\" data-id=\"436cf1c\" data-element_type=\"widget\" data-settings=\"{&quot;tabs_justify_horizontal&quot;:&quot;stretch&quot;,&quot;horizontal_scroll&quot;:&quot;disable&quot;}\" data-widget_type=\"nested-tabs.default\">\n\t\t\t\t<div class=\"elementor-widget-container\">\n\t\t\t\t\t\t\t<div class=\"e-n-tabs\" data-widget-number=\"70700828\" aria-label=\"Abas. Abra itens com &quot;Enter&quot; ou &quot;Espa\u00e7o&quot;, feche com &quot;Escape&quot; e navegue usando as teclas de &quot;Seta&quot;.\">\n\t\t\t<div class=\"e-n-tabs-heading\" role=\"tablist\">\n\t\t\t\t\t<button id=\"e-n-tab-title-707008281\" class=\"e-n-tab-title\" aria-selected=\"true\" data-tab-index=\"1\" role=\"tab\" tabindex=\"0\" aria-controls=\"e-n-tab-content-707008281\" style=\"--n-tabs-title-order: 1;\">\n\t\t\t\t\t<span class=\"e-n-tab-icon\">\n\t\t\t<i aria-hidden=\"true\" class=\"fas fa-handshake\"><\/i>\t\t\t<i aria-hidden=\"true\" class=\"fas fa-handshake\"><\/i>\t\t<\/span>\n\t\t\t\t\t<span class=\"e-n-tab-title-text\">\n\t\t\t\tAtendimento ao cliente\t\t\t<\/span>\n\t\t<\/button>\n\t\t\t\t<button id=\"e-n-tab-title-707008282\" class=\"e-n-tab-title\" aria-selected=\"false\" data-tab-index=\"2\" role=\"tab\" tabindex=\"-1\" aria-controls=\"e-n-tab-content-707008282\" style=\"--n-tabs-title-order: 2;\">\n\t\t\t\t\t<span class=\"e-n-tab-icon\">\n\t\t\t<i aria-hidden=\"true\" class=\"fas fa-leaf\"><\/i>\t\t\t<i aria-hidden=\"true\" class=\"fas fa-leaf\"><\/i>\t\t<\/span>\n\t\t\t\t\t<span class=\"e-n-tab-title-text\">\n\t\t\t\tMeio ambiente\t\t\t<\/span>\n\t\t<\/button>\n\t\t\t\t<button id=\"e-n-tab-title-707008283\" class=\"e-n-tab-title\" aria-selected=\"false\" data-tab-index=\"3\" role=\"tab\" tabindex=\"-1\" aria-controls=\"e-n-tab-content-707008283\" style=\"--n-tabs-title-order: 3;\">\n\t\t\t\t\t<span class=\"e-n-tab-icon\">\n\t\t\t<i aria-hidden=\"true\" class=\"fas fa-laptop-code\"><\/i>\t\t\t<i aria-hidden=\"true\" class=\"fas fa-laptop-code\"><\/i>\t\t<\/span>\n\t\t\t\t\t<span class=\"e-n-tab-title-text\">\n\t\t\t\tDigital\t\t\t<\/span>\n\t\t<\/button>\n\t\t\t\t\t<\/div>\n\t\t\t<div class=\"e-n-tabs-content\">\n\t\t\t\t<div id=\"e-n-tab-content-707008281\" role=\"tabpanel\" aria-labelledby=\"e-n-tab-title-707008281\" data-tab-index=\"1\" style=\"--n-tabs-title-order: 1;\" class=\"e-active elementor-element elementor-element-285eb8d e-con-full e-flex e-con e-child\" data-id=\"285eb8d\" data-element_type=\"container\">\n\t\t<div class=\"elementor-element elementor-element-4337991 e-con-full e-flex e-con e-child\" data-id=\"4337991\" data-element_type=\"container\">\n\t\t\t\t<div class=\"elementor-element elementor-element-27729a9 elementor-widget elementor-widget-text-editor\" data-id=\"27729a9\" data-element_type=\"widget\" data-widget_type=\"text-editor.default\">\n\t\t\t\t<div class=\"elementor-widget-container\">\n\t\t\t\t\t\t\t\t\t<p>Nosso compromisso \u00e9 oferecer aos nossos clientes um servi\u00e7o de tratamento personalizado e imediato in-situ para o descarte de todos os seus res\u00edduos infectantes. Essa abordagem n\u00e3o apenas melhora a efici\u00eancia operacional, mas tamb\u00e9m eleva significativamente os padr\u00f5es de seguran\u00e7a e sustentabilidade no ambiente de sa\u00fade.<\/p>\t\t\t\t\t\t\t\t<\/div>\n\t\t\t\t<\/div>\n\t\t\t\t<\/div>\n\t\t<div class=\"elementor-element elementor-element-34a2eb6 e-grid e-con-boxed e-con e-child\" data-id=\"34a2eb6\" data-element_type=\"container\">\n\t\t\t\t\t<div class=\"e-con-inner\">\n\t\t\t\t<div class=\"elementor-element elementor-element-3ab741c elementor-widget elementor-widget-image-box\" data-id=\"3ab741c\" data-element_type=\"widget\" data-widget_type=\"image-box.default\">\n\t\t\t\t<div class=\"elementor-widget-container\">\n\t\t\t\t\t<div class=\"elementor-image-box-wrapper\"><div class=\"elementor-image-box-content\"><h3 class=\"elementor-image-box-title\">Elimina\u00e7\u00e3o do armazenamento de res\u00edduos infectantes<\/h3><p class=\"elementor-image-box-description\">Evita o ac\u00famulo de res\u00edduos de risco biol\u00f3gico nas instala\u00e7\u00f5es do hospital.\nReduz o risco de contamina\u00e7\u00e3o cruzada e exposi\u00e7\u00e3o acidental.\nOtimiza o espa\u00e7o nas instala\u00e7\u00f5es de sa\u00fade para usos mais produtivos.<\/p><\/div><\/div>\t\t\t\t<\/div>\n\t\t\t\t<\/div>\n\t\t\t\t<div class=\"elementor-element elementor-element-be47b0e elementor-widget elementor-widget-image-box\" data-id=\"be47b0e\" data-element_type=\"widget\" data-widget_type=\"image-box.default\">\n\t\t\t\t<div class=\"elementor-widget-container\">\n\t\t\t\t\t<div class=\"elementor-image-box-wrapper\"><div class=\"elementor-image-box-content\"><h3 class=\"elementor-image-box-title\">Redu\u00e7\u00e3o dos riscos associados aos aeross\u00f3is<\/h3><p class=\"elementor-image-box-description\">Elimina o perigo de inala\u00e7\u00e3o de aerossol ao fechar sacos cheios de RSS.\nMelhora a qualidade do ar no ambiente hospitalar.\nReduz o risco de transmiss\u00e3o de doen\u00e7as pelo ar.<\/p><\/div><\/div>\t\t\t\t<\/div>\n\t\t\t\t<\/div>\n\t\t\t\t<div class=\"elementor-element elementor-element-00e7c97 elementor-widget elementor-widget-image-box\" data-id=\"00e7c97\" data-element_type=\"widget\" data-widget_type=\"image-box.default\">\n\t\t\t\t<div class=\"elementor-widget-container\">\n\t\t\t\t\t<div class=\"elementor-image-box-wrapper\"><div class=\"elementor-image-box-content\"><h3 class=\"elementor-image-box-title\">Facilidade de implementa\u00e7\u00e3o e uso<\/h3><p class=\"elementor-image-box-description\">Intuitivo e f\u00e1cil de assimilar pela equipe do hospital e\/ou da cl\u00ednica.\nMinimiza a curva de aprendizado e aumenta a ado\u00e7\u00e3o do sistema.\nReduz o erro humano no gerenciamento de res\u00edduos infectantes.<\/p><\/div><\/div>\t\t\t\t<\/div>\n\t\t\t\t<\/div>\n\t\t\t\t<div class=\"elementor-element elementor-element-19ca4da elementor-widget elementor-widget-image-box\" data-id=\"19ca4da\" data-element_type=\"widget\" data-widget_type=\"image-box.default\">\n\t\t\t\t<div class=\"elementor-widget-container\">\n\t\t\t\t\t<div class=\"elementor-image-box-wrapper\"><div class=\"elementor-image-box-content\"><h3 class=\"elementor-image-box-title\">Informa\u00e7\u00f5es operacionais em tempo real  <\/h3><p class=\"elementor-image-box-description\">Disponibilidade de dados sobre o desempenho do sistema 24 horas por dia, 7 dias por semana.\nPermite a tomada de decis\u00f5es informadas e oportunas.\nFacilita o planejamento e a otimiza\u00e7\u00e3o de recursos.<\/p><\/div><\/div>\t\t\t\t<\/div>\n\t\t\t\t<\/div>\n\t\t\t\t<div class=\"elementor-element elementor-element-63d77da elementor-widget elementor-widget-image-box\" data-id=\"63d77da\" data-element_type=\"widget\" data-widget_type=\"image-box.default\">\n\t\t\t\t<div class=\"elementor-widget-container\">\n\t\t\t\t\t<div class=\"elementor-image-box-wrapper\"><div class=\"elementor-image-box-content\"><h3 class=\"elementor-image-box-title\">Personaliza\u00e7\u00e3o do servi\u00e7o  <\/h3><p class=\"elementor-image-box-description\">Adaptamos nossas solu\u00e7\u00f5es \u00e0s necessidades espec\u00edficas de cada cliente.\nOferecemos consultoria cont\u00ednua para melhorar o gerenciamento de res\u00edduos.\nDesenvolvemos planos de implementa\u00e7\u00e3o sob medida para cada instala\u00e7\u00e3o.<\/p><\/div><\/div>\t\t\t\t<\/div>\n\t\t\t\t<\/div>\n\t\t\t\t<div class=\"elementor-element elementor-element-9c31b1c elementor-widget elementor-widget-image-box\" data-id=\"9c31b1c\" data-element_type=\"widget\" data-widget_type=\"image-box.default\">\n\t\t\t\t<div class=\"elementor-widget-container\">\n\t\t\t\t\t<div class=\"elementor-image-box-wrapper\"><div class=\"elementor-image-box-content\"><h3 class=\"elementor-image-box-title\">Treinamento cont\u00ednuo<\/h3><p class=\"elementor-image-box-description\">Oferecemos treinamento regular \u00e0 equipe de sa\u00fade sobre o uso ideal do sistema.\nAtualizamos constantemente nossos protocolos de acordo com os regulamentos e as pr\u00e1ticas recomendadas mais recentes.\nPromovemos uma cultura de responsabilidade ambiental no ambiente de sa\u00fade.<\/p><\/div><\/div>\t\t\t\t<\/div>\n\t\t\t\t<\/div>\n\t\t\t\t\t<\/div>\n\t\t\t\t<\/div>\n\t\t\t\t<\/div>\n\t\t<div id=\"e-n-tab-content-707008282\" role=\"tabpanel\" aria-labelledby=\"e-n-tab-title-707008282\" data-tab-index=\"2\" style=\"--n-tabs-title-order: 2;\" class=\" elementor-element elementor-element-054af8e e-con-full e-flex e-con e-child\" data-id=\"054af8e\" data-element_type=\"container\">\n\t\t<div class=\"elementor-element elementor-element-59c5908 e-con-full e-flex e-con e-child\" data-id=\"59c5908\" data-element_type=\"container\">\n\t\t\t\t<div class=\"elementor-element elementor-element-fbafb70 elementor-widget elementor-widget-text-editor\" data-id=\"fbafb70\" data-element_type=\"widget\" data-widget_type=\"text-editor.default\">\n\t\t\t\t<div class=\"elementor-widget-container\">\n\t\t\t\t\t\t\t\t\t<p>Nosso objetivo \u00e9 garantir uma <strong>solu\u00e7\u00e3o que seja sustent\u00e1vel<\/strong> ao longo do tempo, ecologicamente correta e <strong>que<\/strong> contribua ativamente para reduzir o impacto ecol\u00f3gico do setor de sa\u00fade.<\/p>\t\t\t\t\t\t\t\t<\/div>\n\t\t\t\t<\/div>\n\t\t\t\t<\/div>\n\t\t<div class=\"elementor-element elementor-element-4571017 e-grid e-con-boxed e-con e-child\" data-id=\"4571017\" data-element_type=\"container\">\n\t\t\t\t\t<div class=\"e-con-inner\">\n\t\t\t\t<div class=\"elementor-element elementor-element-9de3f40 elementor-widget elementor-widget-image-box\" data-id=\"9de3f40\" data-element_type=\"widget\" data-widget_type=\"image-box.default\">\n\t\t\t\t<div class=\"elementor-widget-container\">\n\t\t\t\t\t<div class=\"elementor-image-box-wrapper\"><div class=\"elementor-image-box-content\"><h3 class=\"elementor-image-box-title\">Elimina\u00e7\u00e3o do transporte externo de RSS<\/h3><p class=\"elementor-image-box-description\">Elimina a necessidade de transportar res\u00edduos de risco biol\u00f3gico para fora das instala\u00e7\u00f5es do hospital\/cl\u00ednica.\nReduz significativamente o risco de acidentes durante o transporte de materiais perigosos.<\/p><\/div><\/div>\t\t\t\t<\/div>\n\t\t\t\t<\/div>\n\t\t\t\t<div class=\"elementor-element elementor-element-55c3fd1 elementor-widget elementor-widget-image-box\" data-id=\"55c3fd1\" data-element_type=\"widget\" data-widget_type=\"image-box.default\">\n\t\t\t\t<div class=\"elementor-widget-container\">\n\t\t\t\t\t<div class=\"elementor-image-box-wrapper\"><div class=\"elementor-image-box-content\"><h3 class=\"elementor-image-box-title\">Redu\u00e7\u00e3o da emiss\u00e3o de carbono<\/h3><p class=\"elementor-image-box-description\">Diminui exponencialmente o consumo de combust\u00edveis f\u00f3sseis associados ao transporte de res\u00edduos.\nContribui para a melhoria da qualidade do ar em ambientes urbanos.\nAjuda as institui\u00e7\u00f5es de sa\u00fade a atingir suas metas de redu\u00e7\u00e3o de emiss\u00f5es.<\/p><\/div><\/div>\t\t\t\t<\/div>\n\t\t\t\t<\/div>\n\t\t\t\t<div class=\"elementor-element elementor-element-f44d7c7 elementor-widget elementor-widget-image-box\" data-id=\"f44d7c7\" data-element_type=\"widget\" data-widget_type=\"image-box.default\">\n\t\t\t\t<div class=\"elementor-widget-container\">\n\t\t\t\t\t<div class=\"elementor-image-box-wrapper\"><div class=\"elementor-image-box-content\"><h3 class=\"elementor-image-box-title\">Uso de materiais reciclados<\/h3><p class=\"elementor-image-box-description\">Usamos sacos retr\u00e1teis e embalagens para objetos cortantes feitos de materiais reciclados.\nPromovemos a demanda por produtos reciclados, fortalecendo a cadeia de valor da reciclagem.<\/p><\/div><\/div>\t\t\t\t<\/div>\n\t\t\t\t<\/div>\n\t\t\t\t<div class=\"elementor-element elementor-element-1c7a2d7 elementor-widget elementor-widget-image-box\" data-id=\"1c7a2d7\" data-element_type=\"widget\" data-widget_type=\"image-box.default\">\n\t\t\t\t<div class=\"elementor-widget-container\">\n\t\t\t\t\t<div class=\"elementor-image-box-wrapper\"><div class=\"elementor-image-box-content\"><h3 class=\"elementor-image-box-title\">Otimiza\u00e7\u00e3o do consumo de \u00e1gua e energia<\/h3><p class=\"elementor-image-box-description\">Nossos equipamentos s\u00e3o projetados para maximizar a efici\u00eancia dos recursos.\nImplementamos tecnologias de economia de \u00e1gua em nossos processos de esteriliza\u00e7\u00e3o.\nUsamos fontes de energia renov\u00e1veis sempre que poss\u00edvel para alimentar nossos sistemas.<\/p><\/div><\/div>\t\t\t\t<\/div>\n\t\t\t\t<\/div>\n\t\t\t\t\t<\/div>\n\t\t\t\t<\/div>\n\t\t\t\t<\/div>\n\t\t<div id=\"e-n-tab-content-707008283\" role=\"tabpanel\" aria-labelledby=\"e-n-tab-title-707008283\" data-tab-index=\"3\" style=\"--n-tabs-title-order: 3;\" class=\" elementor-element elementor-element-2492bde e-con-full e-flex e-con e-child\" data-id=\"2492bde\" data-element_type=\"container\">\n\t\t<div class=\"elementor-element elementor-element-13bad3c e-con-full e-flex e-con e-child\" data-id=\"13bad3c\" data-element_type=\"container\">\n\t\t\t\t<div class=\"elementor-element elementor-element-84a274d elementor-widget elementor-widget-text-editor\" data-id=\"84a274d\" data-element_type=\"widget\" data-widget_type=\"text-editor.default\">\n\t\t\t\t<div class=\"elementor-widget-container\">\n\t\t\t\t\t\t\t\t\t<p>Nosso compromisso \u00e9 fornecer <strong>tecnologia digital<\/strong> a todo o nosso processo, de ponta a ponta, para que clientes e autoridades tenham acesso instant\u00e2neo a todas as informa\u00e7\u00f5es da opera\u00e7\u00e3o, garantindo o m\u00e1ximo de transpar\u00eancia e efici\u00eancia.<\/p>\t\t\t\t\t\t\t\t<\/div>\n\t\t\t\t<\/div>\n\t\t\t\t<\/div>\n\t\t<div class=\"elementor-element elementor-element-704ae52 e-grid e-con-boxed e-con e-child\" data-id=\"704ae52\" data-element_type=\"container\">\n\t\t\t\t\t<div class=\"e-con-inner\">\n\t\t\t\t<div class=\"elementor-element elementor-element-9ba5fda elementor-widget elementor-widget-image-box\" data-id=\"9ba5fda\" data-element_type=\"widget\" data-widget_type=\"image-box.default\">\n\t\t\t\t<div class=\"elementor-widget-container\">\n\t\t\t\t\t<div class=\"elementor-image-box-wrapper\"><div class=\"elementor-image-box-content\"><h3 class=\"elementor-image-box-title\">Rastreabilidade on-line de todo o processo<\/h3><p class=\"elementor-image-box-description\">Monitoramento em tempo real de cada est\u00e1gio do tratamento de res\u00edduos.\nGera\u00e7\u00e3o autom\u00e1tica de relat\u00f3rios detalhados sobre volumes tratados e efici\u00eancia do processo.\nCapacidade de auditoria instant\u00e2nea para verificar a conformidade.<\/p><\/div><\/div>\t\t\t\t<\/div>\n\t\t\t\t<\/div>\n\t\t\t\t<div class=\"elementor-element elementor-element-d335607 elementor-widget elementor-widget-image-box\" data-id=\"d335607\" data-element_type=\"widget\" data-widget_type=\"image-box.default\">\n\t\t\t\t<div class=\"elementor-widget-container\">\n\t\t\t\t\t<div class=\"elementor-image-box-wrapper\"><div class=\"elementor-image-box-content\"><h3 class=\"elementor-image-box-title\">Securitiza\u00e7\u00e3o de informa\u00e7\u00f5es<\/h3><p class=\"elementor-image-box-description\">Garantir a integridade e a n\u00e3o manipula\u00e7\u00e3o dos dados gerados.\nCria\u00e7\u00e3o de um registro imut\u00e1vel de todas as opera\u00e7\u00f5es realizadas.\nFacilita\u00e7\u00e3o dos processos de certifica\u00e7\u00e3o e conformidade regulamentar.<\/p><\/div><\/div>\t\t\t\t<\/div>\n\t\t\t\t<\/div>\n\t\t\t\t<div class=\"elementor-element elementor-element-6b36da4 elementor-widget elementor-widget-image-box\" data-id=\"6b36da4\" data-element_type=\"widget\" data-widget_type=\"image-box.default\">\n\t\t\t\t<div class=\"elementor-widget-container\">\n\t\t\t\t\t<div class=\"elementor-image-box-wrapper\"><div class=\"elementor-image-box-content\"><h3 class=\"elementor-image-box-title\">Aplicativo m\u00f3vel para monitoramento e controle<\/h3><p class=\"elementor-image-box-description\">Acesso a informa\u00e7\u00f5es cr\u00edticas de qualquer dispositivo, a qualquer momento.\nNotifica\u00e7\u00f5es em tempo real sobre o status do sistema e poss\u00edveis alertas.\nFuncionalidade de leitura de c\u00f3digo QR para identifica\u00e7\u00e3o e rastreabilidade de cont\u00eaineres.<\/p><\/div><\/div>\t\t\t\t<\/div>\n\t\t\t\t<\/div>\n\t\t\t\t\t<\/div>\n\t\t\t\t<\/div>\n\t\t\t\t<\/div>\n\t\t\t\t\t<\/div>\n\t\t<\/div>\n\t\t\t\t\t\t<\/div>\n\t\t\t\t<\/div>\n\t\t\t\t\t<\/div>\n\t\t\t\t<\/div>\n\t\t\t\t<\/div>\n\t\t","protected":false},"excerpt":{"rendered":"<p>Nossa estrat\u00e9gia de sustentabilidade e ESG se baseia em tr\u00eas pilares: Atendimento ao cliente Meio ambiente Digital Nosso compromisso \u00e9 oferecer aos nossos clientes um servi\u00e7o de tratamento personalizado e imediato in-situ para o descarte de todos os seus res\u00edduos infectantes. Essa abordagem n\u00e3o apenas melhora a efici\u00eancia operacional, mas tamb\u00e9m eleva significativamente os padr\u00f5es [&hellip;]<\/p>\n","protected":false},"author":1,"featured_media":0,"parent":0,"menu_order":0,"comment_status":"closed","ping_status":"closed","template":"","meta":{"_acf_changed":false,"footnotes":""},"class_list":["post-4327","page","type-page","status-publish","hentry"],"acf":[],"aioseo_notices":[],"_links":{"self":[{"href":"https:\/\/steriale.com\/pt-br\/wp-json\/wp\/v2\/pages\/4327","targetHints":{"allow":["GET"]}}],"collection":[{"href":"https:\/\/steriale.com\/pt-br\/wp-json\/wp\/v2\/pages"}],"about":[{"href":"https:\/\/steriale.com\/pt-br\/wp-json\/wp\/v2\/types\/page"}],"author":[{"embeddable":true,"href":"https:\/\/steriale.com\/pt-br\/wp-json\/wp\/v2\/users\/1"}],"replies":[{"embeddable":true,"href":"https:\/\/steriale.com\/pt-br\/wp-json\/wp\/v2\/comments?post=4327"}],"version-history":[{"count":1,"href":"https:\/\/steriale.com\/pt-br\/wp-json\/wp\/v2\/pages\/4327\/revisions"}],"predecessor-version":[{"id":4328,"href":"https:\/\/steriale.com\/pt-br\/wp-json\/wp\/v2\/pages\/4327\/revisions\/4328"}],"wp:attachment":[{"href":"https:\/\/steriale.com\/pt-br\/wp-json\/wp\/v2\/media?parent=4327"}],"curies":[{"name":"wp","href":"https:\/\/api.w.org\/{rel}","templated":true}]}}