{"id":4321,"date":"2025-02-24T04:38:18","date_gmt":"2025-02-24T02:38:18","guid":{"rendered":"https:\/\/steriale.com\/nossa-proposta-de-valor\/"},"modified":"2025-02-24T21:14:08","modified_gmt":"2025-02-24T19:14:08","slug":"nossa-proposta-de-valor","status":"publish","type":"page","link":"https:\/\/steriale.com\/pt-br\/nossa-proposta-de-valor\/","title":{"rendered":"Nossa proposta de valor"},"content":{"rendered":"\t\t<div data-elementor-type=\"wp-page\" data-elementor-id=\"4321\" class=\"elementor elementor-4321 elementor-3906\" data-elementor-post-type=\"page\">\n\t\t\t\t<div class=\"elementor-element elementor-element-fab7c6d e-grid e-con-boxed e-con e-parent\" data-id=\"fab7c6d\" data-element_type=\"container\">\n\t\t\t\t\t<div class=\"e-con-inner\">\n\t\t<div class=\"elementor-element elementor-element-c5bc701 e-con-full e-flex e-con e-child\" data-id=\"c5bc701\" data-element_type=\"container\" data-settings=\"{&quot;background_background&quot;:&quot;classic&quot;}\">\n\t\t<div class=\"elementor-element elementor-element-9cc7e09 e-con-full e-flex e-con e-child\" data-id=\"9cc7e09\" data-element_type=\"container\">\n\t\t\t\t<div class=\"elementor-element elementor-element-9060e5e elementor-widget elementor-widget-image\" data-id=\"9060e5e\" data-element_type=\"widget\" data-widget_type=\"image.default\">\n\t\t\t\t<div class=\"elementor-widget-container\">\n\t\t\t\t\t\t\t\t\t\t\t\t\t\t\t<img fetchpriority=\"high\" decoding=\"async\" width=\"340\" height=\"372\" src=\"https:\/\/steriale.com\/wp-content\/uploads\/2023\/06\/low-cost@0.25x.png\" class=\"attachment-full size-full wp-image-2811\" alt=\"\" srcset=\"https:\/\/steriale.com\/wp-content\/uploads\/2023\/06\/low-cost@0.25x.png 340w, https:\/\/steriale.com\/wp-content\/uploads\/2023\/06\/low-cost@0.25x-274x300.png 274w\" sizes=\"(max-width: 340px) 100vw, 340px\" \/>\t\t\t\t\t\t\t\t\t\t\t\t\t\t\t<\/div>\n\t\t\t\t<\/div>\n\t\t\t\t<div class=\"elementor-element elementor-element-87e4d5d elementor-widget elementor-widget-heading\" data-id=\"87e4d5d\" data-element_type=\"widget\" data-widget_type=\"heading.default\">\n\t\t\t\t<div class=\"elementor-widget-container\">\n\t\t\t\t\t<h2 class=\"elementor-heading-title elementor-size-default\">Economia<\/h2>\t\t\t\t<\/div>\n\t\t\t\t<\/div>\n\t\t\t\t<\/div>\n\t\t\t\t<div class=\"elementor-element elementor-element-b08d0ed elementor-widget elementor-widget-text-editor\" data-id=\"b08d0ed\" data-element_type=\"widget\" data-widget_type=\"text-editor.default\">\n\t\t\t\t<div class=\"elementor-widget-container\">\n\t\t\t\t\t\t\t\t\t<h3><strong>Redu\u00e7\u00e3o significativa nos custos operacionais<\/strong><\/h3><p>Na Steriale, entendemos que o gerenciamento eficiente de res\u00edduos hospitalares n\u00e3o \u00e9 apenas uma necessidade da \u00e1rea de sa\u00fade, mas tamb\u00e9m um desafio econ\u00f4mico. Nosso sistema inovador permite que as institui\u00e7\u00f5es de sa\u00fade reduzam drasticamente seus custos operacionais associados ao descarte de res\u00edduos infecciosos, com uma economia de at\u00e9 50%. <\/p><p>Ao transformar res\u00edduos infecciosos em res\u00edduos comuns diretamente no ponto de origem, a Steriale elimina a necessidade de processos custosos de coleta, transporte e tratamento especializado. Essa transforma\u00e7\u00e3o n\u00e3o apenas simplifica a log\u00edstica, mas tamb\u00e9m reduz significativamente os custos associados ao gerenciamento de res\u00edduos perigosos. <\/p><h3><strong>Otimiza\u00e7\u00e3o de recursos e efici\u00eancia operacional<\/strong><\/h3><p>A implementa\u00e7\u00e3o do sistema Steriale vai al\u00e9m da mera redu\u00e7\u00e3o de custos. Nossa solu\u00e7\u00e3o de ponta a ponta otimiza todo o processo de gerenciamento de res\u00edduos, permitindo uma aloca\u00e7\u00e3o mais eficiente de recursos humanos e materiais. Ao simplificar o gerenciamento de res\u00edduos, a equipe de sa\u00fade pode dedicar mais tempo \u00e0s tarefas essenciais de atendimento ao paciente, melhorando assim a produtividade geral da institui\u00e7\u00e3o de sa\u00fade.  <\/p><p>Al\u00e9m disso, nosso sistema de cont\u00eaineres reutiliz\u00e1veis e consum\u00edveis ecologicamente corretos reduz a necessidade de comprar constantemente cont\u00eaineres descart\u00e1veis caros, gerando economias adicionais a longo prazo.<\/p><h3><strong>Impacto financeiro positivo a curto e longo prazo<\/strong><\/h3><p>Com a Steriale, n\u00e3o h\u00e1 necessidade de comprar equipamentos, pois todos s\u00e3o fornecidos em comodato, oferecendo benef\u00edcios econ\u00f4micos imediatos. Al\u00e9m disso, voc\u00ea ter\u00e1 um impacto financeiro positivo e sustent\u00e1vel. Ao reduzir os riscos associados ao gerenciamento de res\u00edduos infectantes, as institui\u00e7\u00f5es podem observar uma diminui\u00e7\u00e3o nos custos de seguro e uma menor exposi\u00e7\u00e3o a poss\u00edveis san\u00e7\u00f5es regulat\u00f3rias.  <\/p><p>Essa efici\u00eancia econ\u00f4mica permite que os centros de sa\u00fade redirecionem recursos para \u00e1reas cr\u00edticas, como a melhoria do atendimento ao paciente, a atualiza\u00e7\u00e3o de equipamentos m\u00e9dicos ou o investimento em programas de preven\u00e7\u00e3o e bem-estar.<\/p><p>Descubra como a Steriale pode transformar a economia do gerenciamento de res\u00edduos em sua institui\u00e7\u00e3o. Entre em contato conosco hoje mesmo para obter uma consulta personalizada e uma an\u00e1lise detalhada do potencial de economia para a sua institui\u00e7\u00e3o de sa\u00fade. <\/p>\t\t\t\t\t\t\t\t<\/div>\n\t\t\t\t<\/div>\n\t\t\t\t<\/div>\n\t\t<div class=\"elementor-element elementor-element-fff4040 e-con-full e-flex e-con e-child\" data-id=\"fff4040\" data-element_type=\"container\" data-settings=\"{&quot;background_background&quot;:&quot;classic&quot;}\">\n\t\t<div class=\"elementor-element elementor-element-f5eff98 e-con-full e-flex e-con e-child\" data-id=\"f5eff98\" data-element_type=\"container\">\n\t\t\t\t<div class=\"elementor-element elementor-element-ca8d638 elementor-widget elementor-widget-image\" data-id=\"ca8d638\" data-element_type=\"widget\" data-widget_type=\"image.default\">\n\t\t\t\t<div class=\"elementor-widget-container\">\n\t\t\t\t\t\t\t\t\t\t\t\t\t\t\t<img decoding=\"async\" width=\"340\" height=\"372\" src=\"https:\/\/steriale.com\/wp-content\/uploads\/2023\/06\/eco-friendly@0.25x.png\" class=\"attachment-full size-full wp-image-2727\" alt=\"\" srcset=\"https:\/\/steriale.com\/wp-content\/uploads\/2023\/06\/eco-friendly@0.25x.png 340w, https:\/\/steriale.com\/wp-content\/uploads\/2023\/06\/eco-friendly@0.25x-274x300.png 274w\" sizes=\"(max-width: 340px) 100vw, 340px\" \/>\t\t\t\t\t\t\t\t\t\t\t\t\t\t\t<\/div>\n\t\t\t\t<\/div>\n\t\t\t\t<div class=\"elementor-element elementor-element-07ec867 elementor-widget elementor-widget-heading\" data-id=\"07ec867\" data-element_type=\"widget\" data-widget_type=\"heading.default\">\n\t\t\t\t<div class=\"elementor-widget-container\">\n\t\t\t\t\t<h2 class=\"elementor-heading-title elementor-size-default\">Ecologia<\/h2>\t\t\t\t<\/div>\n\t\t\t\t<\/div>\n\t\t\t\t<\/div>\n\t\t\t\t<div class=\"elementor-element elementor-element-49d51b0 elementor-widget elementor-widget-text-editor\" data-id=\"49d51b0\" data-element_type=\"widget\" data-widget_type=\"text-editor.default\">\n\t\t\t\t<div class=\"elementor-widget-container\">\n\t\t\t\t\t\t\t\t\t<h3><strong>Compromisso com a sustentabilidade ambiental<\/strong><\/h3><p>Na Steriale, nosso compromisso com o meio ambiente est\u00e1 no centro de tudo o que fazemos. Desenvolvemos um sistema abrangente de gerenciamento de res\u00edduos hospitalares que n\u00e3o \u00e9 apenas eficiente e seguro, mas tamb\u00e9m altamente ecol\u00f3gico. Nosso objetivo \u00e9 transformar o setor, reduzindo drasticamente o impacto ambiental tradicionalmente associado ao gerenciamento de res\u00edduos infecciosos.  <\/p><p>Nossos produtos, como bolsas e cartuchos, s\u00e3o feitos de materiais recicl\u00e1veis e biodegrad\u00e1veis. Essa inova\u00e7\u00e3o permite que os estabelecimentos de sa\u00fade reduzam significativamente sua pegada de carbono sem comprometer a efici\u00eancia do gerenciamento de res\u00edduos perigosos. <\/p><h3><strong>Tecnologia de esteriliza\u00e7\u00e3o ecol\u00f3gica<\/strong><\/h3><p>No centro de nosso sistema est\u00e1 nossa avan\u00e7ada tecnologia de esteriliza\u00e7\u00e3o. Usando autoclaves de \u00faltima gera\u00e7\u00e3o, a Steriale transforma res\u00edduos infectantes em res\u00edduos comuns diretamente no ponto de origem. Esse processo n\u00e3o apenas elimina a necessidade de transporte de res\u00edduos perigosos, reduzindo as emiss\u00f5es de CO2, mas tamb\u00e9m utiliza apenas vapor e eletricidade, minimizando o uso de produtos qu\u00edmicos nocivos ou a incinera\u00e7\u00e3o no meio ambiente.  <\/p><p>Nossa tecnologia de compacta\u00e7\u00e3o integrada reduz ainda mais o volume de res\u00edduos, reduzindo a frequ\u00eancia da coleta e, portanto, o impacto ambiental associado ao transporte. Essa combina\u00e7\u00e3o de esteriliza\u00e7\u00e3o e compacta\u00e7\u00e3o resulta em uma redu\u00e7\u00e3o de at\u00e9 60% no volume final de res\u00edduos. <\/p><h3><strong>Contribui\u00e7\u00e3o para a economia circular<\/strong><\/h3><p>A Steriale n\u00e3o se concentra apenas no tratamento de res\u00edduos, mas tamb\u00e9m promove ativamente os princ\u00edpios da economia circular no setor de sa\u00fade. Nossos contentores reutiliz\u00e1veis s\u00e3o projetados para ter uma longa vida \u00fatil, reduzindo a necessidade de produ\u00e7\u00e3o constante de novos cont\u00eaineres. Al\u00e9m disso, ao final de seu ciclo de vida, esses contentores s\u00e3o totalmente recicl\u00e1veis.<\/p><p>Trabalhamos com nossos clientes para implementar as melhores pr\u00e1ticas de ESG<em>(meio ambiente<\/em>, <em>social<\/em> <em> e<\/em> <em>governan\u00e7a<\/em>) em suas instala\u00e7\u00f5es. Essa abordagem hol\u00edstica do gerenciamento de res\u00edduos n\u00e3o apenas beneficia o meio ambiente, mas tamb\u00e9m ajuda as instala\u00e7\u00f5es de sa\u00fade a atingir e superar suas metas de sustentabilidade. <\/p><p>Descubra como a Steriale pode ajudar sua institui\u00e7\u00e3o a liderar o caminho rumo a um gerenciamento de res\u00edduos hospitalares mais sustent\u00e1vel e ecologicamente correto. Entre em contato conosco hoje mesmo para uma demonstra\u00e7\u00e3o do nosso sistema e saiba mais sobre como podemos transformar o seu impacto ambiental. <\/p>\t\t\t\t\t\t\t\t<\/div>\n\t\t\t\t<\/div>\n\t\t\t\t<\/div>\n\t\t<div class=\"elementor-element elementor-element-3eaf096 e-con-full e-flex e-con e-child\" data-id=\"3eaf096\" data-element_type=\"container\" data-settings=\"{&quot;background_background&quot;:&quot;classic&quot;}\">\n\t\t<div class=\"elementor-element elementor-element-8feee2e e-con-full e-flex e-con e-child\" data-id=\"8feee2e\" data-element_type=\"container\">\n\t\t\t\t<div class=\"elementor-element elementor-element-c6baeee elementor-widget elementor-widget-image\" data-id=\"c6baeee\" data-element_type=\"widget\" data-widget_type=\"image.default\">\n\t\t\t\t<div class=\"elementor-widget-container\">\n\t\t\t\t\t\t\t\t\t\t\t\t\t\t\t<img decoding=\"async\" width=\"340\" height=\"372\" src=\"https:\/\/steriale.com\/wp-content\/uploads\/2023\/06\/safe@0.25x.png\" class=\"attachment-full size-full wp-image-2823\" alt=\"\" srcset=\"https:\/\/steriale.com\/wp-content\/uploads\/2023\/06\/safe@0.25x.png 340w, https:\/\/steriale.com\/wp-content\/uploads\/2023\/06\/safe@0.25x-274x300.png 274w\" sizes=\"(max-width: 340px) 100vw, 340px\" \/>\t\t\t\t\t\t\t\t\t\t\t\t\t\t\t<\/div>\n\t\t\t\t<\/div>\n\t\t\t\t<div class=\"elementor-element elementor-element-217b06d elementor-widget elementor-widget-heading\" data-id=\"217b06d\" data-element_type=\"widget\" data-widget_type=\"heading.default\">\n\t\t\t\t<div class=\"elementor-widget-container\">\n\t\t\t\t\t<h2 class=\"elementor-heading-title elementor-size-default\">Biosseguran\u00e7a<\/h2>\t\t\t\t<\/div>\n\t\t\t\t<\/div>\n\t\t\t\t<\/div>\n\t\t\t\t<div class=\"elementor-element elementor-element-555d7d6 elementor-widget elementor-widget-text-editor\" data-id=\"555d7d6\" data-element_type=\"widget\" data-widget_type=\"text-editor.default\">\n\t\t\t\t<div class=\"elementor-widget-container\">\n\t\t\t\t\t\t\t\t\t<h3><strong>Prote\u00e7\u00e3o dos colaboradores e pacientes<\/strong><\/h3><p>Na Steriale, a seguran\u00e7a da equipe de sa\u00fade \u00e9 nossa prioridade n\u00famero um. Nosso revolucion\u00e1rio sistema de gerenciamento de res\u00edduos hospitalares foi projetado para minimizar o contato direto com materiais potencialmente infecciosos em todas as etapas do processo. Desde a coleta inicial at\u00e9 o descarte final, cada etapa foi meticulosamente planejada para oferecer o m\u00e1ximo de prote\u00e7\u00e3o.  <\/p><p>Nossos contentores herm\u00e9ticos e \u00e0 prova de perfura\u00e7\u00f5es garantem que os res\u00edduos perigosos permane\u00e7am seguros e contidos o tempo todo. O sistema de fechamento autom\u00e1tico e o design ergon\u00f4mico reduzem significativamente o risco de acidentes e exposi\u00e7\u00f5es, protegendo, assim, a sa\u00fade de m\u00e9dicos, enfermeiros, zeladoria e pacientes. <\/p><h3><strong>Tecnologia avan\u00e7ada de esteriliza\u00e7\u00e3o<\/strong><\/h3><p>No centro do nosso sistema de biosseguran\u00e7a est\u00e1 a nossa tecnologia de esteriliza\u00e7\u00e3o. Usando autoclaves classe B, garantimos a elimina\u00e7\u00e3o completa de pat\u00f3genos e microrganismos perigosos diretamente no ponto de origem. Esse processo de esteriliza\u00e7\u00e3o in situ n\u00e3o apenas evita a propaga\u00e7\u00e3o de infec\u00e7\u00f5es dentro da instala\u00e7\u00e3o de sa\u00fade, mas tamb\u00e9m elimina os riscos associados ao transporte de res\u00edduos infecciosos.<\/p><p>Nosso sistema de esteriliza\u00e7\u00e3o foi rigorosamente testado e certificado para atender aos mais altos padr\u00f5es do setor m\u00e9dico. Cada ciclo de esteriliza\u00e7\u00e3o \u00e9 monitorado e registrado digitalmente, proporcionando total rastreabilidade e garantindo que todos os res\u00edduos sejam tratados de forma eficaz e segura. <\/p><h3><strong>Preven\u00e7\u00e3o de infec\u00e7\u00f5es<\/strong><\/h3><p>A implementa\u00e7\u00e3o do sistema Steriale desempenha um papel fundamental na preven\u00e7\u00e3o de infec\u00e7\u00f5es. Ao esterilizar os res\u00edduos imediatamente ap\u00f3s a gera\u00e7\u00e3o, eliminamos uma poss\u00edvel fonte de contamina\u00e7\u00e3o cruzada no ambiente hospitalar. Isso n\u00e3o apenas protege a equipe, mas tamb\u00e9m contribui significativamente para a seguran\u00e7a dos pacientes, especialmente aqueles com sistemas imunol\u00f3gicos comprometidos.<\/p><p>Nossa abordagem abrangente de biosseguran\u00e7a inclui programas de treinamento abrangentes para a equipe, garantindo que todos os usu\u00e1rios do sistema Steriale estejam totalmente informados sobre as pr\u00e1ticas recomendadas de gerenciamento de res\u00edduos. Essa combina\u00e7\u00e3o de tecnologia avan\u00e7ada e treinamento cont\u00ednuo cria um ambiente mais seguro e saud\u00e1vel para todos na instala\u00e7\u00e3o. <\/p><p>Descubra como a Steriale pode elevar os padr\u00f5es de biosseguran\u00e7a em sua institui\u00e7\u00e3o. Entre em contato conosco hoje mesmo para uma avalia\u00e7\u00e3o personalizada e saiba como nosso sistema pode proteger sua equipe e seus pacientes e, ao mesmo tempo, otimizar seus protocolos de gerenciamento de res\u00edduos. <\/p>\t\t\t\t\t\t\t\t<\/div>\n\t\t\t\t<\/div>\n\t\t\t\t<\/div>\n\t\t<div class=\"elementor-element elementor-element-b7b9dd0 e-con-full e-flex e-con e-child\" data-id=\"b7b9dd0\" data-element_type=\"container\" data-settings=\"{&quot;background_background&quot;:&quot;classic&quot;}\">\n\t\t<div class=\"elementor-element elementor-element-61b7f16 e-con-full e-flex e-con e-child\" data-id=\"61b7f16\" data-element_type=\"container\">\n\t\t\t\t<div class=\"elementor-element elementor-element-0c76d9b elementor-widget elementor-widget-image\" data-id=\"0c76d9b\" data-element_type=\"widget\" data-widget_type=\"image.default\">\n\t\t\t\t<div class=\"elementor-widget-container\">\n\t\t\t\t\t\t\t\t\t\t\t\t\t\t\t<img loading=\"lazy\" decoding=\"async\" width=\"340\" height=\"372\" src=\"https:\/\/steriale.com\/wp-content\/uploads\/2023\/06\/smart@0.25x.png\" class=\"attachment-full size-full wp-image-2859\" alt=\"\" srcset=\"https:\/\/steriale.com\/wp-content\/uploads\/2023\/06\/smart@0.25x.png 340w, https:\/\/steriale.com\/wp-content\/uploads\/2023\/06\/smart@0.25x-274x300.png 274w\" sizes=\"(max-width: 340px) 100vw, 340px\" \/>\t\t\t\t\t\t\t\t\t\t\t\t\t\t\t<\/div>\n\t\t\t\t<\/div>\n\t\t\t\t<div class=\"elementor-element elementor-element-3db198a elementor-widget elementor-widget-heading\" data-id=\"3db198a\" data-element_type=\"widget\" data-widget_type=\"heading.default\">\n\t\t\t\t<div class=\"elementor-widget-container\">\n\t\t\t\t\t<h2 class=\"elementor-heading-title elementor-size-default\">Rastreabilidade e gest\u00e3o\n<\/h2>\t\t\t\t<\/div>\n\t\t\t\t<\/div>\n\t\t\t\t<\/div>\n\t\t\t\t<div class=\"elementor-element elementor-element-729ccc8 elementor-widget elementor-widget-text-editor\" data-id=\"729ccc8\" data-element_type=\"widget\" data-widget_type=\"text-editor.default\">\n\t\t\t\t<div class=\"elementor-widget-container\">\n\t\t\t\t\t\t\t\t\t<h3><strong>Controle total e rastreabilidade em tempo real<\/strong><\/h3><p>O sistema Steriale traz o gerenciamento de res\u00edduos hospitalares para o s\u00e9culo XXI com sua tecnologia de ponta. Nossa plataforma inteligente oferece um controle sem precedentes sobre todo o processo de gerenciamento de res\u00edduos, desde a gera\u00e7\u00e3o at\u00e9 o descarte. Com o Steriale, voc\u00ea sabe exatamente onde est\u00e3o os contentores de res\u00edduos, quanto pesam, que tipo de res\u00edduos cont\u00eam e quando foram processados.  <\/p><p>Gra\u00e7as ao nosso sistema de c\u00f3digo QR e \u00e0 tecnologia GPRS integrada, cada contentor \u00e9 rastreado em tempo real. Isso n\u00e3o apenas melhora a efici\u00eancia operacional, mas tamb\u00e9m garante uma conformidade regulamentar impec\u00e1vel, fornecendo documenta\u00e7\u00e3o detalhada e audit\u00e1vel de cada etapa do processo de gerenciamento de res\u00edduos. <\/p><h3><strong>Otimiza\u00e7\u00e3o de processos e efici\u00eancia operacional<\/strong><\/h3><p>A intelig\u00eancia por tr\u00e1s do sistema Steriale vai al\u00e9m do simples rastreamento. Nosso software avan\u00e7ado analisa constantemente os dados coletados para identificar padr\u00f5es e oportunidades de melhoria.  Isso permite que as institui\u00e7\u00f5es de sa\u00fade otimizem suas rotas de coleta, programem com efici\u00eancia os ciclos de esteriliza\u00e7\u00e3o e gerenciem proativamente o estoque de consum\u00edveis.<\/p><p>Com alertas autom\u00e1ticos e pain\u00e9is de controle intuitivos, a equipe pode responder rapidamente a qualquer anomalia, evitando o ac\u00famulo de res\u00edduos e garantindo um fluxo de trabalho eficiente. Essa efici\u00eancia operacional n\u00e3o apenas economiza tempo e recursos, mas tamb\u00e9m contribui para um ambiente hospitalar mais seguro e organizado. <\/p><h3><strong>Relat\u00f3rios inteligentes e tomada de decis\u00e3o orientada por dados<\/strong><\/h3><p>O poder da intelig\u00eancia do Steriale se manifesta plenamente em sua capacidade de gerar relat\u00f3rios detalhados e an\u00e1lises aprofundadas. Nosso sistema oferece aos administradores hospitalares uma vis\u00e3o abrangente de suas opera\u00e7\u00f5es de gerenciamento de res\u00edduos, com m\u00e9tricas importantes, como volumes de res\u00edduos gerados por setor e efici\u00eancia de esteriliza\u00e7\u00e3o.<\/p><p>Esses relat\u00f3rios inteligentes n\u00e3o apenas facilitam a conformidade regulat\u00f3ria e a apresenta\u00e7\u00e3o de relat\u00f3rios \u00e0s autoridades, mas tamb\u00e9m fornecem informa\u00e7\u00f5es valiosas para a tomada de decis\u00f5es estrat\u00e9gicas. Com a Steriale, as institui\u00e7\u00f5es podem identificar \u00e1reas de melhoria, justificar investimentos em equipamentos ou pessoal e demonstrar seu compromisso com pr\u00e1ticas sustent\u00e1veis e seguras de gerenciamento de res\u00edduos. <\/p><p>Descubra como a intelig\u00eancia e o gerenciamento avan\u00e7ado da Steriale podem transformar suas opera\u00e7\u00f5es de gerenciamento de res\u00edduos hospitalares. Entre em contato conosco hoje mesmo para uma demonstra\u00e7\u00e3o personalizada e veja como podemos levar a sua institui\u00e7\u00e3o a um gerenciamento de res\u00edduos mais eficiente, seguro e sustent\u00e1vel. <\/p>\t\t\t\t\t\t\t\t<\/div>\n\t\t\t\t<\/div>\n\t\t\t\t<\/div>\n\t\t\t\t\t<\/div>\n\t\t\t\t<\/div>\n\t\t\t\t<\/div>\n\t\t","protected":false},"excerpt":{"rendered":"<p>Economia Redu\u00e7\u00e3o significativa nos custos operacionais Na Steriale, entendemos que o gerenciamento eficiente de res\u00edduos hospitalares n\u00e3o \u00e9 apenas uma necessidade da \u00e1rea de sa\u00fade, mas tamb\u00e9m um desafio econ\u00f4mico. Nosso sistema inovador permite que as institui\u00e7\u00f5es de sa\u00fade reduzam drasticamente seus custos operacionais associados ao descarte de res\u00edduos infecciosos, com uma economia de at\u00e9 [&hellip;]<\/p>\n","protected":false},"author":1,"featured_media":0,"parent":0,"menu_order":0,"comment_status":"closed","ping_status":"closed","template":"","meta":{"_acf_changed":false,"footnotes":""},"class_list":["post-4321","page","type-page","status-publish","hentry"],"acf":[],"aioseo_notices":[],"_links":{"self":[{"href":"https:\/\/steriale.com\/pt-br\/wp-json\/wp\/v2\/pages\/4321","targetHints":{"allow":["GET"]}}],"collection":[{"href":"https:\/\/steriale.com\/pt-br\/wp-json\/wp\/v2\/pages"}],"about":[{"href":"https:\/\/steriale.com\/pt-br\/wp-json\/wp\/v2\/types\/page"}],"author":[{"embeddable":true,"href":"https:\/\/steriale.com\/pt-br\/wp-json\/wp\/v2\/users\/1"}],"replies":[{"embeddable":true,"href":"https:\/\/steriale.com\/pt-br\/wp-json\/wp\/v2\/comments?post=4321"}],"version-history":[{"count":1,"href":"https:\/\/steriale.com\/pt-br\/wp-json\/wp\/v2\/pages\/4321\/revisions"}],"predecessor-version":[{"id":4322,"href":"https:\/\/steriale.com\/pt-br\/wp-json\/wp\/v2\/pages\/4321\/revisions\/4322"}],"wp:attachment":[{"href":"https:\/\/steriale.com\/pt-br\/wp-json\/wp\/v2\/media?parent=4321"}],"curies":[{"name":"wp","href":"https:\/\/api.w.org\/{rel}","templated":true}]}}