{"id":4312,"date":"2023-11-10T15:13:42","date_gmt":"2023-11-10T13:13:42","guid":{"rendered":"https:\/\/steriale.com\/ex-situ-vs-in-situ\/"},"modified":"2025-02-24T20:54:40","modified_gmt":"2025-02-24T18:54:40","slug":"ex-situ-vs-in-situ","status":"publish","type":"page","link":"https:\/\/steriale.com\/pt-br\/ex-situ-vs-in-situ\/","title":{"rendered":"Ex-situ vs. In-Situ"},"content":{"rendered":"\t\t<div data-elementor-type=\"wp-page\" data-elementor-id=\"4312\" class=\"elementor elementor-4312 elementor-1304\" data-elementor-post-type=\"page\">\n\t\t\t\t<div class=\"elementor-element elementor-element-1a3a426 e-flex e-con-boxed e-con e-parent\" data-id=\"1a3a426\" data-element_type=\"container\">\n\t\t\t\t\t<div class=\"e-con-inner\">\n\t\t\t\t<div class=\"elementor-element elementor-element-f653db1 elementor-widget elementor-widget-spacer\" data-id=\"f653db1\" data-element_type=\"widget\" data-widget_type=\"spacer.default\">\n\t\t\t\t<div class=\"elementor-widget-container\">\n\t\t\t\t\t\t\t<div class=\"elementor-spacer\">\n\t\t\t<div class=\"elementor-spacer-inner\"><\/div>\n\t\t<\/div>\n\t\t\t\t\t\t<\/div>\n\t\t\t\t<\/div>\n\t\t\t\t<div class=\"elementor-element elementor-element-1054162 elementor-widget elementor-widget-heading\" data-id=\"1054162\" data-element_type=\"widget\" data-widget_type=\"heading.default\">\n\t\t\t\t<div class=\"elementor-widget-container\">\n\t\t\t\t\t<h2 class=\"elementor-heading-title elementor-size-default\">Tratamento tradicional de res\u00edduos Ex-Situ <b>vs.<\/b> In-Situ com Steriale<\/h2>\t\t\t\t<\/div>\n\t\t\t\t<\/div>\n\t\t\t\t<div class=\"elementor-element elementor-element-b2f6527 elementor-widget elementor-widget-image\" data-id=\"b2f6527\" data-element_type=\"widget\" data-widget_type=\"image.default\">\n\t\t\t\t<div class=\"elementor-widget-container\">\n\t\t\t\t\t\t\t\t\t\t\t\t\t\t\t\t<a href=\"https:\/\/steriale.com\/wp-content\/uploads\/2025\/02\/fluxo-ptbr-1.webp\" data-elementor-open-lightbox=\"yes\" data-elementor-lightbox-title=\"fluxo-pt\" data-e-action-hash=\"#elementor-action%3Aaction%3Dlightbox%26settings%3DeyJpZCI6Mzk0OCwidXJsIjoiaHR0cHM6XC9cL3N0ZXJpYWxlLmNvbVwvd3AtY29udGVudFwvdXBsb2Fkc1wvMjAyNVwvMDJcL2ZsdXhvLXB0YnItMS53ZWJwIn0%3D\">\n\t\t\t\t\t\t\t<img fetchpriority=\"high\" decoding=\"async\" width=\"1200\" height=\"601\" src=\"https:\/\/steriale.com\/wp-content\/uploads\/2025\/02\/fluxo-ptbr-1.webp\" class=\"attachment-full size-full wp-image-3948\" alt=\"\" srcset=\"https:\/\/steriale.com\/wp-content\/uploads\/2025\/02\/fluxo-ptbr-1.webp 1200w, https:\/\/steriale.com\/wp-content\/uploads\/2025\/02\/fluxo-ptbr-1-300x150.webp 300w, https:\/\/steriale.com\/wp-content\/uploads\/2025\/02\/fluxo-ptbr-1-1024x513.webp 1024w, https:\/\/steriale.com\/wp-content\/uploads\/2025\/02\/fluxo-ptbr-1-768x385.webp 768w, https:\/\/steriale.com\/wp-content\/uploads\/2025\/02\/fluxo-ptbr-1-600x301.webp 600w\" sizes=\"(max-width: 1200px) 100vw, 1200px\" \/>\t\t\t\t\t\t\t\t<\/a>\n\t\t\t\t\t\t\t\t\t\t\t\t\t\t\t<\/div>\n\t\t\t\t<\/div>\n\t\t\t\t<div class=\"elementor-element elementor-element-5eec2d1 elementor-widget elementor-widget-spacer\" data-id=\"5eec2d1\" data-element_type=\"widget\" data-widget_type=\"spacer.default\">\n\t\t\t\t<div class=\"elementor-widget-container\">\n\t\t\t\t\t\t\t<div class=\"elementor-spacer\">\n\t\t\t<div class=\"elementor-spacer-inner\"><\/div>\n\t\t<\/div>\n\t\t\t\t\t\t<\/div>\n\t\t\t\t<\/div>\n\t\t\t\t\t<\/div>\n\t\t\t\t<\/div>\n\t\t<div class=\"elementor-element elementor-element-1a50e8c e-flex e-con-boxed e-con e-parent\" data-id=\"1a50e8c\" data-element_type=\"container\">\n\t\t\t\t\t<div class=\"e-con-inner\">\n\t\t\t\t<div class=\"elementor-element elementor-element-da57543 elementor-widget elementor-widget-heading\" data-id=\"da57543\" data-element_type=\"widget\" data-widget_type=\"heading.default\">\n\t\t\t\t<div class=\"elementor-widget-container\">\n\t\t\t\t\t<h2 class=\"elementor-heading-title elementor-size-default\">Preocupa\u00e7\u00f5es e preocupa\u00e7\u00f5es do setor de sa\u00fade relacionadas aos RSS<\/h2>\t\t\t\t<\/div>\n\t\t\t\t<\/div>\n\t\t\t\t<div class=\"elementor-element elementor-element-39f4b5c elementor-widget elementor-widget-text-editor\" data-id=\"39f4b5c\" data-element_type=\"widget\" data-widget_type=\"text-editor.default\">\n\t\t\t\t<div class=\"elementor-widget-container\">\n\t\t\t\t\t\t\t\t\t<p>No setor de sa\u00fade, o gerenciamento de res\u00edduos m\u00e9dicos perigosos usando m\u00e9todos tradicionais EX-SITU apresenta desafios significativos, incluindo altos custos operacionais, impactos ambientais negativos e riscos \u00e0 seguran\u00e7a. Esses m\u00e9todos exigem transporte e processamento fora do local em instala\u00e7\u00f5es especializadas, o que aumenta a pegada de carbono e os custos associados. <\/p>\t\t\t\t\t\t\t\t<\/div>\n\t\t\t\t<\/div>\n\t\t<div class=\"elementor-element elementor-element-0f23b34 e-con-full e-grid e-con e-child\" data-id=\"0f23b34\" data-element_type=\"container\">\n\t\t\t\t<div class=\"elementor-element elementor-element-2d22558 elementor-position-top elementor-widget elementor-widget-image-box\" data-id=\"2d22558\" data-element_type=\"widget\" data-widget_type=\"image-box.default\">\n\t\t\t\t<div class=\"elementor-widget-container\">\n\t\t\t\t\t<div class=\"elementor-image-box-wrapper\"><figure class=\"elementor-image-box-img\"><img decoding=\"async\" width=\"1024\" height=\"683\" src=\"https:\/\/steriale.com\/wp-content\/uploads\/2025\/02\/alto-custo.webp\" class=\"attachment-full size-full wp-image-3954\" alt=\"\" srcset=\"https:\/\/steriale.com\/wp-content\/uploads\/2025\/02\/alto-custo.webp 1024w, https:\/\/steriale.com\/wp-content\/uploads\/2025\/02\/alto-custo-300x200.webp 300w, https:\/\/steriale.com\/wp-content\/uploads\/2025\/02\/alto-custo-768x512.webp 768w, https:\/\/steriale.com\/wp-content\/uploads\/2025\/02\/alto-custo-600x400.webp 600w\" sizes=\"(max-width: 1024px) 100vw, 1024px\" \/><\/figure><div class=\"elementor-image-box-content\"><h3 class=\"elementor-image-box-title\">Alto custo<\/h3><p class=\"elementor-image-box-description\">O gerenciamento de res\u00edduos hospitalares em suas instala\u00e7\u00f5es provavelmente representa uma parte significativa de suas despesas operacionais. Os processos e equipamentos especializados necess\u00e1rios para lidar com esses res\u00edduos de forma segura n\u00e3o s\u00e3o apenas caros de implementar, mas tamb\u00e9m exigem manuten\u00e7\u00e3o cont\u00ednua e conformidade regulamentar, o que aumenta ainda mais os custos. <\/p><\/div><\/div>\t\t\t\t<\/div>\n\t\t\t\t<\/div>\n\t\t\t\t<div class=\"elementor-element elementor-element-7680edf elementor-position-top elementor-widget elementor-widget-image-box\" data-id=\"7680edf\" data-element_type=\"widget\" data-widget_type=\"image-box.default\">\n\t\t\t\t<div class=\"elementor-widget-container\">\n\t\t\t\t\t<div class=\"elementor-image-box-wrapper\"><figure class=\"elementor-image-box-img\"><img decoding=\"async\" width=\"1600\" height=\"1066\" src=\"https:\/\/steriale.com\/wp-content\/uploads\/2025\/02\/coleta-lixo-hospitalar.webp\" class=\"attachment-full size-full wp-image-3960\" alt=\"\" srcset=\"https:\/\/steriale.com\/wp-content\/uploads\/2025\/02\/coleta-lixo-hospitalar.webp 1600w, https:\/\/steriale.com\/wp-content\/uploads\/2025\/02\/coleta-lixo-hospitalar-300x200.webp 300w, https:\/\/steriale.com\/wp-content\/uploads\/2025\/02\/coleta-lixo-hospitalar-1024x682.webp 1024w, https:\/\/steriale.com\/wp-content\/uploads\/2025\/02\/coleta-lixo-hospitalar-768x512.webp 768w, https:\/\/steriale.com\/wp-content\/uploads\/2025\/02\/coleta-lixo-hospitalar-1536x1023.webp 1536w, https:\/\/steriale.com\/wp-content\/uploads\/2025\/02\/coleta-lixo-hospitalar-600x400.webp 600w\" sizes=\"(max-width: 1600px) 100vw, 1600px\" \/><\/figure><div class=\"elementor-image-box-content\"><h3 class=\"elementor-image-box-title\">Alto volume<\/h3><p class=\"elementor-image-box-description\">Dada a natureza do seu trabalho, suas instala\u00e7\u00f5es geram grandes quantidades de res\u00edduos diariamente. Esse grande volume exige solu\u00e7\u00f5es de armazenamento adequadas e pode sobrecarregar a capacidade dos sistemas de gerenciamento de res\u00edduos, afetando a operacionalidade e a seguran\u00e7a da sua instala\u00e7\u00e3o. <\/p><\/div><\/div>\t\t\t\t<\/div>\n\t\t\t\t<\/div>\n\t\t\t\t<div class=\"elementor-element elementor-element-36e3439 elementor-position-top elementor-widget elementor-widget-image-box\" data-id=\"36e3439\" data-element_type=\"widget\" data-widget_type=\"image-box.default\">\n\t\t\t\t<div class=\"elementor-widget-container\">\n\t\t\t\t\t<div class=\"elementor-image-box-wrapper\"><figure class=\"elementor-image-box-img\"><img loading=\"lazy\" decoding=\"async\" width=\"1920\" height=\"1280\" src=\"https:\/\/steriale.com\/wp-content\/uploads\/2025\/02\/Curso-MOPP-2.webp\" class=\"attachment-full size-full wp-image-3963\" alt=\"\" srcset=\"https:\/\/steriale.com\/wp-content\/uploads\/2025\/02\/Curso-MOPP-2.webp 1920w, https:\/\/steriale.com\/wp-content\/uploads\/2025\/02\/Curso-MOPP-2-300x200.webp 300w, https:\/\/steriale.com\/wp-content\/uploads\/2025\/02\/Curso-MOPP-2-1024x683.webp 1024w, https:\/\/steriale.com\/wp-content\/uploads\/2025\/02\/Curso-MOPP-2-768x512.webp 768w, https:\/\/steriale.com\/wp-content\/uploads\/2025\/02\/Curso-MOPP-2-1536x1024.webp 1536w, https:\/\/steriale.com\/wp-content\/uploads\/2025\/02\/Curso-MOPP-2-600x400.webp 600w\" sizes=\"(max-width: 1920px) 100vw, 1920px\" \/><\/figure><div class=\"elementor-image-box-content\"><h3 class=\"elementor-image-box-title\">Alta frequ\u00eancia de coleta<\/h3><p class=\"elementor-image-box-description\">A necessidade de coletar res\u00edduos com frequ\u00eancia n\u00e3o \u00e9 apenas um desafio log\u00edstico, mas tamb\u00e9m aumenta os custos operacionais. Essa alta frequ\u00eancia \u00e9 necess\u00e1ria para evitar riscos de contamina\u00e7\u00e3o, mas complica o gerenciamento di\u00e1rio e pode afetar a efici\u00eancia de suas opera\u00e7\u00f5es. <\/p><\/div><\/div>\t\t\t\t<\/div>\n\t\t\t\t<\/div>\n\t\t\t\t<div class=\"elementor-element elementor-element-f87a272 elementor-position-top elementor-widget elementor-widget-image-box\" data-id=\"f87a272\" data-element_type=\"widget\" data-widget_type=\"image-box.default\">\n\t\t\t\t<div class=\"elementor-widget-container\">\n\t\t\t\t\t<div class=\"elementor-image-box-wrapper\"><figure class=\"elementor-image-box-img\"><img loading=\"lazy\" decoding=\"async\" width=\"500\" height=\"312\" src=\"https:\/\/steriale.com\/wp-content\/uploads\/2025\/02\/baixa-biosseguranca-e1740371092168.webp\" class=\"attachment-full size-full wp-image-3957\" alt=\"\" \/><\/figure><div class=\"elementor-image-box-content\"><h3 class=\"elementor-image-box-title\">Baixa biosseguran\u00e7a<\/h3><p class=\"elementor-image-box-description\">Se as pr\u00e1ticas de gerenciamento de res\u00edduos n\u00e3o forem ideais, os riscos de biosseguran\u00e7a podem ser uma preocupa\u00e7\u00e3o constante. A exposi\u00e7\u00e3o a materiais infecciosos ou perigosos \u00e9 um risco s\u00e9rio para a sua equipe e para a comunidade, destacando a import\u00e2ncia de um gerenciamento de res\u00edduos hospitalares mais seguro e eficaz. <\/p><\/div><\/div>\t\t\t\t<\/div>\n\t\t\t\t<\/div>\n\t\t\t\t<div class=\"elementor-element elementor-element-a9589a4 elementor-position-top elementor-widget elementor-widget-image-box\" data-id=\"a9589a4\" data-element_type=\"widget\" data-widget_type=\"image-box.default\">\n\t\t\t\t<div class=\"elementor-widget-container\">\n\t\t\t\t\t<div class=\"elementor-image-box-wrapper\"><figure class=\"elementor-image-box-img\"><img loading=\"lazy\" decoding=\"async\" width=\"500\" height=\"298\" src=\"https:\/\/steriale.com\/wp-content\/uploads\/2025\/02\/impacto-ambiental-min-e1740371037191.jpg\" class=\"attachment-full size-full wp-image-3969\" alt=\"\" \/><\/figure><div class=\"elementor-image-box-content\"><h3 class=\"elementor-image-box-title\">Alto impacto ambiental<\/h3><p class=\"elementor-image-box-description\">Os m\u00e9todos tradicionais de tratamento de res\u00edduos, como a incinera\u00e7\u00e3o, podem ter graves consequ\u00eancias ambientais. Esses m\u00e9todos podem violar seus objetivos de sustentabilidade devido \u00e0s emiss\u00f5es nocivas e \u00e0 pegada de carbono que geram. <\/p><\/div><\/div>\t\t\t\t<\/div>\n\t\t\t\t<\/div>\n\t\t\t\t<div class=\"elementor-element elementor-element-29c709b elementor-position-top elementor-widget elementor-widget-image-box\" data-id=\"29c709b\" data-element_type=\"widget\" data-widget_type=\"image-box.default\">\n\t\t\t\t<div class=\"elementor-widget-container\">\n\t\t\t\t\t<div class=\"elementor-image-box-wrapper\"><figure class=\"elementor-image-box-img\"><img loading=\"lazy\" decoding=\"async\" width=\"1920\" height=\"1355\" src=\"https:\/\/steriale.com\/wp-content\/uploads\/2025\/02\/hands-writing-business-documents-desk-concept-min-e1740371061186.webp\" class=\"attachment-full size-full wp-image-3966\" alt=\"\" \/><\/figure><div class=\"elementor-image-box-content\"><h3 class=\"elementor-image-box-title\">Dif\u00edcil de gerenciar e monitorar<\/h3><p class=\"elementor-image-box-description\">O monitoramento eficiente dos res\u00edduos, desde a gera\u00e7\u00e3o at\u00e9 o descarte, \u00e9 fundamental para cumprir as normas e manter altos padr\u00f5es de seguran\u00e7a e rastreabilidade. No entanto, sem as ferramentas certas, esse processo pode ser complexo e propenso a erros, o que dificulta a garantia da conformidade e da efici\u00eancia. <\/p><\/div><\/div>\t\t\t\t<\/div>\n\t\t\t\t<\/div>\n\t\t\t\t<\/div>\n\t\t\t\t\t<\/div>\n\t\t\t\t<\/div>\n\t\t<div class=\"elementor-element elementor-element-7f9c52d e-flex e-con-boxed e-con e-parent\" data-id=\"7f9c52d\" data-element_type=\"container\">\n\t\t\t\t\t<div class=\"e-con-inner\">\n\t\t<div class=\"elementor-element elementor-element-5469372 e-con-full e-flex e-con e-child\" data-id=\"5469372\" data-element_type=\"container\">\n\t\t\t\t<div class=\"elementor-element elementor-element-6018349 elementor-widget elementor-widget-spacer\" data-id=\"6018349\" data-element_type=\"widget\" data-widget_type=\"spacer.default\">\n\t\t\t\t<div class=\"elementor-widget-container\">\n\t\t\t\t\t\t\t<div class=\"elementor-spacer\">\n\t\t\t<div class=\"elementor-spacer-inner\"><\/div>\n\t\t<\/div>\n\t\t\t\t\t\t<\/div>\n\t\t\t\t<\/div>\n\t\t\t\t<div class=\"elementor-element elementor-element-b74f6b0 elementor-widget elementor-widget-heading\" data-id=\"b74f6b0\" data-element_type=\"widget\" data-widget_type=\"heading.default\">\n\t\t\t\t<div class=\"elementor-widget-container\">\n\t\t\t\t\t<h2 class=\"elementor-heading-title elementor-size-default\">Como o sistema Steriale funciona?  <\/h2>\t\t\t\t<\/div>\n\t\t\t\t<\/div>\n\t\t\t\t<div class=\"elementor-element elementor-element-9998ea9 elementor-widget elementor-widget-text-editor\" data-id=\"9998ea9\" data-element_type=\"widget\" data-widget_type=\"text-editor.default\">\n\t\t\t\t<div class=\"elementor-widget-container\">\n\t\t\t\t\t\t\t\t\t<p>Nossa tecnologia transforma res\u00edduos infecciosos em res\u00edduos hospitalares comuns, oferecendo economias significativas, maior seguran\u00e7a, respeito ao meio ambiente e rastreabilidade avan\u00e7ada.<\/p>\t\t\t\t\t\t\t\t<\/div>\n\t\t\t\t<\/div>\n\t\t\t\t<div class=\"elementor-element elementor-element-2963c10 elementor-align-center elementor-widget elementor-widget-button\" data-id=\"2963c10\" data-element_type=\"widget\" data-widget_type=\"button.default\">\n\t\t\t\t<div class=\"elementor-widget-container\">\n\t\t\t\t\t\t\t\t\t<div class=\"elementor-button-wrapper\">\n\t\t\t\t\t<a class=\"elementor-button elementor-button-link elementor-size-sm\" href=\"#elementor-action%3Aaction%3Dpopup%3Aopen%26settings%3DeyJpZCI6MzIwMiwidG9nZ2xlIjpmYWxzZX0%3D\">\n\t\t\t\t\t\t<span class=\"elementor-button-content-wrapper\">\n\t\t\t\t\t\t<span class=\"elementor-button-icon\">\n\t\t\t\t<i aria-hidden=\"true\" class=\"fas fa-video\"><\/i>\t\t\t<\/span>\n\t\t\t\t\t\t\t\t\t<span class=\"elementor-button-text\">Assista ao v\u00eddeo<\/span>\n\t\t\t\t\t<\/span>\n\t\t\t\t\t<\/a>\n\t\t\t\t<\/div>\n\t\t\t\t\t\t\t\t<\/div>\n\t\t\t\t<\/div>\n\t\t\t\t<\/div>\n\t\t<div class=\"elementor-element elementor-element-2d4a920 e-con-full e-flex e-con e-child\" data-id=\"2d4a920\" data-element_type=\"container\">\n\t\t<div class=\"elementor-element elementor-element-d99d14d e-con-full e-flex e-con e-child\" data-id=\"d99d14d\" data-element_type=\"container\">\n\t\t<div class=\"elementor-element elementor-element-874a8ce e-con-full e-flex e-con e-child\" data-id=\"874a8ce\" data-element_type=\"container\" data-settings=\"{&quot;background_background&quot;:&quot;gradient&quot;,&quot;position&quot;:&quot;absolute&quot;}\">\n\t\t\t\t<div class=\"elementor-element elementor-element-fc7fbd4 elementor-widget elementor-widget-heading\" data-id=\"fc7fbd4\" data-element_type=\"widget\" data-widget_type=\"heading.default\">\n\t\t\t\t<div class=\"elementor-widget-container\">\n\t\t\t\t\t<span class=\"elementor-heading-title elementor-size-default\">1<\/span>\t\t\t\t<\/div>\n\t\t\t\t<\/div>\n\t\t\t\t<\/div>\n\t\t\t\t<div class=\"elementor-element elementor-element-7807800 elementor-widget elementor-widget-image\" data-id=\"7807800\" data-element_type=\"widget\" data-widget_type=\"image.default\">\n\t\t\t\t<div class=\"elementor-widget-container\">\n\t\t\t\t\t\t\t\t\t\t\t\t\t\t\t<img loading=\"lazy\" decoding=\"async\" width=\"600\" height=\"400\" src=\"https:\/\/steriale.com\/wp-content\/uploads\/2025\/02\/Steriale-Step-1.webp\" class=\"attachment-medium_large size-medium_large wp-image-3243\" alt=\"\" srcset=\"https:\/\/steriale.com\/wp-content\/uploads\/2025\/02\/Steriale-Step-1.webp 600w, https:\/\/steriale.com\/wp-content\/uploads\/2025\/02\/Steriale-Step-1-300x200.webp 300w\" sizes=\"(max-width: 600px) 100vw, 600px\" \/>\t\t\t\t\t\t\t\t\t\t\t\t\t\t\t<\/div>\n\t\t\t\t<\/div>\n\t\t\t\t<div class=\"elementor-element elementor-element-0c45d11 elementor-widget elementor-widget-text-editor\" data-id=\"0c45d11\" data-element_type=\"widget\" data-widget_type=\"text-editor.default\">\n\t\t\t\t<div class=\"elementor-widget-container\">\n\t\t\t\t\t\t\t\t\t<p>Coleta segura de res\u00edduos infectantes, com recipientes reutiliz\u00e1veis.<\/p>\t\t\t\t\t\t\t\t<\/div>\n\t\t\t\t<\/div>\n\t\t\t\t<\/div>\n\t\t<div class=\"elementor-element elementor-element-407efe6 e-con-full e-flex e-con e-child\" data-id=\"407efe6\" data-element_type=\"container\">\n\t\t<div class=\"elementor-element elementor-element-35c7b0f e-con-full e-flex e-con e-child\" data-id=\"35c7b0f\" data-element_type=\"container\" data-settings=\"{&quot;background_background&quot;:&quot;gradient&quot;,&quot;position&quot;:&quot;absolute&quot;}\">\n\t\t\t\t<div class=\"elementor-element elementor-element-7bc0fc1 elementor-widget elementor-widget-heading\" data-id=\"7bc0fc1\" data-element_type=\"widget\" data-widget_type=\"heading.default\">\n\t\t\t\t<div class=\"elementor-widget-container\">\n\t\t\t\t\t<span class=\"elementor-heading-title elementor-size-default\">2<\/span>\t\t\t\t<\/div>\n\t\t\t\t<\/div>\n\t\t\t\t<\/div>\n\t\t\t\t<div class=\"elementor-element elementor-element-d777793 elementor-widget elementor-widget-image\" data-id=\"d777793\" data-element_type=\"widget\" data-widget_type=\"image.default\">\n\t\t\t\t<div class=\"elementor-widget-container\">\n\t\t\t\t\t\t\t\t\t\t\t\t\t\t\t<img loading=\"lazy\" decoding=\"async\" width=\"600\" height=\"400\" src=\"https:\/\/steriale.com\/wp-content\/uploads\/2025\/02\/Steriale-Step-2.webp\" class=\"attachment-medium_large size-medium_large wp-image-3246\" alt=\"\" srcset=\"https:\/\/steriale.com\/wp-content\/uploads\/2025\/02\/Steriale-Step-2.webp 600w, https:\/\/steriale.com\/wp-content\/uploads\/2025\/02\/Steriale-Step-2-300x200.webp 300w\" sizes=\"(max-width: 600px) 100vw, 600px\" \/>\t\t\t\t\t\t\t\t\t\t\t\t\t\t\t<\/div>\n\t\t\t\t<\/div>\n\t\t\t\t<div class=\"elementor-element elementor-element-d068b6f elementor-widget elementor-widget-text-editor\" data-id=\"d068b6f\" data-element_type=\"widget\" data-widget_type=\"text-editor.default\">\n\t\t\t\t<div class=\"elementor-widget-container\">\n\t\t\t\t\t\t\t\t\t<p>Tratamento de res\u00edduos usando autoclaves Steriale, com rastreabilidade total por meio do software Steriale.<\/p>\t\t\t\t\t\t\t\t<\/div>\n\t\t\t\t<\/div>\n\t\t\t\t<\/div>\n\t\t<div class=\"elementor-element elementor-element-f81131f e-con-full e-flex e-con e-child\" data-id=\"f81131f\" data-element_type=\"container\">\n\t\t<div class=\"elementor-element elementor-element-0363ac5 e-con-full e-flex e-con e-child\" data-id=\"0363ac5\" data-element_type=\"container\" data-settings=\"{&quot;background_background&quot;:&quot;gradient&quot;,&quot;position&quot;:&quot;absolute&quot;}\">\n\t\t\t\t<div class=\"elementor-element elementor-element-680f132 elementor-widget elementor-widget-heading\" data-id=\"680f132\" data-element_type=\"widget\" data-widget_type=\"heading.default\">\n\t\t\t\t<div class=\"elementor-widget-container\">\n\t\t\t\t\t<span class=\"elementor-heading-title elementor-size-default\">3<\/span>\t\t\t\t<\/div>\n\t\t\t\t<\/div>\n\t\t\t\t<\/div>\n\t\t\t\t<div class=\"elementor-element elementor-element-9471d3f elementor-widget elementor-widget-image\" data-id=\"9471d3f\" data-element_type=\"widget\" data-widget_type=\"image.default\">\n\t\t\t\t<div class=\"elementor-widget-container\">\n\t\t\t\t\t\t\t\t\t\t\t\t\t\t\t<img loading=\"lazy\" decoding=\"async\" width=\"600\" height=\"400\" src=\"https:\/\/steriale.com\/wp-content\/uploads\/2025\/02\/Steriale-Step-3.webp\" class=\"attachment-medium_large size-medium_large wp-image-3249\" alt=\"\" srcset=\"https:\/\/steriale.com\/wp-content\/uploads\/2025\/02\/Steriale-Step-3.webp 600w, https:\/\/steriale.com\/wp-content\/uploads\/2025\/02\/Steriale-Step-3-300x200.webp 300w\" sizes=\"(max-width: 600px) 100vw, 600px\" \/>\t\t\t\t\t\t\t\t\t\t\t\t\t\t\t<\/div>\n\t\t\t\t<\/div>\n\t\t\t\t<div class=\"elementor-element elementor-element-f8709e0 elementor-widget elementor-widget-text-editor\" data-id=\"f8709e0\" data-element_type=\"widget\" data-widget_type=\"text-editor.default\">\n\t\t\t\t<div class=\"elementor-widget-container\">\n\t\t\t\t\t\t\t\t\t<p>Ap\u00f3s a esteriliza\u00e7\u00e3o, os res\u00edduos s\u00e3o compactados e preparados para serem descartados como lixo urbano.<\/p>\t\t\t\t\t\t\t\t<\/div>\n\t\t\t\t<\/div>\n\t\t\t\t<\/div>\n\t\t\t\t<\/div>\n\t\t\t\t\t<\/div>\n\t\t\t\t<\/div>\n\t\t<div class=\"elementor-element elementor-element-1167848 e-flex e-con-boxed e-con e-parent\" data-id=\"1167848\" data-element_type=\"container\">\n\t\t\t\t\t<div class=\"e-con-inner\">\n\t\t\t\t<div class=\"elementor-element elementor-element-066156b elementor-align-center elementor-widget elementor-widget-button\" data-id=\"066156b\" data-element_type=\"widget\" data-widget_type=\"button.default\">\n\t\t\t\t<div class=\"elementor-widget-container\">\n\t\t\t\t\t\t\t\t\t<div class=\"elementor-button-wrapper\">\n\t\t\t\t\t<a class=\"elementor-button elementor-button-link elementor-size-sm\" href=\"https:\/\/steriale.com\/pt-br\/produtos\/\">\n\t\t\t\t\t\t<span class=\"elementor-button-content-wrapper\">\n\t\t\t\t\t\t<span class=\"elementor-button-icon\">\n\t\t\t\t<i aria-hidden=\"true\" class=\"fas fa-chevron-right\"><\/i>\t\t\t<\/span>\n\t\t\t\t\t\t\t\t\t<span class=\"elementor-button-text\">Produtos Steriale<\/span>\n\t\t\t\t\t<\/span>\n\t\t\t\t\t<\/a>\n\t\t\t\t<\/div>\n\t\t\t\t\t\t\t\t<\/div>\n\t\t\t\t<\/div>\n\t\t\t\t\t<\/div>\n\t\t\t\t<\/div>\n\t\t\t\t<\/div>\n\t\t","protected":false},"excerpt":{"rendered":"<p>Tratamento tradicional de res\u00edduos Ex-Situ vs. In-Situ com Steriale Preocupa\u00e7\u00f5es e preocupa\u00e7\u00f5es do setor de sa\u00fade relacionadas aos RSS No setor de sa\u00fade, o gerenciamento de res\u00edduos m\u00e9dicos perigosos usando m\u00e9todos tradicionais EX-SITU apresenta desafios significativos, incluindo altos custos operacionais, impactos ambientais negativos e riscos \u00e0 seguran\u00e7a. Esses m\u00e9todos exigem transporte e processamento fora do [&hellip;]<\/p>\n","protected":false},"author":1,"featured_media":0,"parent":0,"menu_order":0,"comment_status":"closed","ping_status":"closed","template":"","meta":{"_acf_changed":false,"footnotes":""},"class_list":["post-4312","page","type-page","status-publish","hentry"],"acf":[],"aioseo_notices":[],"_links":{"self":[{"href":"https:\/\/steriale.com\/pt-br\/wp-json\/wp\/v2\/pages\/4312","targetHints":{"allow":["GET"]}}],"collection":[{"href":"https:\/\/steriale.com\/pt-br\/wp-json\/wp\/v2\/pages"}],"about":[{"href":"https:\/\/steriale.com\/pt-br\/wp-json\/wp\/v2\/types\/page"}],"author":[{"embeddable":true,"href":"https:\/\/steriale.com\/pt-br\/wp-json\/wp\/v2\/users\/1"}],"replies":[{"embeddable":true,"href":"https:\/\/steriale.com\/pt-br\/wp-json\/wp\/v2\/comments?post=4312"}],"version-history":[{"count":1,"href":"https:\/\/steriale.com\/pt-br\/wp-json\/wp\/v2\/pages\/4312\/revisions"}],"predecessor-version":[{"id":4313,"href":"https:\/\/steriale.com\/pt-br\/wp-json\/wp\/v2\/pages\/4312\/revisions\/4313"}],"wp:attachment":[{"href":"https:\/\/steriale.com\/pt-br\/wp-json\/wp\/v2\/media?parent=4312"}],"curies":[{"name":"wp","href":"https:\/\/api.w.org\/{rel}","templated":true}]}}